{"id":2076,"date":"2025-05-01T16:36:00","date_gmt":"2025-05-01T14:36:00","guid":{"rendered":"https:\/\/www.funkenflug.app\/blog\/?page_id=2076"},"modified":"2026-03-17T11:32:42","modified_gmt":"2026-03-17T10:32:42","slug":"maerz2026","status":"publish","type":"page","link":"https:\/\/www.funkenflug.app\/blog\/maerz2026\/","title":{"rendered":"Ostergeschenk f\u00fcr Dich: 25% Rabatt auf alle Laufzeiten!"},"content":{"rendered":"\n<p>Ist auf Deinen Osterhasen auch schon lange kein Verlass mehr? Dann haben wir von Funkenflug etwas f\u00fcr Dich:<\/p>\n\n\n\n<p><strong>Wir schenken Dir 25 Prozent<\/strong> auf alle Premiumlaufzeiten, damit kannst Du <strong>schon ab 7,45 Euro im Monat<\/strong> alle Vorteile genie\u00dfen.<\/p>\n\n\n\n<p>Nutze die Zeit f\u00fcr Deine Suche nach dem Gl\u00fcck, denn viele Singles sind jetzt bereit f\u00fcr neue Begegnungen. Sei auch Du dabei:<\/p>\n\n\n\n<div class=\"wp-block-buttons is-content-justification-center is-layout-flex wp-container-core-buttons-is-layout-16018d1d wp-block-buttons-is-layout-flex\">\n<div class=\"wp-block-button is-style-fill\"><a class=\"wp-block-button__link has-background has-text-align-center wp-element-button\" href=\"https:\/\/www.funkenflug.app\/l\/maerz2026\" style=\"background-color:#f7a910\" target=\"_blank\" rel=\"noreferrer noopener\"><strong>Jetzt Geschenk einl\u00f6sen<\/strong><\/a><\/div>\n<\/div>\n\n\n\n<p><\/p>\n\n\n\n<h3 class=\"gb-headline gb-headline-aad36989 gb-headline-text\">Warum Premium werden?<\/h3>\n\n\n\n<p>Ganz einfach: Weil Premiummitglieder schneller neue Leute kennenlernen, mehr Spa\u00df haben und sich somit auch schneller verlieben. Mit unserem exklusiven Angebot kannst Du jetzt schon ab 7,45 Euro im Monat alle Premiumvorteile in vollem Umfang nutzen &#8211; wie zum Beispiel:<\/p>\n\n\n\n<p>\u2728 Nachrichten schreiben &#8211; ohne Limit<br>\u2728 Erfahren, wer Dein Profil besucht hat<br>\u2728 Alle Profilfotos sehen<br>\u2728 Als Erstes zu Events anmelden<br>\u2728 Unbegrenzt Events organisieren<br>\u2728 Anonym Profile besuchen<br>\u2728 Und vieles mehr!<\/p>\n\n\n\n<p><strong>Achtung:<\/strong> Das Angebot kannst Du nur direkt \u00fcber den gelben Button in diesem Beitrag buchen, nicht \u00fcber unsere App! Es gilt noch bis Ostermontag, 06. April 2026.<\/p>\n\n\n\n<p>Wir w\u00fcnschen Dir wundervolle Begegnungen und spannende Kontakte mit Funkenflug!<\/p>\n","protected":false},"excerpt":{"rendered":"<p>Ist auf Deinen Osterhasen auch schon lange kein Verlass mehr? Dann haben wir von Funkenflug etwas f\u00fcr Dich: Wir schenken Dir 25 Prozent auf alle Premiumlaufzeiten, damit kannst Du schon ab 7,45 Euro im Monat alle Vorteile genie\u00dfen. Nutze die Zeit f\u00fcr Deine Suche nach dem Gl\u00fcck, denn viele Singles sind jetzt bereit f\u00fcr neue &#8230; <a title=\"Ostergeschenk f\u00fcr Dich: 25% Rabatt auf alle Laufzeiten!\" class=\"read-more\" href=\"https:\/\/www.funkenflug.app\/blog\/maerz2026\/\" aria-label=\"Mehr Informationen \u00fcber Ostergeschenk f\u00fcr Dich: 25% Rabatt auf alle Laufzeiten!\">Weiterlesen<\/a><\/p>\n","protected":false},"author":5,"featured_media":2203,"parent":0,"menu_order":0,"comment_status":"closed","ping_status":"closed","template":"","meta":{"_acf_changed":false,"footnotes":""},"class_list":["post-2076","page","type-page","status-publish","has-post-thumbnail"],"acf":[],"_links":{"self":[{"href":"https:\/\/www.funkenflug.app\/blog\/wp-json\/wp\/v2\/pages\/2076","targetHints":{"allow":["GET"]}}],"collection":[{"href":"https:\/\/www.funkenflug.app\/blog\/wp-json\/wp\/v2\/pages"}],"about":[{"href":"https:\/\/www.funkenflug.app\/blog\/wp-json\/wp\/v2\/types\/page"}],"author":[{"embeddable":true,"href":"https:\/\/www.funkenflug.app\/blog\/wp-json\/wp\/v2\/users\/5"}],"replies":[{"embeddable":true,"href":"https:\/\/www.funkenflug.app\/blog\/wp-json\/wp\/v2\/comments?post=2076"}],"version-history":[{"count":8,"href":"https:\/\/www.funkenflug.app\/blog\/wp-json\/wp\/v2\/pages\/2076\/revisions"}],"predecessor-version":[{"id":3904,"href":"https:\/\/www.funkenflug.app\/blog\/wp-json\/wp\/v2\/pages\/2076\/revisions\/3904"}],"wp:featuredmedia":[{"embeddable":true,"href":"https:\/\/www.funkenflug.app\/blog\/wp-json\/wp\/v2\/media\/2203"}],"wp:attachment":[{"href":"https:\/\/www.funkenflug.app\/blog\/wp-json\/wp\/v2\/media?parent=2076"}],"curies":[{"name":"wp","href":"https:\/\/api.w.org\/{rel}","templated":true}]}}