{"id":2201,"date":"2025-04-09T18:00:00","date_gmt":"2025-04-09T16:00:00","guid":{"rendered":"https:\/\/www.funkenflug.app\/blog\/?page_id=2201"},"modified":"2026-01-15T11:31:14","modified_gmt":"2026-01-15T10:31:14","slug":"januar2026","status":"publish","type":"page","link":"https:\/\/www.funkenflug.app\/blog\/januar2026\/","title":{"rendered":"Unser Angebot machts m\u00f6glich: Gute Vors\u00e4tze umsetzen und 33% sparen!"},"content":{"rendered":"\n<p><\/p>\n\n\n\n<p>Hast Du Dir f\u00fcr das neue Jahr auch ganz fest vorgenommen, endlich den Menschen zu finden, der wirklich zu Dir passt? Dabei m\u00f6chten wir Dich unterst\u00fctzen:<\/p>\n\n\n\n<p>Damit Du genau dem Menschen begegnen kannst, der wirklich zu Dir passt, schenken wir Dir bis zu <strong>33 % auf alle Laufzeiten.<\/strong><\/p>\n\n\n\n<p>Werde schon ab <strong>6,60 \u20ac im Monat<\/strong> Premium, unser Top-Angebot f\u00fcr alle, die echte Begegnungen suchen.<\/p>\n\n\n\n<div class=\"wp-block-buttons is-content-justification-center is-layout-flex wp-container-core-buttons-is-layout-16018d1d wp-block-buttons-is-layout-flex\">\n<div class=\"wp-block-button is-style-fill\"><a class=\"wp-block-button__link has-background has-text-align-center wp-element-button\" href=\"https:\/\/www.funkenflug.app\/l\/januar2026\" style=\"background-color:#f7a910\" target=\"_blank\" rel=\"noreferrer noopener\"><strong><strong>Jetzt Premium holen &amp; sparen! \ud83d\ude80<\/strong><\/strong><\/a><\/div>\n<\/div>\n\n\n\n<p><\/p>\n\n\n\n<p><strong>Deine Premiumvorteile im \u00dcberblick:<\/strong><\/p>\n\n\n\n<ul class=\"wp-block-list\">\n<li>Nachrichten schreiben<\/li>\n\n\n\n<li>Alle Profilfotos sehen<\/li>\n\n\n\n<li>Profilbesucher entdecken<\/li>\n\n\n\n<li>Bevorzugte Event-Anmeldung<\/li>\n\n\n\n<li>Unbegrenzt Events organisieren<\/li>\n\n\n\n<li>Anonym Profile besuchen<\/li>\n<\/ul>\n\n\n\n<p><strong>Dieses Angebot ist kein Abo, deshalb musst Du auch nichts k\u00fcndigen!<\/strong> Du zahlst nur einmalig via PayPal, Lastschrift oder mittels einer anderen von Dir gew\u00e4hlten Zahlungsart.<\/p>\n\n\n\n<p><strong>Achtung:<\/strong> Das Angebot kannst Du nur direkt \u00fcber den gelben Button in diesem Beitrag buchen, nicht \u00fcber unsere App! Es gilt noch bis Sonntag, 1. Februar 2026.<\/p>\n\n\n\n<p>Wir w\u00fcnschen Dir viel Freude und dr\u00fccken Dir die Daumen, dass Du Deine guten Vors\u00e4tze in die Tat umsetzen kannst!<\/p>\n\n\n\n<p><\/p>\n","protected":false},"excerpt":{"rendered":"<p>Hast Du Dir f\u00fcr das neue Jahr auch ganz fest vorgenommen, endlich den Menschen zu finden, der wirklich zu Dir passt? Dabei m\u00f6chten wir Dich unterst\u00fctzen: Damit Du genau dem Menschen begegnen kannst, der wirklich zu Dir passt, schenken wir Dir bis zu 33 % auf alle Laufzeiten. Werde schon ab 6,60 \u20ac im Monat &#8230; <a title=\"Unser Angebot machts m\u00f6glich: Gute Vors\u00e4tze umsetzen und 33% sparen!\" class=\"read-more\" href=\"https:\/\/www.funkenflug.app\/blog\/januar2026\/\" aria-label=\"Mehr Informationen \u00fcber Unser Angebot machts m\u00f6glich: Gute Vors\u00e4tze umsetzen und 33% sparen!\">Weiterlesen<\/a><\/p>\n","protected":false},"author":4,"featured_media":3742,"parent":0,"menu_order":0,"comment_status":"closed","ping_status":"closed","template":"","meta":{"_acf_changed":false,"footnotes":""},"class_list":["post-2201","page","type-page","status-publish","has-post-thumbnail"],"acf":[],"_links":{"self":[{"href":"https:\/\/www.funkenflug.app\/blog\/wp-json\/wp\/v2\/pages\/2201","targetHints":{"allow":["GET"]}}],"collection":[{"href":"https:\/\/www.funkenflug.app\/blog\/wp-json\/wp\/v2\/pages"}],"about":[{"href":"https:\/\/www.funkenflug.app\/blog\/wp-json\/wp\/v2\/types\/page"}],"author":[{"embeddable":true,"href":"https:\/\/www.funkenflug.app\/blog\/wp-json\/wp\/v2\/users\/4"}],"replies":[{"embeddable":true,"href":"https:\/\/www.funkenflug.app\/blog\/wp-json\/wp\/v2\/comments?post=2201"}],"version-history":[{"count":8,"href":"https:\/\/www.funkenflug.app\/blog\/wp-json\/wp\/v2\/pages\/2201\/revisions"}],"predecessor-version":[{"id":3744,"href":"https:\/\/www.funkenflug.app\/blog\/wp-json\/wp\/v2\/pages\/2201\/revisions\/3744"}],"wp:featuredmedia":[{"embeddable":true,"href":"https:\/\/www.funkenflug.app\/blog\/wp-json\/wp\/v2\/media\/3742"}],"wp:attachment":[{"href":"https:\/\/www.funkenflug.app\/blog\/wp-json\/wp\/v2\/media?parent=2201"}],"curies":[{"name":"wp","href":"https:\/\/api.w.org\/{rel}","templated":true}]}}