{"id":2705,"date":"2025-07-09T17:27:49","date_gmt":"2025-07-09T15:27:49","guid":{"rendered":"https:\/\/www.funkenflug.app\/blog\/?page_id=2705"},"modified":"2026-02-25T12:11:43","modified_gmt":"2026-02-25T11:11:43","slug":"kosten","status":"publish","type":"page","link":"https:\/\/www.funkenflug.app\/blog\/kosten\/","title":{"rendered":"Funkenflug: Kosten, Pakete &amp; Leistungen"},"content":{"rendered":"\n<p>Bei Funkenflug kannst du kostenlos loslegen, Events erstellen, Nachrichten lesen und neue Menschen treffen. Wer mehr m\u00f6chte, kann Premium-Funktionen freischalten \u2013 ganz ohne Abo-Falle am Desktop und mit flexiblen Optionen in der App. <\/p>\n\n\n\n<p>Hier findest du alle Infos zu den Kosten, Leistungen und Unterschieden zwischen der kostenlosen und der Premium-Version.<\/p>\n\n\n\n<h3 class=\"wp-block-heading\"><span class=\"ez-toc-section\" id=\"%f0%9f%92%a1_das_wichtigste_vorweg\"><\/span>\ud83d\udca1 Das Wichtigste vorweg<span class=\"ez-toc-section-end\"><\/span><\/h3>\n\n\n\n<ul class=\"wp-block-list\">\n<li>Die Anmeldung ist<strong> kostenlos.<\/strong><\/li>\n\n\n\n<li>Du kannst dich <strong>kostenfrei zu Events verabreden<\/strong> und Nachrichten<strong> lesen<\/strong>.<\/li>\n\n\n\n<li>Wer mehr will, wird <strong>Premium<\/strong> \u2013 flexibel und fair. <\/li>\n<\/ul>\n\n\n\n<hr class=\"wp-block-separator has-text-color has-base-color has-alpha-channel-opacity has-base-background-color has-background\"\/>\n\n\n\n<h3 class=\"wp-block-heading\"><span class=\"ez-toc-section\" id=\"kostenlos_oder_premium_der_ueberblick\"><\/span>Kostenlos oder Premium? Der \u00dcberblick:<span class=\"ez-toc-section-end\"><\/span><\/h3>\n\n\n\n<figure class=\"wp-block-table is-style-regular\"><table><tbody><tr><td><strong>Funktion<\/strong><\/td><td><strong>Kostenlos<\/strong><\/td><td><strong>Premium<\/strong><\/td><\/tr><tr><td>Profil erstellen<\/td><td>\u2705<\/td><td>\u2705<\/td><\/tr><tr><td>Nachrichten lesen<\/td><td>\u2705<\/td><td>\u2705<\/td><\/tr><tr><td>Nachrichten schreiben<\/td><td>\ud83d\udd12<\/td><td>\u2705<\/td><\/tr><tr><td>Erweiterte Suchfilter<\/td><td>\u2705<\/td><td>\u2705<\/td><\/tr><tr><td>Smiles &amp; Matches sehen<\/td><td>\u2705<\/td><td>\u2705<\/td><\/tr><tr><td>Wer hat dein Profil besucht?<\/td><td>\ud83d\udd12<\/td><td>\u2705<\/td><\/tr><tr><td>Alle Profilfotos sehen<\/td><td>\ud83d\udd12<\/td><td>\u2705<\/td><\/tr><tr><td>Events teilnehmen<\/td><td>\u2705 <em>(max. 5 Events parallel)<\/em><\/td><td>\u2705 <em>(ohne Limit)<\/em><\/td><\/tr><tr><td>Events erstellen<\/td><td>\u2705 <em>(max. 10 Events parallel)<\/em><\/td><td>\u2705 <em>(ohne Limit)<\/em><\/td><\/tr><tr><td>In Gruppen mitreden<\/td><td>\u2705<\/td><td>\u2705<\/td><\/tr><tr><td>Gruppe erstellen<\/td><td>\ud83d\udd12<\/td><td>\u2705<\/td><\/tr><\/tbody><\/table><\/figure>\n\n\n\n<pre class=\"wp-block-preformatted\"><strong>\ud83c\udf81 Nutze die kostenlose Premium-Testwoche<\/strong><br><br>Unsicher, ob Premium zu dir passt? Mit deiner ersten Buchung in der App bekommst du automatisch 1 Woche kostenlosen Zugang zu allen Premiumfunktionen. Es wird nichts abgebucht \u2013 erst nach deiner Testwoche, wenn du zufrieden warst und weiterhin Premium bleiben willst. Ganz ohne Risiko. Einfach in der App buchen und losflirten!<\/pre>\n\n\n\n<hr class=\"wp-block-separator has-text-color has-base-color has-alpha-channel-opacity has-base-background-color has-background\"\/>\n\n\n\n<h3 class=\"wp-block-heading\"><span class=\"ez-toc-section\" id=\"was_kostet_premium\"><\/span>Was kostet Premium?<span class=\"ez-toc-section-end\"><\/span><\/h3>\n\n\n\n<p>So viel wie ein netter Abend \u2013 aber mit mehr Potenzial f\u00fcr echte Funken \u2728<\/p>\n\n\n\n<p>Du kannst Funkenflug Premium auf zwei verschiedene Arten buchen: <\/p>\n\n\n\n<ul class=\"wp-block-list\">\n<li><strong>Am Desktop<\/strong>: Einmal zahlen, <strong>keine<\/strong> automatische Verl\u00e4ngerung. Ideal, wenn du alles auf einen Schlag erledigen willst.<\/li>\n<\/ul>\n\n\n\n<p><\/p>\n\n\n\n<ul class=\"wp-block-list\">\n<li><strong>In der iOS  oder Android App<\/strong>: Klassische Abopakete \u2013 <strong>mit<\/strong> automatischer Verl\u00e4ngerung. Du buchst einmal und genie\u00dft Premium, ohne dich weiter darum k\u00fcmmern zu m\u00fcssen.<\/li>\n<\/ul>\n\n\n\n<figure class=\"wp-block-table\"><table class=\"has-fixed-layout\"><tbody><tr><td class=\"has-text-align-center\" data-align=\"center\"><strong>Laufzeit<\/strong><\/td><td class=\"has-text-align-center\" data-align=\"center\"><strong>Web<\/strong> <\/td><td class=\"has-text-align-center\" data-align=\"center\"><strong>App<\/strong><\/td><\/tr><tr><td class=\"has-text-align-center\" data-align=\"center\">1 Monat<\/td><td class=\"has-text-align-center\" data-align=\"center\">&#8211; <\/td><td class=\"has-text-align-center\" data-align=\"center\">24,99 \u20ac<\/td><\/tr><tr><td class=\"has-text-align-center\" data-align=\"center\">3 Monate<\/td><td class=\"has-text-align-center\" data-align=\"center\">23,00 \u20ac<\/td><td class=\"has-text-align-center\" data-align=\"center\">&#8211; <\/td><\/tr><tr><td class=\"has-text-align-center\" data-align=\"center\">6 Monate<\/td><td class=\"has-text-align-center\" data-align=\"center\">14,84 \u20ac<\/td><td class=\"has-text-align-center\" data-align=\"center\">14,84 \u20ac<\/td><\/tr><tr><td class=\"has-text-align-center\" data-align=\"center\">12 Monate<\/td><td class=\"has-text-align-center\" data-align=\"center\">9,92 \u20ac<\/td><td class=\"has-text-align-center\" data-align=\"center\">9,92 \u20ac<\/td><\/tr><\/tbody><\/table><\/figure>\n\n\n\n<p>\ud83d\udca1 <strong>Geheimtipp unter Sparf\u00fcchsen<\/strong><br>Man munkelt, dass der gro\u00dfe Bildschirm (aka Desktop) nicht nur besseren \u00dcberblick bietet \u2013 sondern manchmal auch die besseren Preise. Einfach mal ausprobieren \ud83d\ude09<\/p>\n\n\n\n<div class=\"wp-block-buttons is-content-justification-center is-layout-flex wp-container-core-buttons-is-layout-16018d1d wp-block-buttons-is-layout-flex\">\n<div class=\"wp-block-button\"><a class=\"wp-block-button__link has-background has-text-align-center wp-element-button\" href=\"https:\/\/www.funkenflug.app\/web\/premium\" style=\"background-color:#f7a910\" target=\"_blank\" rel=\"noreferrer noopener\"><strong>Zu den Rundum-Sorglos-Paketen<\/strong><\/a><\/div>\n<\/div>\n\n\n\n<p><\/p>\n\n\n\n<p><strong>Du zahlst lieber monatlich?<\/strong> Dann ist unser 1-Monats-Schnupper-Paket, das in der App auf dich wartet, genau das Richtige f\u00fcr dich! <\/p>\n\n\n\n<ul class=\"wp-block-list\">\n<li>Die Mitgliedschaft <strong>verl\u00e4ngert sich automatisch<\/strong>, bis du k\u00fcndigst.<\/li>\n\n\n\n<li>K\u00fcndigung jederzeit zum Laufzeitende in der <strong>Aboverwaltung deines Ger\u00e4ts<\/strong>. Nach der Grundlaufzeit (z.B. 6 Monate) kann immer mit Monatsfrist&nbsp; gek\u00fcndigt werden.<\/li>\n<\/ul>\n\n\n\n<p>Und: Bei deiner ersten Buchung in der App bekommst du sogar eine <strong>kostenlose Testwoche<\/strong> \u2013 ganz ohne Risiko.<\/p>\n\n\n\n<hr class=\"wp-block-separator has-text-color has-base-color has-alpha-channel-opacity has-base-background-color has-background\"\/>\n\n\n\n<h3 class=\"wp-block-heading\"><span class=\"ez-toc-section\" id=\"warum_kostet_das_ueberhaupt_was\"><\/span>Warum kostet das \u00fcberhaupt was?<span class=\"ez-toc-section-end\"><\/span><\/h3>\n\n\n\n<p>Weil wir dir <strong>einen fairen, sicheren und echten Service<\/strong> bieten wollen:<\/p>\n\n\n\n<ul class=\"wp-block-list\">\n<li>Keine Werbung<\/li>\n\n\n\n<li>Kein Datenverkauf<\/li>\n\n\n\n<li>Kein Algorithmus-Wahnsinn<\/li>\n<\/ul>\n\n\n\n<p>Daf\u00fcr bekommst du <strong>echte Events, echte Begegnungen und ein echtes Team<\/strong>, das mit Herz dabei ist. Dein Beitrag hilft, dass die Funken weiter fliegen k\u00f6nnen.<\/p>\n\n\n\n<p>Und ganz ehrlich: Was sind ein paar Euro im Monat, wenn vielleicht die Liebe deines Lebens wartet?<\/p>\n\n\n\n<hr class=\"wp-block-separator has-text-color has-base-color has-alpha-channel-opacity has-base-background-color has-background\"\/>\n\n\n\n<p>Was hinter kostenlosen Dating-Apps steckt und wie du faire Modelle erkennst, erkl\u00e4ren wir ausf\u00fchrlich in unserem <a href=\"https:\/\/www.funkenflug.app\/blog\/kostenlose-dating-app\/\" target=\"_blank\" data-type=\"link\" data-id=\"https:\/\/www.funkenflug.app\/blog\/kostenlose-dating-app\/\" rel=\"noreferrer noopener\">Ratgeber zu kostenlosen Dating-Apps<\/a>.<\/p>\n\n\n\n<hr class=\"wp-block-separator has-text-color has-base-color has-alpha-channel-opacity has-base-background-color has-background\"\/>\n\n\n\n<h3 class=\"gb-headline gb-headline-7a9e8bf4 gb-headline-text\"><span class=\"ez-toc-section\" id=\"haeufige_fragen\"><\/span>H\u00e4ufige Fragen<span class=\"ez-toc-section-end\"><\/span><\/h3>\n\n\n\n<p>Hier findest du Antworten auf die h\u00e4ufigsten Fragen rund um Bezahlm\u00f6glichkeiten, Testversion und K\u00fcndigung der Mitgliedschaft bei Funkenflug.<\/p>\n\n\n\n<details class=\"wp-block-details is-layout-flow wp-block-details-is-layout-flow\"><summary>Welche Bezahlm\u00f6glichkeiten habe ich?<\/summary>\n<p><strong>App: <\/strong>Wenn du eine Premiummitgliedschaft \u00fcber die App buchen m\u00f6chtest, ist das nur \u00fcber den App oder Play Store m\u00f6glich. Bitte beachte, dass&nbsp;alle Premiummitgliedschaften, die \u00fcber die App abgeschlossen werden, Abos sind.<\/p>\n\n\n\n<p><strong>Desktop: <\/strong>In unserer Desktopversion kannst du ausschlie\u00dflich Premiummitgliedschaft ohne Abo buchen. Du kannst diese einfach, schnell und sicher mit&nbsp;<strong>PayPal<\/strong>&nbsp;oder&nbsp;<strong>Kreditkarte<\/strong>&nbsp;bezahlen. Bei der Abwicklung \u00fcber PayPal kannst du entweder \u00fcber dein eigenes PayPal-Konto mit Lastschrift oder auch mit Kreditkarte zahlen. Nat\u00fcrlich ist auch eine \u00dcberweisung via&nbsp;<strong>Lastschrift<\/strong>&nbsp;m\u00f6glich. Dein Profil wird sofort f\u00fcr alle Premiumfunktionen frei geschaltet.<\/p>\n\n\n\n<p>Alternativ kannst du uns den Mitgliedsbeitrag auch mit einer&nbsp;<strong>\u00dcberweisung<\/strong>&nbsp;auf unser Konto bezahlen. W\u00e4hle dazu die gew\u00fcnschte Laufzeit deiner Premiummitgliedschaft aus und trage den angezeigten Betrag in deine \u00dcberweisung ein.&nbsp;<\/p>\n<\/details>\n\n\n\n<details class=\"wp-block-details is-layout-flow wp-block-details-is-layout-flow\"><summary>Gibt es eine kostenlose Testversion?<\/summary>\n<p><strong>App:<\/strong> Wenn du bei uns noch nie Premiummitglied warst und deine erste Buchung \u00fcber die App und den App Store erfolgt, hast du die M\u00f6glichkeit, alle Premiumfunktionen eine Woche lang kostenlos auszuprobieren. Bitte beachte, dass dies nur f\u00fcr die erste Buchung gilt.<\/p>\n\n\n\n<p><strong>Desktop\/WebApp:<\/strong> Wenn du dich zum ersten Mal bei uns anmeldest, kannst du zu Beginn deiner Mitgliedschaft kostenlos auf empfangene Nachrichten antworten und dich kostenlos zu 5 Events anmelden. Bitte beachte, dass dies nur f\u00fcr die erste Anmeldung gilt.<\/p>\n<\/details>\n\n\n\n<details class=\"wp-block-details is-layout-flow wp-block-details-is-layout-flow\"><summary>Wie kann ich die kostenlose Testversion k\u00fcndigen?<\/summary>\n<p>Die K\u00fcndigung der kostenlosen Testversion ist nur \u00fcber den App Store m\u00f6glich, \u00fcber den du die App installiert hast \u2013 also entweder \u00fcber den <strong>Apple App Store<\/strong> oder den <strong>Google Play Store<\/strong>. Eine K\u00fcndigung direkt \u00fcber unsere Website ist leider nicht m\u00f6glich.<\/p>\n\n\n\n<p>Hier findest du die offiziellen Anleitungen der App Stores:<\/p>\n\n\n\n<ul class=\"wp-block-list\">\n<li><a href=\"https:\/\/support.apple.com\/de-de\/HT202039\" target=\"_blank\" rel=\"noreferrer noopener\">Apple: Abo k\u00fcndigen<\/a><\/li>\n\n\n\n<li><a href=\"https:\/\/support.google.com\/googleplay\/answer\/7018481\" target=\"_blank\" data-type=\"link\" data-id=\"https:\/\/support.google.com\/googleplay\/answer\/7018481\" rel=\"noreferrer noopener\">Google: Abo k\u00fcndigen<\/a><\/li>\n<\/ul>\n\n\n\n<p>Wenn Du Hilfe brauchst, melde dich gerne bei uns.<\/p>\n<\/details>\n\n\n\n<details class=\"wp-block-details is-layout-flow wp-block-details-is-layout-flow\"><summary>Was passiert mit meinem Profil, wenn ich k\u00fcndige?<\/summary>\n<p>Dein Profil bleibt bestehen \u2013 du kannst weiterhin kostenlose Events und weitere kostenlose Funktionen nutzen und dich einloggen. Nur die Premium-Funktionen stehen dir nach Ablauf nicht mehr zur Verf\u00fcgung. <\/p>\n<\/details>\n\n\n\n<p><\/p>\n\n\n\n<p><\/p>\n\n\n\n<p>Noch Fragen? \ud83d\udc49 Schau in unseren <a href=\"https:\/\/www.funkenflug.app\/help\/premium\" data-type=\"link\" data-id=\"https:\/\/www.funkenflug.app\/help\/premium\" target=\"_blank\" rel=\"noreferrer noopener\">Hilfebereich<\/a> oder schreib uns eine E-Mail an <a href=\"mailto:team@funkenflug.app\" data-type=\"mailto\" data-id=\"mailto:team@funkenflug.app\">team@funkenflug.app<\/a>. Wir sind f\u00fcr dich da!<\/p>\n\n\n\n<hr class=\"wp-block-separator has-text-color has-base-color has-alpha-channel-opacity has-base-background-color has-background\"\/>\n\n\n\n<div class=\"wp-block-media-text is-stacked-on-mobile\"><figure class=\"wp-block-media-text__media\"><img decoding=\"async\" width=\"600\" height=\"600\" src=\"https:\/\/www.funkenflug.app\/blog\/wp-content\/uploads\/2025\/07\/funkenflug-kosten-singles-kennenlernen.jpg\" alt=\"Mit Funkenflug Premium lernst Du mehr Singles kennen und hast maximalen Spa\u00df \u2013 ganz ohne versteckte Kosten\" class=\"wp-image-2786 size-full\" srcset=\"https:\/\/www.funkenflug.app\/blog\/wp-content\/uploads\/2025\/07\/funkenflug-kosten-singles-kennenlernen.jpg 600w, https:\/\/www.funkenflug.app\/blog\/wp-content\/uploads\/2025\/07\/funkenflug-kosten-singles-kennenlernen-300x300.jpg 300w, https:\/\/www.funkenflug.app\/blog\/wp-content\/uploads\/2025\/07\/funkenflug-kosten-singles-kennenlernen-150x150.jpg 150w\" sizes=\"(max-width: 600px) 100vw, 600px\" \/><\/figure><div class=\"wp-block-media-text__content\">\n<h3 class=\"wp-block-heading\"><span class=\"ez-toc-section\" id=\"bereit_echte_verbindungen_zu_knuepfen\"><\/span>Bereit, echte Verbindungen zu kn\u00fcpfen?<span class=\"ez-toc-section-end\"><\/span><\/h3>\n\n\n\n<p>Du willst nicht nur tippen, sondern treffen? Dann ist jetzt der richtige Moment, um den n\u00e4chsten Schritt zu gehen.<\/p>\n\n\n\n<p>Mit <strong>Funkenflug Premium<\/strong> bekommst du mehr M\u00f6glichkeiten, mehr Sichtbarkeit \u2013 und mehr Chancen, dass es wirklich funkt.<\/p>\n\n\n\n<div class=\"wp-block-buttons is-content-justification-center is-layout-flex wp-container-core-buttons-is-layout-16018d1d wp-block-buttons-is-layout-flex\">\n<div class=\"wp-block-button\"><a class=\"wp-block-button__link has-background has-text-align-center wp-element-button\" href=\"https:\/\/www.funkenflug.app\/web\/premium\" style=\"background-color:#f7a910\" target=\"_blank\" rel=\"noreferrer noopener\"><strong>Jetzt Premium entdecken<\/strong><\/a><\/div>\n<\/div>\n\n\n\n<p><\/p>\n<\/div><\/div>\n\n\n\n<p>Melde dich einfach kostenlos an, schau dich in Ruhe um und w\u00e4hle dann die Laufzeit, die zu dir passt. <\/p>\n\n\n\n<p>Egal wie: Sch\u00f6n, dass Du da bist. Dein n\u00e4chstes echtes Date ist vielleicht nur einen Klick entfernt \ud83d\ude09<\/p>\n","protected":false},"excerpt":{"rendered":"<p>Bei Funkenflug kannst du kostenlos loslegen, Events erstellen, Nachrichten lesen und neue Menschen treffen. Wer mehr m\u00f6chte, kann Premium-Funktionen freischalten \u2013 ganz ohne Abo-Falle am Desktop und mit flexiblen Optionen in der App. Hier findest du alle Infos zu den Kosten, Leistungen und Unterschieden zwischen der kostenlosen und der Premium-Version. \ud83d\udca1 Das Wichtigste vorweg Kostenlos &#8230; <a title=\"Funkenflug: Kosten, Pakete &amp; Leistungen\" class=\"read-more\" href=\"https:\/\/www.funkenflug.app\/blog\/kosten\/\" aria-label=\"Mehr Informationen \u00fcber Funkenflug: Kosten, Pakete &amp; Leistungen\">Weiterlesen<\/a><\/p>\n","protected":false},"author":5,"featured_media":2722,"parent":0,"menu_order":0,"comment_status":"closed","ping_status":"closed","template":"","meta":{"_acf_changed":false,"footnotes":""},"class_list":["post-2705","page","type-page","status-publish","has-post-thumbnail"],"acf":[],"_links":{"self":[{"href":"https:\/\/www.funkenflug.app\/blog\/wp-json\/wp\/v2\/pages\/2705","targetHints":{"allow":["GET"]}}],"collection":[{"href":"https:\/\/www.funkenflug.app\/blog\/wp-json\/wp\/v2\/pages"}],"about":[{"href":"https:\/\/www.funkenflug.app\/blog\/wp-json\/wp\/v2\/types\/page"}],"author":[{"embeddable":true,"href":"https:\/\/www.funkenflug.app\/blog\/wp-json\/wp\/v2\/users\/5"}],"replies":[{"embeddable":true,"href":"https:\/\/www.funkenflug.app\/blog\/wp-json\/wp\/v2\/comments?post=2705"}],"version-history":[{"count":2,"href":"https:\/\/www.funkenflug.app\/blog\/wp-json\/wp\/v2\/pages\/2705\/revisions"}],"predecessor-version":[{"id":3870,"href":"https:\/\/www.funkenflug.app\/blog\/wp-json\/wp\/v2\/pages\/2705\/revisions\/3870"}],"wp:featuredmedia":[{"embeddable":true,"href":"https:\/\/www.funkenflug.app\/blog\/wp-json\/wp\/v2\/media\/2722"}],"wp:attachment":[{"href":"https:\/\/www.funkenflug.app\/blog\/wp-json\/wp\/v2\/media?parent=2705"}],"curies":[{"name":"wp","href":"https:\/\/api.w.org\/{rel}","templated":true}]}}