{"id":2887,"date":"2025-07-31T10:59:13","date_gmt":"2025-07-31T08:59:13","guid":{"rendered":"https:\/\/www.funkenflug.app\/blog\/?page_id=2887"},"modified":"2026-01-14T11:47:02","modified_gmt":"2026-01-14T10:47:02","slug":"willkommen","status":"publish","type":"page","link":"https:\/\/www.funkenflug.app\/blog\/willkommen\/","title":{"rendered":"Willkommen bei Funkenflug \u2013 Dein Abenteuer beginnt!"},"content":{"rendered":"\n<p>Sch\u00f6n, dass Du da bist \u2013 und willkommen bei Funkenflug! Hier dreht sich alles um echte Begegnungen, ehrliche Profile und das gewisse Knistern, das man nicht swipen, aber sp\u00fcren kann.<\/p>\n\n\n\n<p>In deiner Region w\u00e4chst unsere Community \u2013 und Du bist ab jetzt ein Teil davon. Damit Du Funkenflug ganz in Ruhe kennenlernen kannst, schalten wir Dir alle Funktionen 4 Wochen lang kostenlos frei:<\/p>\n\n\n\n<p><strong>Deine Premiumvorteile im \u00dcberblick:<\/strong><\/p>\n\n\n\n<ul class=\"wp-block-list\">\n<li>Nachrichten schreiben<\/li>\n\n\n\n<li>Alle Profilfotos sehen<\/li>\n\n\n\n<li>Profilbesucher entdecken<\/li>\n\n\n\n<li>Bevorzugte Event-Anmeldung<\/li>\n\n\n\n<li>Unbegrenzt Events organisieren<\/li>\n\n\n\n<li>Anonym Profile besuchen<\/li>\n<\/ul>\n\n\n\n<p>Nach dieser Gratisphase hast Du die M\u00f6glichkeit, mit einer Premiummitgliedschaft weiterhin alle Vorteile zu nutzen.<\/p>\n\n\n\n<p>Lass Dich inspirieren und entdecke Aktivit\u00e4ten wie Wandern, Bowling oder Essen gehen.<\/p>\n\n\n\n<p>Jetzt hei\u00dft es erstmal: entdecken, st\u00f6bern, schreiben \u2013 und wer wei\u00df, vielleicht fliegt der erste Funke schneller, als Du denkst.<\/p>\n\n\n\n<div class=\"wp-block-buttons is-content-justification-center is-layout-flex wp-container-core-buttons-is-layout-16018d1d wp-block-buttons-is-layout-flex\">\n<div class=\"wp-block-button\"><a class=\"wp-block-button__link has-background has-text-align-center wp-element-button\" href=\"https:\/\/www.funkenflug.app\" style=\"background-color:#f7a910\" target=\"_blank\" rel=\"noreferrer noopener\"><strong>Jetzt Funkenflug entdecken<\/strong><\/a><\/div>\n<\/div>\n\n\n\n<p><\/p>\n\n\n\n<p>Sch\u00f6n, dass Du bei Funkenflug bist, wir w\u00fcnschen Dir ganz viel Spa\u00df bei uns!<\/p>\n\n\n\n<p><\/p>\n","protected":false},"excerpt":{"rendered":"<p>Sch\u00f6n, dass Du da bist \u2013 und willkommen bei Funkenflug! Hier dreht sich alles um echte Begegnungen, ehrliche Profile und das gewisse Knistern, das man nicht swipen, aber sp\u00fcren kann. In deiner Region w\u00e4chst unsere Community \u2013 und Du bist ab jetzt ein Teil davon. Damit Du Funkenflug ganz in Ruhe kennenlernen kannst, schalten wir &#8230; <a title=\"Willkommen bei Funkenflug \u2013 Dein Abenteuer beginnt!\" class=\"read-more\" href=\"https:\/\/www.funkenflug.app\/blog\/willkommen\/\" aria-label=\"Mehr Informationen \u00fcber Willkommen bei Funkenflug \u2013 Dein Abenteuer beginnt!\">Weiterlesen<\/a><\/p>\n","protected":false},"author":4,"featured_media":2889,"parent":0,"menu_order":0,"comment_status":"closed","ping_status":"closed","template":"","meta":{"_acf_changed":false,"footnotes":""},"class_list":["post-2887","page","type-page","status-publish","has-post-thumbnail"],"acf":[],"_links":{"self":[{"href":"https:\/\/www.funkenflug.app\/blog\/wp-json\/wp\/v2\/pages\/2887","targetHints":{"allow":["GET"]}}],"collection":[{"href":"https:\/\/www.funkenflug.app\/blog\/wp-json\/wp\/v2\/pages"}],"about":[{"href":"https:\/\/www.funkenflug.app\/blog\/wp-json\/wp\/v2\/types\/page"}],"author":[{"embeddable":true,"href":"https:\/\/www.funkenflug.app\/blog\/wp-json\/wp\/v2\/users\/4"}],"replies":[{"embeddable":true,"href":"https:\/\/www.funkenflug.app\/blog\/wp-json\/wp\/v2\/comments?post=2887"}],"version-history":[{"count":1,"href":"https:\/\/www.funkenflug.app\/blog\/wp-json\/wp\/v2\/pages\/2887\/revisions"}],"predecessor-version":[{"id":3737,"href":"https:\/\/www.funkenflug.app\/blog\/wp-json\/wp\/v2\/pages\/2887\/revisions\/3737"}],"wp:featuredmedia":[{"embeddable":true,"href":"https:\/\/www.funkenflug.app\/blog\/wp-json\/wp\/v2\/media\/2889"}],"wp:attachment":[{"href":"https:\/\/www.funkenflug.app\/blog\/wp-json\/wp\/v2\/media?parent=2887"}],"curies":[{"name":"wp","href":"https:\/\/api.w.org\/{rel}","templated":true}]}}