{"id":3012,"date":"2025-09-12T11:12:40","date_gmt":"2025-09-12T09:12:40","guid":{"rendered":"https:\/\/www.funkenflug.app\/blog\/?page_id=3012"},"modified":"2026-02-25T12:14:04","modified_gmt":"2026-02-25T11:14:04","slug":"ist-funkenflug-serioes","status":"publish","type":"page","link":"https:\/\/www.funkenflug.app\/blog\/ist-funkenflug-serioes\/","title":{"rendered":"Ist Funkenflug seri\u00f6s und sicher?"},"content":{"rendered":"\n<p>Seit \u00fcber 25 Jahren bringen wir bei Funkenflug Singles zusammen, die sich verlieben m\u00f6chten und auf der Suche nach einer neuen und echten Partnerschaft sind. Das machen wir mit Herz, Leidenschaft und einer gro\u00dfen Portion Einf\u00fchlungsverm\u00f6gen, weil wir alle wissen, wie es ist, Single zu sein. Mit unserer Funkenflug App, Webseite und vor allem den vielen Events unserer Initiatoren m\u00f6chten wir euch dabei helfen, genau den Menschen zu finden, der wirklich zu euch passt.<\/p>\n\n\n\n<div class=\"wp-block-media-text is-stacked-on-mobile\" style=\"grid-template-columns:20% auto\"><figure class=\"wp-block-media-text__media\"><img decoding=\"async\" width=\"600\" height=\"600\" src=\"https:\/\/www.funkenflug.app\/blog\/wp-content\/uploads\/2025\/09\/cordula-funkenflug-team-customer-support3.jpg\" alt=\"Cordula ist beim Funkenflug Team im Kundenservice t\u00e4tig und beantwortet eure Fragen\" class=\"wp-image-3084 size-full\" srcset=\"https:\/\/www.funkenflug.app\/blog\/wp-content\/uploads\/2025\/09\/cordula-funkenflug-team-customer-support3.jpg 600w, https:\/\/www.funkenflug.app\/blog\/wp-content\/uploads\/2025\/09\/cordula-funkenflug-team-customer-support3-300x300.jpg 300w, https:\/\/www.funkenflug.app\/blog\/wp-content\/uploads\/2025\/09\/cordula-funkenflug-team-customer-support3-150x150.jpg 150w\" sizes=\"(max-width: 600px) 100vw, 600px\" \/><\/figure><div class=\"wp-block-media-text__content\">\n<p>Ich bin Cordula und zusammen mit meinen Kolleginnen beantworte ich im Kundensupport von Funkenflug eure Fragen und Anliegen. Dabei haben wir festgestellt, dass manche Nachfragen regelm\u00e4\u00dfig gestellt werden und diese will ich hier in unserem Blog immer mal wieder herausnehmen und ausf\u00fchrlich beantworten.<\/p>\n<\/div><\/div>\n\n\n\n<p>Den Beginn macht heute die Frage \u201eIst Funkenflug seri\u00f6s und sicher?\u201c Aber klar doch, daf\u00fcr stehe ich mit meinem Namen \ud83d\ude09 Scherz beiseite, lasst uns lieber Tacheles reden:<\/p>\n\n\n\n<h2 class=\"gb-headline gb-headline-5c07fe7c gb-headline-text\"><span class=\"ez-toc-section\" id=\"wir_sind_ein_deutsches_unternehmen\"><\/span>Wir sind ein deutsches Unternehmen<span class=\"ez-toc-section-end\"><\/span><\/h2>\n\n\n\n<p>Wir sind ein deutsches Unternehmen mit Standort in M\u00fcnchen, auch alle Mitarbeiter unseres kleinen Teams leben und arbeiten in Deutschland. Wir sind f\u00fcr euch jederzeit \u00fcber unser Nachrichtensystem (PN an \u201eTeam\u201c) oder <a href=\"mailto:team@funkenflug.app\" data-type=\"mailto\" data-id=\"mailto:team@funkenflug.app\">per E-Mail<\/a> erreichbar. Wir haben ein offenes Ohr f\u00fcr eure Anliegen und ihr bekommt von uns pers\u00f6nlich und individuell verfasste Antworten \u2013 sie kommen nicht vom Chatbot oder gar aus einem anonymen Call Center.<\/p>\n\n\n\n<p>Wer wir \u00fcberhaupt sind? <a href=\"https:\/\/www.funkenflug.app\/team\">Hier stellen wir uns vor<\/a>.<\/p>\n\n\n\n<p>Wir veranstalten \u00fcbrigens immer mal wieder Events und Treffen, bei denen ihr uns auch pers\u00f6nlich kennenlernen k\u00f6nnt und eure Fragen direkt mit uns besprechen k\u00f6nnt \ud83d\ude0a Wir freuen uns auf euch!<\/p>\n\n\n\n<hr class=\"wp-block-separator has-text-color has-base-color has-alpha-channel-opacity has-base-background-color has-background\"\/>\n\n\n\n<h2 class=\"gb-headline gb-headline-c760cf0e gb-headline-text\"><span class=\"ez-toc-section\" id=\"datenschutz_und_datensicherheit_sind_uns_sehr_wichtig\"><\/span>Datenschutz und Datensicherheit sind uns sehr wichtig<span class=\"ez-toc-section-end\"><\/span><\/h2>\n\n\n\n<p>Das bedeutet:<\/p>\n\n\n\n<ul class=\"wp-block-list\">\n<li>Eure Daten sind bei uns gesch\u00fctzt und werden nicht an unbefugte Dritte weitergegeben.<\/li>\n\n\n\n<li>Unser Nachrichtensystem ist sicher: Was ihr bei uns schreibt, bleibt auch bei uns und geht nicht nach au\u00dfen. Die komplette Seite ist verschl\u00fcsselt und zwar bereits mit dem Login.<\/li>\n\n\n\n<li>Nicht nur unsere Mitarbeiter leben und arbeiten in Deutschland, sondern auch unsere Server stehen hier.<\/li>\n\n\n\n<li>Nutzungsrechte an deinen Fotos abtreten wie bei Facebook und Co.? Nicht bei uns! Eure Bilder sind und bleiben eure Bilder und fertig<em>. <\/em>Ihr erteilt uns nur das Recht, sie anzeigen zu d\u00fcrfen.<\/li>\n\n\n\n<li>Es gilt selbstverst\u00e4ndlich die DSGVO und diese nehmen wir auch sehr ernst.<\/li>\n\n\n\n<li>Hier findet ihr <a href=\"https:\/\/www.funkenflug.app\/datenschutz\" target=\"_blank\" data-type=\"link\" data-id=\"https:\/\/www.funkenflug.app\/datenschutz\" rel=\"noreferrer noopener\">die ausf\u00fchrlichen Details<\/a>.<\/li>\n<\/ul>\n\n\n\n<hr class=\"wp-block-separator has-text-color has-base-color has-alpha-channel-opacity has-base-background-color has-background\"\/>\n\n\n\n<h2 class=\"gb-headline gb-headline-0fa4993f gb-headline-text\"><span class=\"ez-toc-section\" id=\"unsere_massnahmen_gegen_fake-profile\"><\/span>Unsere Ma\u00dfnahmen gegen Fake-Profile<span class=\"ez-toc-section-end\"><\/span><\/h2>\n\n\n\n<p>Sicherheit und Echtheit sind uns und unseren Mitgliedern enorm wichtig. Im Gegensatz zu vielen gro\u00dfen Dating-Plattformen, die weitgehend auf automatisierte Pr\u00fcfprozesse setzen, \u00fcberpr\u00fcfen wir jedes Profil manuell. Unser Team schaut sich sorgf\u00e4ltig alle neu erstellten oder aktualisierten Profile und Fotos pers\u00f6nlich an, um Fake-Accounts und Betrug effektiv zu verhindern.<\/p>\n\n\n\n<p>Unsere Ma\u00dfnahmen im Detail:<\/p>\n\n\n\n<ul class=\"wp-block-list\">\n<li>Manuelle Profilpr\u00fcfung: Jedes neue Profil wird von unserem Team manuell \u00fcberpr\u00fcft \u2013 automatisierte Massenfreigaben gibt es bei uns nicht.<\/li>\n\n\n\n<li>Telefonnummer-Verifizierung in der DACH-Region: Eine Registrierung ist nur mit einer echten, nicht manipulierbaren Telefonnummer aus Deutschland, \u00d6sterreich oder der Schweiz m\u00f6glich. Die meisten Betrugsversuche kommen aus anderen L\u00e4ndern, wodurch wir diese gezielt ausschlie\u00dfen.<\/li>\n\n\n\n<li>Manuelle Foto-Kontrolle: Alle Profilbilder werden auf Echtheit gepr\u00fcft, um gef\u00e4lschte Identit\u00e4ten oder Kl-generierte Bilder zu erkennen<em>.<\/em><\/li>\n\n\n\n<li>Externe Betrugspr\u00e4ventionstools: Neben unserer eigenen Pr\u00fcfung setzen wir moderne Scam-Detection Technologien externer Anbieter ein, um auff\u00e4llige Verhaltensmuster fr\u00fchzeitig zu erkennen.<\/li>\n\n\n\n<li>Verd\u00e4chtige Profile unter Beobachtung: Wenn ein Profil auff\u00e4llig erscheint und wir uns nicht sicher sind, beobachten wir es gezielt und \u00fcberpr\u00fcfen es nach ein bis zwei Tagen nochmals manuell, um verd\u00e4chtige Aktivit\u00e4ten fr\u00fchzeitig zu erkennen.<\/li>\n\n\n\n<li>Mithilfe der Community: Unsere Mitglieder k\u00f6nnen verd\u00e4chtige Profile ganz einfach melden &#8211; und tun das auch sehr aktiv. Sie haben ein gro\u00dfes Interesse daran, dass alle Mitglieder echt sind. Unser Team pr\u00fcft diese Meldungen innerhalb weniger Stunden und sperrt auff\u00e4llige Profile sofort.<\/li>\n<\/ul>\n\n\n\n<p>Diese Kombination aus pers\u00f6nlicher Pr\u00fcfung, technischen Ma\u00dfnahmen und der gro\u00dfartigen Hilfe aus der Community hebt uns deutlich von anderen Dating-Plattformen ab.<\/p>\n\n\n\n<p>Und bei wenn ihr euch bei einem unserer Events trefft, dann ist nat\u00fcrlich sowieso sichergestellt, dass es sich um einen echten Menschen handelt und nicht um ein Fakeprofil.<\/p>\n\n\n\n<hr class=\"wp-block-separator has-text-color has-base-color has-alpha-channel-opacity has-base-background-color has-background\"\/>\n\n\n\n<h2 class=\"gb-headline gb-headline-ce96cbf9 gb-headline-text\"><span class=\"ez-toc-section\" id=\"bewertungen_im_netz\"><\/span>Bewertungen im Netz<span class=\"ez-toc-section-end\"><\/span><\/h2>\n\n\n\n<p>Anhand der vielen guten Bewertungen im Apple AppStore und Google PlayStore k\u00f6nnt ihr sehen, dass wir \u201eecht\u201c und vertrauensw\u00fcrdig sind. Hier kommt ihr zu unserer App und den Bewertungen:<\/p>\n\n\n\n<div class=\"wp-block-buttons is-content-justification-center is-layout-flex wp-container-core-buttons-is-layout-16018d1d wp-block-buttons-is-layout-flex\">\n<div class=\"wp-block-button\"><a class=\"wp-block-button__link has-background has-text-align-center wp-element-button\" href=\"https:\/\/www.funkenflug.app\/l\/apple-app\" style=\"background-color:#f7a910\" target=\"_blank\" rel=\"noreferrer noopener\"><strong>Apple Store Bewertungen<\/strong><\/a><\/div>\n<\/div>\n\n\n\n<p><\/p>\n\n\n\n<div class=\"wp-block-buttons is-content-justification-center is-layout-flex wp-container-core-buttons-is-layout-16018d1d wp-block-buttons-is-layout-flex\">\n<div class=\"wp-block-button\"><a class=\"wp-block-button__link has-background has-text-align-center wp-element-button\" href=\"https:\/\/www.funkenflug.app\/l\/android-app\" style=\"background-color:#f7a910\" target=\"_blank\" rel=\"noreferrer noopener\"><strong>Google Store Bewertungen<\/strong><\/a><\/div>\n<\/div>\n\n\n\n<p><\/p>\n\n\n\n<hr class=\"wp-block-separator has-text-color has-base-color has-alpha-channel-opacity has-base-background-color has-background\"\/>\n\n\n\n<h2 class=\"gb-headline gb-headline-58a57c5c gb-headline-text\"><span class=\"ez-toc-section\" id=\"faire_und_klare_preisstruktur\"><\/span>Faire und klare Preisstruktur<span class=\"ez-toc-section-end\"><\/span><\/h2>\n\n\n\n<p>Neben der Datensicherheit ist uns auch Transparenz bei den Kosten sehr wichtig. Daher bieten wir eine klare Preisstruktur &#8211; ohne versteckte Kosten. Was hinter <a href=\"https:\/\/www.funkenflug.app\/blog\/kostenlose-dating-app\/\" target=\"_blank\" data-type=\"link\" data-id=\"https:\/\/www.funkenflug.app\/blog\/kostenlose-dating-app\/\" rel=\"noreferrer noopener\">kostenlosen Dating-Apps<\/a> steckt, erkl\u00e4ren wir in unserem Ratgeber.<\/p>\n\n\n\n<p>Wenn ihr die Premiummitgliedschaft \u00fcber unsere Desktop-Seite bucht, dann endet diese automatisch nach der gew\u00e4hlten Laufzeit. Eure Profile werden dann anschlie\u00dfend wieder in die kostenfreie Standardmitgliedschaft versetzt.<\/p>\n\n\n\n<p>Wenn ihr in der App bucht, dann handelt es sich um ein Abo, welches sich dann immer wieder um die gew\u00e4hlte Laufzeit verl\u00e4ngert.<\/p>\n\n\n\n<p>Alle Infos zu unserer Premiummitgliedschaft und den Preisen findet ihr <a href=\"https:\/\/www.funkenflug.app\/blog\/kosten\" target=\"_blank\" data-type=\"link\" data-id=\"https:\/\/www.funkenflug.app\/blog\/kosten\" rel=\"noreferrer noopener\">hier<\/a>.<\/p>\n\n\n\n<hr class=\"wp-block-separator has-text-color has-base-color has-alpha-channel-opacity has-base-background-color has-background\"\/>\n\n\n\n<h2 class=\"gb-headline gb-headline-59676fb0 gb-headline-text\"><span class=\"ez-toc-section\" id=\"wie_serioes_ist_funkenflug_nun_also\"><\/span>Wie seri\u00f6s ist Funkenflug nun also?<span class=\"ez-toc-section-end\"><\/span><\/h2>\n\n\n\n<p>Wie ihr anhand der Punkte oben sehen k\u00f6nnt, sind wir ein vertrauensw\u00fcrdiges Unternehmen mit Sitz in Deutschland. Eure Daten sind bei uns sicher und wir nutzen vielf\u00e4ltige Ma\u00dfnahmen gegen Fake-Accounts. Unsere klaren und fairen Preise sowie die guten Bewertungen sprechen ebenfalls f\u00fcr unsere Seriosit\u00e4t.  <\/p>\n\n\n\n<p>Ich hoffe, dass ich euch \u00fcberzeugen konnte, dass ihr uns vertrauen k\u00f6nnt und w\u00fcrde mich freuen, wenn ihr euch dazu entscheidet Teil unserer Community zu werden: <\/p>\n\n\n\n<div class=\"wp-block-buttons is-content-justification-center is-layout-flex wp-container-core-buttons-is-layout-16018d1d wp-block-buttons-is-layout-flex\">\n<div class=\"wp-block-button\"><a class=\"wp-block-button__link has-background has-text-align-center wp-element-button\" href=\"https:\/\/www.funkenflug.app\/\" style=\"background-color:#f7a910\"><strong>Jetzt kostenlos registrieren<\/strong><\/a><\/div>\n<\/div>\n\n\n\n<p><\/p>\n\n\n\n<hr class=\"wp-block-separator has-text-color has-base-color has-alpha-channel-opacity has-base-background-color has-background\"\/>\n\n\n\n<p>Ihr habt weitere Fragen, Ideen oder Themenw\u00fcnsche f\u00fcr uns? <\/p>\n\n\n\n<p>Dann schreibt sie uns sehr gerne <a href=\"mailto:team@funkenflug.app\">als E-Mail<\/a>. Und vielleicht erscheinen eure Vorschl\u00e4ge schon bald in einem unserer n\u00e4chsten Blog-Artikel.<\/p>\n","protected":false},"excerpt":{"rendered":"<p>Seit \u00fcber 25 Jahren bringen wir bei Funkenflug Singles zusammen, die sich verlieben m\u00f6chten und auf der Suche nach einer neuen und echten Partnerschaft sind. Das machen wir mit Herz, Leidenschaft und einer gro\u00dfen Portion Einf\u00fchlungsverm\u00f6gen, weil wir alle wissen, wie es ist, Single zu sein. Mit unserer Funkenflug App, Webseite und vor allem den &#8230; <a title=\"Ist Funkenflug seri\u00f6s und sicher?\" class=\"read-more\" href=\"https:\/\/www.funkenflug.app\/blog\/ist-funkenflug-serioes\/\" aria-label=\"Mehr Informationen \u00fcber Ist Funkenflug seri\u00f6s und sicher?\">Weiterlesen<\/a><\/p>\n","protected":false},"author":5,"featured_media":3074,"parent":0,"menu_order":0,"comment_status":"closed","ping_status":"closed","template":"","meta":{"_acf_changed":false,"footnotes":""},"class_list":["post-3012","page","type-page","status-publish","has-post-thumbnail"],"acf":[],"_links":{"self":[{"href":"https:\/\/www.funkenflug.app\/blog\/wp-json\/wp\/v2\/pages\/3012","targetHints":{"allow":["GET"]}}],"collection":[{"href":"https:\/\/www.funkenflug.app\/blog\/wp-json\/wp\/v2\/pages"}],"about":[{"href":"https:\/\/www.funkenflug.app\/blog\/wp-json\/wp\/v2\/types\/page"}],"author":[{"embeddable":true,"href":"https:\/\/www.funkenflug.app\/blog\/wp-json\/wp\/v2\/users\/5"}],"replies":[{"embeddable":true,"href":"https:\/\/www.funkenflug.app\/blog\/wp-json\/wp\/v2\/comments?post=3012"}],"version-history":[{"count":41,"href":"https:\/\/www.funkenflug.app\/blog\/wp-json\/wp\/v2\/pages\/3012\/revisions"}],"predecessor-version":[{"id":3871,"href":"https:\/\/www.funkenflug.app\/blog\/wp-json\/wp\/v2\/pages\/3012\/revisions\/3871"}],"wp:featuredmedia":[{"embeddable":true,"href":"https:\/\/www.funkenflug.app\/blog\/wp-json\/wp\/v2\/media\/3074"}],"wp:attachment":[{"href":"https:\/\/www.funkenflug.app\/blog\/wp-json\/wp\/v2\/media?parent=3012"}],"curies":[{"name":"wp","href":"https:\/\/api.w.org\/{rel}","templated":true}]}}