{"id":3335,"date":"2025-10-29T09:17:14","date_gmt":"2025-10-29T08:17:14","guid":{"rendered":"https:\/\/www.funkenflug.app\/blog\/?page_id=3335"},"modified":"2025-10-29T09:17:15","modified_gmt":"2025-10-29T08:17:15","slug":"funkenflug-netiquette","status":"publish","type":"page","link":"https:\/\/www.funkenflug.app\/blog\/funkenflug-netiquette\/","title":{"rendered":"Die Funkenflug-Netiquette"},"content":{"rendered":"\n<p><\/p>\n\n\n\n<p><strong>F\u00fcr ein respektvolles, offenes und herzliches Miteinander<\/strong><\/p>\n\n\n\n<p>Willkommen bei <strong>Funkenflug<\/strong> \u2013 bei uns entstehen echte Begegnungen. Wir wollen Menschen zusammenbringen die wirklich zueinander passen und es euch erm\u00f6glichen, dass ihr zusammen Spa\u00df habt. Deshalb ist es uns wichtig, dass alle respektvoll miteinander umgehen &#8211; denn nur so kann man sich wirklich wohlf\u00fchlen in einer Gemeinschaft. Dehalb haben wir diese <strong>Netiquette<\/strong> erstellt, in der wir zusammenfassen, welche Werte uns wichtig sind und was sich unsere Mitglieder im Umgang untereinander w\u00fcnschen:<\/p>\n\n\n\n<h2 class=\"wp-block-heading\"><span class=\"ez-toc-section\" id=\"1_allgemeiner_umgangston\"><\/span>1. Allgemeiner Umgangston<span class=\"ez-toc-section-end\"><\/span><\/h2>\n\n\n\n<ul class=\"wp-block-list\">\n<li>Behandle andere so, wie du selbst behandelt werden m\u00f6chtest \u2013 mit <strong>Respekt, Freundlichkeit und Taktgef\u00fchl<\/strong>.<\/li>\n\n\n\n<li><strong>Diskriminierung, Beleidigungen, Hetze, Provokationen oder respektlose Sprache<\/strong> tolerieren wir nicht.<\/li>\n\n\n\n<li>Denke daran: Hinter jedem Profil steckt ein echter Mensch mit Gef\u00fchlen, Grenzen und Erwartungen.<\/li>\n<\/ul>\n\n\n\n<h2 class=\"wp-block-heading\"><span class=\"ez-toc-section\" id=\"2_private_nachrichten\"><\/span>2. Private Nachrichten<span class=\"ez-toc-section-end\"><\/span><\/h2>\n\n\n\n<ul class=\"wp-block-list\">\n<li>Schreibe nur, wenn du <strong>ehrlich interessiert<\/strong> bist. Spam, Copy-Paste-Nachrichten oder plumpe Anmachen sind unerw\u00fcnscht.<\/li>\n\n\n\n<li>Bitte akzeptiere ein <strong>\u201eNein\u201c<\/strong> oder fehlende Antwort \u2013 denn keine Antwort ist auch eine Antwort &#8211; wiederholte Kontaktversuche k\u00f6nnen als Bel\u00e4stigung gewertet werden.<\/li>\n\n\n\n<li><strong>Sexuelle oder anz\u00fcglichen Inhalte<\/strong> sind weder in privaten Nachrichten noch im Profil erlaubt!<\/li>\n\n\n\n<li>Vertrauliche Inhalte aus privaten Chats d\u00fcrfen <strong>nicht ver\u00f6ffentlicht oder weitergegeben<\/strong> werden.<\/li>\n<\/ul>\n\n\n\n<h2 class=\"wp-block-heading\"><span class=\"ez-toc-section\" id=\"3_forum_gruppen\"><\/span>3. Forum &amp; Gruppen<span class=\"ez-toc-section-end\"><\/span><\/h2>\n\n\n\n<ul class=\"wp-block-list\">\n<li>Beitr\u00e4ge sollen <strong>zum Thema passen<\/strong> und zum Austausch beitragen.<\/li>\n\n\n\n<li>Meinungsvielfalt ist willkommen, pers\u00f6nliche Angriffe nicht.<\/li>\n\n\n\n<li>Vermeide <strong>Werbung, Spam oder politische\/extreme Inhalte<\/strong>.<\/li>\n\n\n\n<li>Wir behalten uns vor, Beitr\u00e4ge oder Kommentare l\u00f6schen, die gegen unsere Regeln versto\u00dfen.<\/li>\n<\/ul>\n\n\n\n<h2 class=\"wp-block-heading\"><span class=\"ez-toc-section\" id=\"4_events\"><\/span>4. Events<span class=\"ez-toc-section-end\"><\/span><\/h2>\n\n\n\n<ul class=\"wp-block-list\">\n<li>Unsere Events sind das Herz von Funkenflug \u2013 hier entstehen echte Begegnungen und lebendige Verbindungen.<\/li>\n<\/ul>\n\n\n\n<p>Damit alle Teilnehmenden sich wohlf\u00fchlen und Events harmonisch verlaufen, haben wir eine ausf\u00fchrliche <strong><a href=\"https:\/\/www.funkenflug.app\/blog\/event-netiquette\/\" target=\"_blank\" rel=\"noreferrer noopener\">Event-Netiquette<\/a><\/strong> erstellt, in der du alles findest, was f\u00fcr Anmeldung, Verhalten und Sicherheit bei Events wichtig ist.<\/p>\n\n\n\n<h2 class=\"wp-block-heading\"><span class=\"ez-toc-section\" id=\"5_verhalten_bei_dates\"><\/span>5. Verhalten bei Dates<span class=\"ez-toc-section-end\"><\/span><\/h2>\n\n\n\n<ul class=\"wp-block-list\">\n<li><strong>Sei du selbst<\/strong>, aber achte auf dein Gegen\u00fcber \u2013 Dates sollen angenehm, sicher und respektvoll sein.<\/li>\n\n\n\n<li><strong>P\u00fcnktlichkeit und Verl\u00e4sslichkeit<\/strong> zeigen Wertsch\u00e4tzung. Sag fr\u00fchzeitig ab, falls du verhindert bist.<\/li>\n\n\n\n<li>W\u00e4hle f\u00fcr ein erstes Treffen einen <strong>\u00f6ffentlichen Ort<\/strong>, an dem sich beide wohlf\u00fchlen.<\/li>\n\n\n\n<li><strong>Respektiere pers\u00f6nliche Grenzen<\/strong> \u2013 k\u00f6rperliche N\u00e4he, Ber\u00fchrungen oder intime Gespr\u00e4che d\u00fcrfen nur im gegenseitigen Einverst\u00e4ndnis stattfinden.<\/li>\n\n\n\n<li><strong>Kein Druck, keine Erwartungen<\/strong>: Ein Date ist eine Begegnung, kein Vertrag. Sympathie l\u00e4sst sich nicht erzwingen.<\/li>\n\n\n\n<li>Sprich offen, aber freundlich, wenn du <strong>kein weiteres Interesse<\/strong> hast \u2013 Ghosting ist unfair.<\/li>\n\n\n\n<li>Gehe achtsam mit pers\u00f6nlichen Informationen um \u2013 <strong>Privatsph\u00e4re<\/strong> ist ein Zeichen von Vertrauen.<\/li>\n\n\n\n<li>Denke daran: Ein gelungenes Date bedeutet nicht unbedingt Liebe auf den ersten Blick \u2013 aber immer eine Chance auf ein gutes Gespr\u00e4ch.<\/li>\n<\/ul>\n\n\n\n<h2 class=\"wp-block-heading\"><span class=\"ez-toc-section\" id=\"6_sicherheit_datenschutz\"><\/span>6. Sicherheit &amp; Datenschutz<span class=\"ez-toc-section-end\"><\/span><\/h2>\n\n\n\n<ul class=\"wp-block-list\">\n<li>Teile <strong>pers\u00f6nliche Daten<\/strong> (Adresse, Telefonnummer, Arbeitsplatz etc.) nur, wenn du dich sicher f\u00fchlst. In der ersten Nachricht deine E-Mail Adresse weiterzugeben oder auf eine Telefonnummer zu antworten ist keine gute Idee!<\/li>\n\n\n\n<li>Melde verd\u00e4chtige Profile, unangemessene Nachrichten oder Verst\u00f6\u00dfe an das Funkenflug-Team. <\/li>\n\n\n\n<li>Wir pr\u00fcfen alle Meldungen <strong>sorgf\u00e4ltig und vertraulich<\/strong>.<\/li>\n<\/ul>\n\n\n\n<h2 class=\"wp-block-heading\"><span class=\"ez-toc-section\" id=\"7_gemeinschaft_und_verantwortung\"><\/span>7. Gemeinschaft und Verantwortung<span class=\"ez-toc-section-end\"><\/span><\/h2>\n\n\n\n<p>Funkenflug lebt von einer <strong>wertsch\u00e4tzenden Gemeinschaft<\/strong>. Alle Mitglieder tragen dazu bei, dass unsere Plattform ein Ort bleibt, an dem sich Menschen <strong>ehrlich, respektvoll und auf Augenh\u00f6he<\/strong> begegnen k\u00f6nnen.<br>Wer wiederholt oder schwer gegen diese Netiquette verst\u00f6\u00dft, kann <strong>verwarnt, zeitweise gesperrt oder dauerhaft ausgeschlossen<\/strong> werden.<\/p>\n\n\n\n<p><\/p>\n\n\n\n<p>\u2728 <strong>Kurz gesagt:<\/strong> Sei echt. Sei respektvoll. Sei offen f\u00fcr Begegnungen \u2013 aber achte auf Grenzen.<br>Gemeinsam sorgen wir daf\u00fcr, dass der Funkenflug kein Strohfeuer, sondern eine echte Verbindung wird.<\/p>\n\n\n\n<p>Diese Netiquette entstand auf Basis eurer Vorschl\u00e4ge und Feedback an uns. Wenn euch noch ein Punkt fehlt oder ihr etwas erg\u00e4nzen oder \u00e4ndern m\u00f6chtet, schreibt uns gerne, denn unsere Community lebt von euch und eurem Input an uns! Vielen Dank!<\/p>\n","protected":false},"excerpt":{"rendered":"<p>F\u00fcr ein respektvolles, offenes und herzliches Miteinander Willkommen bei Funkenflug \u2013 bei uns entstehen echte Begegnungen. Wir wollen Menschen zusammenbringen die wirklich zueinander passen und es euch erm\u00f6glichen, dass ihr zusammen Spa\u00df habt. Deshalb ist es uns wichtig, dass alle respektvoll miteinander umgehen &#8211; denn nur so kann man sich wirklich wohlf\u00fchlen in einer Gemeinschaft. &#8230; <a title=\"Die Funkenflug-Netiquette\" class=\"read-more\" href=\"https:\/\/www.funkenflug.app\/blog\/funkenflug-netiquette\/\" aria-label=\"Mehr Informationen \u00fcber Die Funkenflug-Netiquette\">Weiterlesen<\/a><\/p>\n","protected":false},"author":4,"featured_media":3353,"parent":0,"menu_order":0,"comment_status":"closed","ping_status":"closed","template":"","meta":{"footnotes":""},"class_list":["post-3335","page","type-page","status-publish","has-post-thumbnail"],"_links":{"self":[{"href":"https:\/\/www.funkenflug.app\/blog\/wp-json\/wp\/v2\/pages\/3335","targetHints":{"allow":["GET"]}}],"collection":[{"href":"https:\/\/www.funkenflug.app\/blog\/wp-json\/wp\/v2\/pages"}],"about":[{"href":"https:\/\/www.funkenflug.app\/blog\/wp-json\/wp\/v2\/types\/page"}],"author":[{"embeddable":true,"href":"https:\/\/www.funkenflug.app\/blog\/wp-json\/wp\/v2\/users\/4"}],"replies":[{"embeddable":true,"href":"https:\/\/www.funkenflug.app\/blog\/wp-json\/wp\/v2\/comments?post=3335"}],"version-history":[{"count":6,"href":"https:\/\/www.funkenflug.app\/blog\/wp-json\/wp\/v2\/pages\/3335\/revisions"}],"predecessor-version":[{"id":3357,"href":"https:\/\/www.funkenflug.app\/blog\/wp-json\/wp\/v2\/pages\/3335\/revisions\/3357"}],"wp:featuredmedia":[{"embeddable":true,"href":"https:\/\/www.funkenflug.app\/blog\/wp-json\/wp\/v2\/media\/3353"}],"wp:attachment":[{"href":"https:\/\/www.funkenflug.app\/blog\/wp-json\/wp\/v2\/media?parent=3335"}],"curies":[{"name":"wp","href":"https:\/\/api.w.org\/{rel}","templated":true}]}}