{"id":3376,"date":"2025-11-21T21:52:03","date_gmt":"2025-11-21T20:52:03","guid":{"rendered":"https:\/\/www.funkenflug.app\/blog\/?page_id=3376"},"modified":"2025-11-21T21:52:03","modified_gmt":"2025-11-21T20:52:03","slug":"anmeldung-funkenflug-dauer","status":"publish","type":"page","link":"https:\/\/www.funkenflug.app\/blog\/anmeldung-funkenflug-dauer\/","title":{"rendered":"Deine Anmeldung bei Funkenflug"},"content":{"rendered":"\n<h2 class=\"gb-headline gb-headline-ae7c45de gb-headline-text\"><span class=\"ez-toc-section\" id=\"%e2%80%93_so_lange_dauerts_wirklich\"><\/span>\u2013 so lange dauert\u2019s wirklich<span class=\"ez-toc-section-end\"><\/span><\/h2>\n\n\n\n<p>Viele Singles, die auf Partnersuche sind, sto\u00dfen fr\u00fcher oder sp\u00e4ter auf Funkenflug \u2013 und haben am Anfang oft \u00e4hnliche Fragen: Wie funktioniert die Anmeldung? Wie lange dauert sie? Und kostet das etwas?<\/p>\n\n\n\n<div class=\"wp-block-media-text is-stacked-on-mobile\" style=\"grid-template-columns:20% auto\"><figure class=\"wp-block-media-text__media\"><img decoding=\"async\" width=\"600\" height=\"600\" src=\"https:\/\/www.funkenflug.app\/blog\/wp-content\/uploads\/2025\/09\/cordula-funkenflug-team-customer-support3.jpg\" alt=\"Cordula ist beim Funkenflug Team im Kundenservice t\u00e4tig und beantwortet eure Fragen\" class=\"wp-image-3084 size-full\" srcset=\"https:\/\/www.funkenflug.app\/blog\/wp-content\/uploads\/2025\/09\/cordula-funkenflug-team-customer-support3.jpg 600w, https:\/\/www.funkenflug.app\/blog\/wp-content\/uploads\/2025\/09\/cordula-funkenflug-team-customer-support3-300x300.jpg 300w, https:\/\/www.funkenflug.app\/blog\/wp-content\/uploads\/2025\/09\/cordula-funkenflug-team-customer-support3-150x150.jpg 150w\" sizes=\"(max-width: 600px) 100vw, 600px\" \/><\/figure><div class=\"wp-block-media-text__content\">\n<p>Ich bin&nbsp;Cordula&nbsp;und beantworte t\u00e4glich bei Funkenflug viele dieser Fragen. Heute zeige ich dir Schritt f\u00fcr Schritt, wie du dich anmeldest, was du dabei beachten solltest und wie schnell du loslegen kannst.<\/p>\n<\/div><\/div>\n\n\n\n<h2 class=\"gb-headline gb-headline-ff512cd6 gb-headline-text\"><span class=\"ez-toc-section\" id=\"wie_lange_dauert_die_anmeldung_bei_funkenflug\"><\/span>Wie lange dauert die Anmeldung bei Funkenflug?<span class=\"ez-toc-section-end\"><\/span><\/h2>\n\n\n\n<p><strong>Kurz gesagt:<\/strong> Die Anmeldung bei Funkenflug dauert&nbsp;<strong>nur wenige Minuten<\/strong>&nbsp;und ist&nbsp;komplett kostenlos. <\/p>\n\n\n\n<p>Du kannst die App also&nbsp;<strong>kostenlos <\/strong>nutzen, um dein Profil zu erstellen, andere Singles kennenzulernen, Events zu entdecken und Nachrichten zu empfangen. <\/p>\n\n\n\n<p>Einige Zusatzfunktionen \u2013 zum Beispiel unbegrenztes Schreiben oder exklusive Vorteile bei Events \u2013 sind Teil unserer&nbsp;Premiummitgliedschaft. <\/p>\n\n\n\n<p>Den genauen Unterschied zwischen kostenloser und Premium-Mitgliedschaft findest du hier:<\/p>\n\n\n\n<div class=\"wp-block-buttons is-content-justification-center is-layout-flex wp-container-core-buttons-is-layout-16018d1d wp-block-buttons-is-layout-flex\">\n<div class=\"wp-block-button\"><a class=\"wp-block-button__link has-background has-text-align-center wp-element-button\" href=\"https:\/\/www.funkenflug.app\/blog\/kosten\/\" style=\"background-color:#f7a910\" target=\"_blank\" rel=\"noreferrer noopener\"><strong>&nbsp;Was kostet Funkenflug?<\/strong><\/a><\/div>\n<\/div>\n\n\n\n<p><\/p>\n\n\n\n<h2 class=\"gb-headline gb-headline-fe74de5a gb-headline-text\"><span class=\"ez-toc-section\" id=\"so_meldest_du_dich_bei_funkenflug_an_%e2%80%93_schritt_fuer_schritt\"><\/span>So meldest du dich bei Funkenflug an \u2013 Schritt f\u00fcr Schritt<span class=\"ez-toc-section-end\"><\/span><\/h2>\n\n\n\n<ol class=\"wp-block-list\">\n<li><strong>App laden oder Website \u00f6ffnen<\/strong><br>Lade die Funkenflug-App im\u00a0<a href=\"https:\/\/apps.apple.com\/de\/app\/funkenflug-dating-app-events\/id1094693262\" target=\"_blank\" rel=\"noreferrer noopener\">App Store<\/a>\u00a0oder\u00a0<a href=\"https:\/\/play.google.com\/store\/apps\/details?id=app.funkenflug\" target=\"_blank\" rel=\"noreferrer noopener\">Google Play Store<\/a>\u00a0herunter \u2013 oder registriere dich direkt auf\u00a0<a href=\"http:\/\/www.funkenflug.app\/\" target=\"_blank\" rel=\"noreferrer noopener\">www.funkenflug.app<\/a>.<br><\/li>\n\n\n\n<li><strong>Kostenlos registrieren<\/strong><br>Tippe auf \u201eKostenlos registrieren\u201c und gib deinen Namen, dein Passwort und die geforderten Daten ein.<br><\/li>\n\n\n\n<li><strong>SMS-Code best\u00e4tigen<\/strong><br>Zur Verifizierung erh\u00e4ltst du einen Code per SMS \u2013 einfach eingeben und best\u00e4tigen.<br><\/li>\n\n\n\n<li><strong>E-Mail best\u00e4tigen<\/strong><br>Danach bekommst du eine Best\u00e4tigungs-E-Mail. Klick auf den Link darin \u2013 erst dann ist dein Profil aktiviert und du kannst \u00fcber neue Nachrichten, Besucher &amp; Smiles informiert werden. <\/li>\n<\/ol>\n\n\n\n<p>\ud83d\udca1<strong>Dauer:<\/strong>&nbsp;Keine 5 Minuten \u2013 und du bist startklar, um bei Events andere Singles kennenzulernen und vielleicht deinen eigenen Funkenflug zu erleben.<\/p>\n\n\n\n<h2 class=\"gb-headline gb-headline-77b13dd5 gb-headline-text\"><span class=\"ez-toc-section\" id=\"was_ist_funkenflug_eigentlich\"><\/span>Was ist Funkenflug eigentlich?<span class=\"ez-toc-section-end\"><\/span><\/h2>\n\n\n\n<p>Funkenflug ist ein deutsches Unternehmen mit Sitz in M\u00fcnchen. Seit \u00fcber&nbsp;<strong>25 Jahren<\/strong>&nbsp;bringen wir Singles zusammen \u2013 nicht durch endloses Swipen, sondern durch&nbsp;<strong>echte Begegnungen bei Events.<\/strong><\/p>\n\n\n\n<p>Viele Paare erz\u00e4hlen uns, wie sie sich bei Funkenflug kennengelernt haben:&nbsp;<\/p>\n\n\n\n<div class=\"wp-block-buttons is-content-justification-center is-layout-flex wp-container-core-buttons-is-layout-16018d1d wp-block-buttons-is-layout-flex\">\n<div class=\"wp-block-button\"><a class=\"wp-block-button__link has-background has-text-align-center wp-element-button\" href=\"https:\/\/www.funkenflug.app\/liebesgeschichten\" style=\"background-color:#f7a910\" target=\"_blank\" rel=\"noreferrer noopener\"><strong>Liebesgeschichten lesen<\/strong><\/a><\/div>\n<\/div>\n\n\n\n<p><\/p>\n\n\n\n<p>Auch die vielen positiven Bewertungen in den App-Stores zeigen:&nbsp;<strong>Funkenflug ist echt, sicher und seri\u00f6s.&nbsp;<\/strong>Mehr dazu findest du <a href=\"https:\/\/www.funkenflug.app\/blog\/ist-funkenflug-serioes\/\" data-type=\"link\" data-id=\"https:\/\/www.funkenflug.app\/blog\/ist-funkenflug-serioes\/\" target=\"_blank\" rel=\"noreferrer noopener\">hier<\/a>. <\/p>\n\n\n\n<h2 class=\"gb-headline gb-headline-745c9a4b gb-headline-text\"><span class=\"ez-toc-section\" id=\"tipps_fuer_dein_perfektes_profil\"><\/span>Tipps f\u00fcr dein perfektes Profil<span class=\"ez-toc-section-end\"><\/span><\/h2>\n\n\n\n<p>Nach der Anmeldung kannst du dein Profil in Ruhe gestalten \u2013 je aussagekr\u00e4ftiger, desto besser! Unsere <a href=\"https:\/\/www.funkenflug.app\/liebeskram\/online-dating-profil\/\" data-type=\"link\" data-id=\"https:\/\/www.funkenflug.app\/liebeskram\/online-dating-profil\/\" target=\"_blank\" rel=\"noreferrer noopener\">Tipps rund um&#8217;s Online Dating Profil<\/a> helfen dir dabei, dich authentisch und sympathisch zu pr\u00e4sentieren.<\/p>\n\n\n\n<h2 class=\"gb-headline gb-headline-1ebd032d gb-headline-text\"><span class=\"ez-toc-section\" id=\"wie_kann_ich_mich_wieder_abmelden\"><\/span>Wie kann ich mich wieder abmelden?<span class=\"ez-toc-section-end\"><\/span><\/h2>\n\n\n\n<p>Du kannst dich\u00a0jederzeit wieder abmelden. In den\u00a0<strong>Einstellungen<\/strong>\u00a0deines Accounts findest du die Option\u00a0\u201eProfil l\u00f6schen\u201c\u00a0\u2013 damit werden\u00a0alle deine Daten unwiderruflich gel\u00f6scht.<\/p>\n\n\n\n<h2 class=\"gb-headline gb-headline-3e754059 gb-headline-text\"><span class=\"ez-toc-section\" id=\"bei_fragen_wir_sind_fuer_dich_da_%f0%9f%92%8c\"><\/span>Bei Fragen: Wir sind f\u00fcr dich da \ud83d\udc8c<span class=\"ez-toc-section-end\"><\/span><\/h2>\n\n\n\n<p>Wenn du Fragen oder Probleme bei der Anmeldung hast, melde dich einfach und schreib uns eine E-Mail an&nbsp;<a href=\"mailto:team@funkenflug.app\" target=\"_blank\" rel=\"noreferrer noopener\">team@funkenflug.app<\/a> oder schreib uns direkt in der App per PN an&nbsp;<strong>\u201eTeam\u201c<\/strong>. Wir antworten so schnell wie m\u00f6glich \u2013 versprochen! \ud83d\ude42<\/p>\n\n\n\n<h2 class=\"gb-headline gb-headline-6d71bbd6 gb-headline-text\"><span class=\"ez-toc-section\" id=\"fazit\"><\/span>Fazit<span class=\"ez-toc-section-end\"><\/span><\/h2>\n\n\n\n<p>Die Anmeldung bei Funkenflug geht&nbsp;<strong>schnell, einfach und kostenlos.&nbsp;<\/strong>In weniger als f\u00fcnf Minuten bist du Teil unserer Community \u2013 und vielleicht schon bald bei einem Event, bei dem der Funke \u00fcberspringt.&nbsp;\u2728<\/p>\n\n\n\n<div class=\"wp-block-buttons is-content-justification-center is-layout-flex wp-container-core-buttons-is-layout-16018d1d wp-block-buttons-is-layout-flex\">\n<div class=\"wp-block-button\"><a class=\"wp-block-button__link has-background has-text-align-center wp-element-button\" href=\"https:\/\/www.funkenflug.app\/blog\/app-download\/\" style=\"background-color:#f7a910\" target=\"_blank\" rel=\"noreferrer noopener\"><strong>Jetzt App laden &amp; loslegen<\/strong><\/a><\/div>\n<\/div>\n\n\n\n<p><\/p>\n\n\n\n<p>Wir w\u00fcnschen dir ganz viel Spa\u00df und helfen dir bei Fragen gerne jederzeit weiter! <\/p>\n\n\n\n<p><\/p>\n","protected":false},"excerpt":{"rendered":"<p>\u2013 so lange dauert\u2019s wirklich Viele Singles, die auf Partnersuche sind, sto\u00dfen fr\u00fcher oder sp\u00e4ter auf Funkenflug \u2013 und haben am Anfang oft \u00e4hnliche Fragen: Wie funktioniert die Anmeldung? Wie lange dauert sie? Und kostet das etwas? Ich bin&nbsp;Cordula&nbsp;und beantworte t\u00e4glich bei Funkenflug viele dieser Fragen. Heute zeige ich dir Schritt f\u00fcr Schritt, wie du &#8230; <a title=\"Deine Anmeldung bei Funkenflug\" class=\"read-more\" href=\"https:\/\/www.funkenflug.app\/blog\/anmeldung-funkenflug-dauer\/\" aria-label=\"Mehr Informationen \u00fcber Deine Anmeldung bei Funkenflug\">Weiterlesen<\/a><\/p>\n","protected":false},"author":7,"featured_media":3430,"parent":0,"menu_order":0,"comment_status":"closed","ping_status":"closed","template":"","meta":{"_acf_changed":false,"footnotes":""},"class_list":["post-3376","page","type-page","status-publish","has-post-thumbnail"],"acf":[],"_links":{"self":[{"href":"https:\/\/www.funkenflug.app\/blog\/wp-json\/wp\/v2\/pages\/3376","targetHints":{"allow":["GET"]}}],"collection":[{"href":"https:\/\/www.funkenflug.app\/blog\/wp-json\/wp\/v2\/pages"}],"about":[{"href":"https:\/\/www.funkenflug.app\/blog\/wp-json\/wp\/v2\/types\/page"}],"author":[{"embeddable":true,"href":"https:\/\/www.funkenflug.app\/blog\/wp-json\/wp\/v2\/users\/7"}],"replies":[{"embeddable":true,"href":"https:\/\/www.funkenflug.app\/blog\/wp-json\/wp\/v2\/comments?post=3376"}],"version-history":[{"count":30,"href":"https:\/\/www.funkenflug.app\/blog\/wp-json\/wp\/v2\/pages\/3376\/revisions"}],"predecessor-version":[{"id":3438,"href":"https:\/\/www.funkenflug.app\/blog\/wp-json\/wp\/v2\/pages\/3376\/revisions\/3438"}],"wp:featuredmedia":[{"embeddable":true,"href":"https:\/\/www.funkenflug.app\/blog\/wp-json\/wp\/v2\/media\/3430"}],"wp:attachment":[{"href":"https:\/\/www.funkenflug.app\/blog\/wp-json\/wp\/v2\/media?parent=3376"}],"curies":[{"name":"wp","href":"https:\/\/api.w.org\/{rel}","templated":true}]}}