{"id":3692,"date":"2026-01-09T13:49:52","date_gmt":"2026-01-09T12:49:52","guid":{"rendered":"https:\/\/www.funkenflug.app\/blog\/?page_id=3692"},"modified":"2026-01-19T11:50:48","modified_gmt":"2026-01-19T10:50:48","slug":"presse","status":"publish","type":"page","link":"https:\/\/www.funkenflug.app\/blog\/presse\/","title":{"rendered":"Pressebereich von Funkenflug"},"content":{"rendered":"\n<p>Seit \u00fcber zwei Jahrzehnten bringen wir Singles zusammen \u2013 nicht nur online, sondern auch im echten Leben. Was als kleine Community in M\u00fcnchen begann, ist heute eine der lebendigsten Dating- und Event-Plattformen im deutschsprachigen Raum. Hier entstehen t\u00e4glich neue Verbindungen: Freundschaften, spannende Begegnungen und nat\u00fcrlich echte Liebesgeschichten.<\/p>\n\n\n\n<p>Ob Speed-Dating, gemeinsame Aktivit\u00e4ten oder spontane Flirts \u2013 unsere Mitglieder gestalten aktiv ihre Freizeit und erleben unvergessliche Momente. Mit tausenden Events pro Jahr, Millionen von Nachrichten und einer stetig wachsenden Community zeigen unsere Zahlen eindrucksvoll: Funkenflug steht f\u00fcr echte Begegnungen und authentische Verbindungen.<\/p>\n\n\n\n<p>Hier finden Sie <strong>aktuelle Zahlen<\/strong>, spannende <strong>Erfolgsgeschichten<\/strong> und weitere <strong>Informationen<\/strong> \u00fcber unsere Plattform. F\u00fcr Presseanfragen stehen wir Ihnen gerne zur Verf\u00fcgung!<\/p>\n\n\n\n<hr class=\"wp-block-separator has-text-color has-base-color has-alpha-channel-opacity has-base-background-color has-background\"\/>\n\n\n\n<h3 class=\"wp-block-heading\"><span class=\"ez-toc-section\" id=\"funkenflug_in_zahlen_%e2%80%93_so_viele_begegnungen_so_viele_geschichten\"><\/span>Funkenflug in Zahlen \u2013 So viele Begegnungen, so viele Geschichten<span class=\"ez-toc-section-end\"><\/span><\/h3>\n\n\n\n<p><strong>1999<\/strong> wurde unsere Plattform als M\u00fcnchner Singles gegr\u00fcndet \u2013 mit der Idee, Singles nicht nur online, sondern auch im echten Leben zusammenzubringen.<\/p>\n\n\n\n<div class=\"wp-block-media-text is-stacked-on-mobile\" style=\"grid-template-columns:38% auto\"><figure class=\"wp-block-media-text__media\"><img decoding=\"async\" width=\"600\" height=\"600\" src=\"https:\/\/www.funkenflug.app\/blog\/wp-content\/uploads\/2026\/01\/presse-funkenflug-event-zahlen.jpg\" alt=\"Zahlen rund um die Funkenflug App und die Mitglieder, die sich auf Events verabreden wie in diesem Bild und verlieben. \" class=\"wp-image-3706 size-full\" srcset=\"https:\/\/www.funkenflug.app\/blog\/wp-content\/uploads\/2026\/01\/presse-funkenflug-event-zahlen.jpg 600w, https:\/\/www.funkenflug.app\/blog\/wp-content\/uploads\/2026\/01\/presse-funkenflug-event-zahlen-300x300.jpg 300w, https:\/\/www.funkenflug.app\/blog\/wp-content\/uploads\/2026\/01\/presse-funkenflug-event-zahlen-150x150.jpg 150w\" sizes=\"(max-width: 600px) 100vw, 600px\" \/><\/figure><div class=\"wp-block-media-text__content\">\n<p><strong>\u00dcber <strong>12.700 <\/strong>Single-Events<\/strong> fanden allein im Jahr 2025 statt \u2013 von gem\u00fctlichen Stammtischen \u00fcber actionreiche Outdoor-Aktivit\u00e4ten bis hin zu ausgelassenen Partys. Dahinter stecken unsere kreativen Mitglieder, die mit viel Herzblut f\u00fcr unvergessliche Erlebnisse sorgen. <\/p>\n\n\n\n<p>Kein Wunder, dass sich bereits <strong>mehr als 95.200 Event-Teilnehmer<\/strong> begeistert ausgetauscht haben. <a href=\"https:\/\/www.funkenflug.app\/eventberichte\" target=\"_blank\" rel=\"noreferrer noopener\">Hier geht\u2019s zu ihren Berichten<\/a>.<\/p>\n\n\n\n<p><\/p>\n<\/div><\/div>\n\n\n\n<p>Jeden Monat flirten hier <strong>mehr als 200.000 Singles<\/strong> \u2013 und 2025 wurde so einiges an Sympathie versendet: \u00fcber <strong>600.000 Smiles<\/strong> und mehr als <strong>1,6 Millionen Nachrichten<\/strong> haben f\u00fcr erste Kontakte, spannende Gespr\u00e4che und prickelnde Momente gesorgt.<\/p>\n\n\n\n<p>Auch unsere Gruppen wachsen st\u00e4ndig: <strong>\u00dcber 152 neue Single-Gruppen<\/strong> wurden allein im letzten Jahr gegr\u00fcndet \u2013 perfekt, um gemeinsam neue Hobbys zu entdecken, Freundschaften zu kn\u00fcpfen und vielleicht sogar die gro\u00dfe Liebe zu finden.<\/p>\n\n\n\n<p>Und das Beste? <strong>Tausende Liebespaare<\/strong> haben sich hier bereits gefunden! Ihre <a href=\"https:\/\/www.funkenflug.app\/liebesgeschichten\" target=\"_blank\" rel=\"noreferrer noopener\">Liebesgeschichten<\/a> sind der sch\u00f6nste Beweis daf\u00fcr, dass ein kleiner Funken ausreichen kann, um das gro\u00dfe Gl\u00fcck zu finden.<\/p>\n\n\n\n<hr class=\"wp-block-separator has-text-color has-base-color has-alpha-channel-opacity has-base-background-color has-background\"\/>\n\n\n\n<div class=\"wp-block-media-text is-stacked-on-mobile s3w-media-and-text\" style=\"grid-template-columns:34% auto\"><figure class=\"wp-block-media-text__media\"><img decoding=\"async\" width=\"600\" height=\"600\" src=\"https:\/\/www.funkenflug.app\/blog\/wp-content\/uploads\/2026\/01\/presse-sprecherin-veronika-link-funkenflug-team.jpg\" alt=\"Funkenflug Presse-Sprecherin Veronika Link hilft gerne mit Rat &amp; Tat weiter \" class=\"wp-image-3713 size-full\" srcset=\"https:\/\/www.funkenflug.app\/blog\/wp-content\/uploads\/2026\/01\/presse-sprecherin-veronika-link-funkenflug-team.jpg 600w, https:\/\/www.funkenflug.app\/blog\/wp-content\/uploads\/2026\/01\/presse-sprecherin-veronika-link-funkenflug-team-300x300.jpg 300w, https:\/\/www.funkenflug.app\/blog\/wp-content\/uploads\/2026\/01\/presse-sprecherin-veronika-link-funkenflug-team-150x150.jpg 150w\" sizes=\"(max-width: 600px) 100vw, 600px\" \/><\/figure><div class=\"wp-block-media-text__content\">\n<h3 class=\"wp-block-heading\"><span class=\"ez-toc-section\" id=\"pressekontakt\"><\/span>Pressekontakt<span class=\"ez-toc-section-end\"><\/span><\/h3>\n\n\n\n<p>Sie m\u00f6chten \u00fcber Funkenflug berichten, suchen Zahlen, Zitate oder einfach jemanden, der sich mit Liebe (und Dating-Apps) auskennt? Unsere Presse-Sprecherin <strong>Veronika Link <\/strong>freut sich \u00fcber Ihre Anfrage und hilft gern weiter. Schreiben Sie einfach an:&nbsp;<a href=\"mailto:presse@funkenflug.app\" target=\"_blank\" rel=\"noreferrer noopener\"><strong>presse@funkenflug.app<\/strong><\/a>.<\/p>\n\n\n\n<p>Lassen Sie uns <strong>gemeinsam Geschichten erz\u00e4hlen<\/strong>, die nicht nur das Herz, sondern auch Ihre Leser ber\u00fchren.<\/p>\n<\/div><\/div>\n\n\n\n<hr class=\"wp-block-separator has-text-color has-base-color has-alpha-channel-opacity has-base-background-color has-background\"\/>\n\n\n\n<h2 class=\"wp-block-heading\"><span class=\"ez-toc-section\" id=\"pressemitteilungen\"><\/span>Pressemitteilungen<span class=\"ez-toc-section-end\"><\/span><\/h2>\n\n\n\n<p>Was gibt\u2019s Neues bei Funkenflug? Eine ganze Menge! Von Sommerfest bis Singleparty, von App-Update bis Liebesgeschichte \u2013 hier halten wir die Presse (und alle Neugierigen) auf dem Laufenden.<\/p>\n\n\n\n<ul class=\"wp-block-list\">\n<li><a href=\"https:\/\/www.funkenflug.app\/blog\/singleparty-hamburg-2026\/\" target=\"_blank\" data-type=\"link\" data-id=\"https:\/\/www.funkenflug.app\/blog\/singleparty-hamburg-2026\/\" rel=\"noreferrer noopener\">\u00dc40 Single Party Hamburg \u2013 verliebt ins neue Jahr mit Funkenflug&nbsp;<\/a><\/li>\n\n\n\n<li><a href=\"https:\/\/www.funkenflug.app\/blog\/jahresrueckblick-2025-funkenflug\/\" target=\"_blank\" data-type=\"link\" data-id=\"https:\/\/www.funkenflug.app\/blog\/jahresrueckblick-2025-funkenflug\/\" rel=\"noreferrer noopener\">Jahresr\u00fcckblick 2025: Ein Jahr voller Begegnungen<\/a><\/li>\n\n\n\n<li><a href=\"https:\/\/www.funkenflug.app\/blog\/white-night-single-party-muenchen\/\" target=\"_blank\" data-type=\"link\" data-id=\"https:\/\/www.funkenflug.app\/blog\/white-night-single-party-muenchen\/\" rel=\"noreferrer noopener\">White Night Single Party \u2013 wo M\u00fcnchner Herzen tanzen<\/a><\/li>\n\n\n\n<li><a href=\"https:\/\/www.funkenflug.app\/blog\/sommerparty2024\/\" target=\"_blank\" rel=\"noreferrer noopener\">Sommerfest von Funkenflug &amp; Rock44<\/a><\/li>\n\n\n\n<li><a href=\"https:\/\/www.funkenflug.app\/blog\/art-dating-koeln\/\" target=\"_blank\" rel=\"noreferrer noopener\">Art Dating im Wallraf Museum \u2013 jetzt mit Funkenflug erleben<\/a><\/li>\n\n\n\n<li><a href=\"https:\/\/www.funkenflug.app\/blog\/funkenflug-app-aenderungen-zum-verlieben\/\" target=\"_blank\" rel=\"noreferrer noopener\">Was gibt\u2019s Neues? Die \u00c4nderungen der Funkenflug App im \u00dcberblick<\/a><\/li>\n\n\n\n<li><a href=\"https:\/\/www.funkenflug.app\/blog\/valentinstag-singleparty-berlin-ue35\/\" target=\"_blank\" rel=\"noreferrer noopener\">\u00dc35 Singleparty in Berlin am Valentinstag im Ballhaus Wedding<\/a><\/li>\n\n\n\n<li><a href=\"https:\/\/www.funkenflug.app\/blog\/jahresrueckblick-2024-funkenflug\/\" target=\"_blank\" rel=\"noreferrer noopener\">Das war 2024: Zahlen, Geschichten und besondere Augenblicke<\/a><\/li>\n\n\n\n<li><a href=\"https:\/\/www.funkenflug.app\/blog\/funkenflug-news-januar\/\" target=\"_blank\" rel=\"noreferrer noopener\">Liebesgeschichte, Dates und gute Vors\u00e4tze<\/a><\/li>\n\n\n\n<li><a href=\"https:\/\/www.funkenflug.app\/blog\/gruppen-bereichern-singleleben\/\" target=\"_blank\" rel=\"noreferrer noopener\">Warum Gruppen das Single-Leben bereichern<\/a><\/li>\n\n\n\n<li><a href=\"https:\/\/www.funkenflug.app\/blog\/events-jetzt-kostenlos\/\" target=\"_blank\" rel=\"noreferrer noopener\">Spa\u00df f\u00fcr jeden Geldbeutel \u2013 Funkenflug macht Events f\u00fcr alle kostenlos<\/a><\/li>\n\n\n\n<li><a href=\"https:\/\/www.funkenflug.app\/blog\/jubilaeum25jahre\/\" target=\"_blank\" rel=\"noreferrer noopener\">Wir werden 25 Jahre und blicken zur\u00fcck auf die Highlights<\/a><\/li>\n<\/ul>\n\n\n\n<hr class=\"wp-block-separator has-text-color has-base-color has-alpha-channel-opacity has-base-background-color has-background\"\/>\n\n\n\n<h2 class=\"gb-headline gb-headline-8e1f6bb6 gb-headline-text\"><span class=\"ez-toc-section\" id=\"ausgewaehlte_veroeffentlichungen\"><\/span>Ausgew\u00e4hlte Ver\u00f6ffentlichungen<span class=\"ez-toc-section-end\"><\/span><\/h2>\n\n\n\n<p>In diesen Medien wurde bereits \u00fcber uns berichtet. Die Auswahl gibt einen guten Eindruck von unseren Themen, Ideen und unserer Arbeit.<\/p>\n\n\n\n<ul class=\"wp-block-list\">\n<li><a href=\"https:\/\/www.sueddeutsche.de\/muenchen\/dating-app-muenchner-singles-interview-lux.CN4P9KWxB6axq8w4Cnz6Tj?reduced=true\" data-type=\"link\" data-id=\"https:\/\/www.sueddeutsche.de\/muenchen\/dating-app-muenchner-singles-interview-lux.CN4P9KWxB6axq8w4Cnz6Tj?reduced=true\" target=\"_blank\" rel=\"noreferrer noopener\">S\u00fcddeutsche Zeitung: \u201eIch bin gl\u00fccklicher Single \u2013 stimmt bei den allerwenigsten\u201c<\/a><\/li>\n\n\n\n<li><a href=\"https:\/\/www.hamburg040.com\/menschen\/2025\/verliebt-ins-neue-jahr-wo-sich-in-hamburgs-ue40-singles-finden\/75993\" data-type=\"link\" data-id=\"https:\/\/www.hamburg040.com\/menschen\/2025\/verliebt-ins-neue-jahr-wo-sich-in-hamburgs-ue40-singles-finden\/75993\" target=\"_blank\" rel=\"noreferrer noopener\">Hamburg 040: Verliebt ins neue Jahr? Wo sich in Hamburgs \u00dc40-Singles finden<\/a><\/li>\n\n\n\n<li><a href=\"https:\/\/www.in-muenchen.de\/ticker\/aus-muenchner-singles-wird-funkenflug.html\" data-type=\"link\" data-id=\"https:\/\/www.in-muenchen.de\/ticker\/aus-muenchner-singles-wird-funkenflug.html\" target=\"_blank\" rel=\"noreferrer noopener\">In M\u00fcnchen: Aus M\u00fcnchner Singles wird Funkenflug <\/a><\/li>\n<\/ul>\n\n\n\n<hr class=\"wp-block-separator has-text-color has-base-color has-alpha-channel-opacity has-base-background-color has-background\"\/>\n\n\n\n<h3 class=\"wp-block-heading\"><span class=\"ez-toc-section\" id=\"die_funkenflug_story\"><\/span>Die Funkenflug Story<span class=\"ez-toc-section-end\"><\/span><\/h3>\n\n\n\n<p>Begonnen hat alles als Hobby-Projekt der beiden Freunde Alexander Haslberger und Andreas Meran <strong>im Jahr 1999<\/strong>, also lange bevor es Facebook &amp; Co gab. <\/p>\n\n\n\n<div class=\"wp-block-media-text is-stacked-on-mobile\" style=\"grid-template-columns:34% auto\"><figure class=\"wp-block-media-text__media\"><img decoding=\"async\" width=\"600\" height=\"600\" src=\"https:\/\/www.funkenflug.app\/blog\/wp-content\/uploads\/2026\/01\/funkenflug-gruender-haslberger-meran.jpg\" alt=\"Funkenflug Gr\u00fcnder Alexander Haslberger und Andreas Meran\" class=\"wp-image-3720 size-full\" srcset=\"https:\/\/www.funkenflug.app\/blog\/wp-content\/uploads\/2026\/01\/funkenflug-gruender-haslberger-meran.jpg 600w, https:\/\/www.funkenflug.app\/blog\/wp-content\/uploads\/2026\/01\/funkenflug-gruender-haslberger-meran-300x300.jpg 300w, https:\/\/www.funkenflug.app\/blog\/wp-content\/uploads\/2026\/01\/funkenflug-gruender-haslberger-meran-150x150.jpg 150w\" sizes=\"(max-width: 600px) 100vw, 600px\" \/><\/figure><div class=\"wp-block-media-text__content\">\n<p>In ihrer Freizeit entwickelten sie die <strong>M\u00fcnchner Singles<\/strong>. Dank regelm\u00e4\u00dfiger Treffen mit den Mitgliedern entwickelte sich die Seite immer mehr zu einer Online-Gemeinschaft.<\/p>\n\n\n\n<p>Seither wurden allein in M\u00fcnchen \u00fcber 130.000 Events erstellt. Es sind viele langj\u00e4hrige Freundschaften entstanden und es haben sich <strong>zahlreiche gl\u00fcckliche P\u00e4rchen<\/strong> gefunden. <\/p>\n\n\n\n<p>Bei einigen von ihnen haben die Hochzeitglocken gel\u00e4utet und <strong>M\u00fcsi-Kinder<\/strong> das Licht der Welt erblickt. <\/p>\n<\/div><\/div>\n\n\n\n<p><\/p>\n\n\n\n<p>Auch das Team ist auf inzwischen <strong>10 Mitarbeiter <\/strong>angewachsen, die jeden Tag mit ganz viel Herz daf\u00fcr arbeiten, dass <strong>niemand allein sein muss<\/strong>. <\/p>\n\n\n\n<p>In den folgenden Jahren kamen <strong>weitere St\u00e4dte<\/strong> wie beispielsweise Berlin, Hamburg, Stuttgart und Wien hinzu. <\/p>\n\n\n\n<p>Da aber auch die Rufe aus vielen anderen St\u00e4dten nach unserem Angebot lauter wurden, haben wir beschlossen, den n\u00e4chsten gro\u00dfen Schritt zu gehen: Wir erweitern den Radius &#8211; und geben unserem Angebot &#8222;lediglich&#8220; einen neuen, passenden Namen: <strong>Funkenflug<\/strong>! <\/p>\n\n\n\n<p>Seit 6. Dezember 2023 ist es endlich soweit: <strong>Funkenflug l\u00e4sst jetzt die Funken aller Singles fliegen <\/strong>und entfacht ein gro\u00dfes Feuer der Liebe &amp; Freundschaft.<\/p>\n","protected":false},"excerpt":{"rendered":"<p>Seit \u00fcber zwei Jahrzehnten bringen wir Singles zusammen \u2013 nicht nur online, sondern auch im echten Leben. Was als kleine Community in M\u00fcnchen begann, ist heute eine der lebendigsten Dating- und Event-Plattformen im deutschsprachigen Raum. Hier entstehen t\u00e4glich neue Verbindungen: Freundschaften, spannende Begegnungen und nat\u00fcrlich echte Liebesgeschichten. Ob Speed-Dating, gemeinsame Aktivit\u00e4ten oder spontane Flirts \u2013 &#8230; <a title=\"Pressebereich von Funkenflug\" class=\"read-more\" href=\"https:\/\/www.funkenflug.app\/blog\/presse\/\" aria-label=\"Mehr Informationen \u00fcber Pressebereich von Funkenflug\">Weiterlesen<\/a><\/p>\n","protected":false},"author":5,"featured_media":3695,"parent":0,"menu_order":0,"comment_status":"closed","ping_status":"closed","template":"","meta":{"footnotes":""},"class_list":["post-3692","page","type-page","status-publish","has-post-thumbnail"],"_links":{"self":[{"href":"https:\/\/www.funkenflug.app\/blog\/wp-json\/wp\/v2\/pages\/3692","targetHints":{"allow":["GET"]}}],"collection":[{"href":"https:\/\/www.funkenflug.app\/blog\/wp-json\/wp\/v2\/pages"}],"about":[{"href":"https:\/\/www.funkenflug.app\/blog\/wp-json\/wp\/v2\/types\/page"}],"author":[{"embeddable":true,"href":"https:\/\/www.funkenflug.app\/blog\/wp-json\/wp\/v2\/users\/5"}],"replies":[{"embeddable":true,"href":"https:\/\/www.funkenflug.app\/blog\/wp-json\/wp\/v2\/comments?post=3692"}],"version-history":[{"count":35,"href":"https:\/\/www.funkenflug.app\/blog\/wp-json\/wp\/v2\/pages\/3692\/revisions"}],"predecessor-version":[{"id":3754,"href":"https:\/\/www.funkenflug.app\/blog\/wp-json\/wp\/v2\/pages\/3692\/revisions\/3754"}],"wp:featuredmedia":[{"embeddable":true,"href":"https:\/\/www.funkenflug.app\/blog\/wp-json\/wp\/v2\/media\/3695"}],"wp:attachment":[{"href":"https:\/\/www.funkenflug.app\/blog\/wp-json\/wp\/v2\/media?parent=3692"}],"curies":[{"name":"wp","href":"https:\/\/api.w.org\/{rel}","templated":true}]}}