{"id":429,"date":"2023-11-26T06:00:00","date_gmt":"2023-11-26T05:00:00","guid":{"rendered":"https:\/\/www.funkenflug.app\/blog\/?page_id=429"},"modified":"2023-12-07T11:32:56","modified_gmt":"2023-12-07T10:32:56","slug":"fragen-zur-umstellung","status":"publish","type":"page","link":"https:\/\/www.funkenflug.app\/blog\/fragen-zur-umstellung\/","title":{"rendered":"H\u00e4ufige Fragen zur Umstellung"},"content":{"rendered":"\n<p>Wir haben hier die wichtigsten Fragen und Antworten zur Umstellung auf Funkenflug f\u00fcr dich zusammengefasst:<\/p>\n\n\n\n<p><strong>Was \u00e4ndert sich f\u00fcr mich mit der Umstellung auf Funkenflug?<\/strong><\/p>\n\n\n\n<p>Mit Funkenflug w\u00e4chst der Radius, in dem du nach deinem Lieblingsmensch suchen und dich zu tollen Events und interessanten Gruppen anmelden kannst. Nat\u00fcrlich nur, wenn du das m\u00f6chtest. Wenn nicht, bleibt (fast) alles beim Alten.<\/p>\n\n\n\n<p><strong>Wie logge ich mich ein?<\/strong><\/p>\n\n\n\n<p>Du erreichst uns unter <a href=\"http:\/\/www.funkenflug.app\">www.funkenflug.app<\/a> und kannst dich wie gewohnt mit deiner E-Mail Adresse und deinem Passwort einloggen.<\/p>\n\n\n\n<p><strong>Ich habe Probleme beim Login, was kann ich tun?<\/strong><\/p>\n\n\n\n<p>Wenn du Schwierigkeiten beim Einloggen hast, kannst du dir jederzeit ein neues Passwort an deine bei uns hinterlegte E-Mail Adresse zuschicken lassen. Wenn du keine E-Mail von uns bekommst, pr\u00fcfe bitte, ob diese versehentlich im Spamordner gelandet ist.<\/p>\n\n\n\n<p><strong>Brauche ich eine neue App?<\/strong><\/p>\n\n\n\n<p>Als iOS-Nutzer brauchst du keine neue App. Die Umstellung erfolgt automatisch.<\/p>\n\n\n\n<p>Android Nutzer m\u00fcssen sich die neue App einmal herunterladen und k\u00f6nnen sich dann wie gewohnt einloggen. Nach dem Login mit E-Mail Adresse und Passwort sind alle deine Daten wie gewohnt vorhanden.<\/p>\n\n\n\n<div class=\"wp-block-buttons is-content-justification-center is-layout-flex wp-container-core-buttons-is-layout-16018d1d wp-block-buttons-is-layout-flex\">\n<div class=\"wp-block-button\"><a class=\"wp-block-button__link has-background has-text-align-center wp-element-button\" href=\"https:\/\/play.google.com\/store\/apps\/details?id=app.funkenflug\" style=\"background-color:#f7a910\" target=\"_blank\" rel=\"noreferrer noopener\"><strong>Zur neuen Android-App<\/strong><\/a><\/div>\n<\/div>\n\n\n\n<p><\/p>\n\n\n\n<p><strong>Was ist mit meiner Premiummitgliedschaft?<\/strong><\/p>\n\n\n\n<p>Deine Premiummitgliedschaft l\u00e4uft wie gewohnt weiter. Du musst keine neue Premiummitgliedschaft abschlie\u00dfen. Auch Abos und Eventgutschriften f\u00fcr Initiatoren laufen wie gewohnt weiter.<\/p>\n\n\n\n<p><strong>Was passiert mit meinen Events und meinen Eventanmeldungen?<\/strong><\/p>\n\n\n\n<p>Alle deine Events und Eventanmeldungen bleiben erhalten, das gilt auch f\u00fcr die Gruppen. Falls du in mehreren St\u00e4dten aktiv bist, informieren wir dich rechtzeitig per E-Mail und PN, was in diesem Fall zu tun ist.<\/p>\n\n\n\n<p><strong>Wird jetzt alles teurer?<\/strong><\/p>\n\n\n\n<p>Nein, durch die Umstellung wird es keine Preiserh\u00f6hung geben.<\/p>\n\n\n\n<p><strong>Wird mein Profil jetzt automatisch in ganz Deutschland gefunden?<\/strong><\/p>\n\n\n\n<p>Die Regionalit\u00e4t bleibt auch nach der Umstellung erhalten, der maximale Radius, in dem dein Profil gefunden werden kann, liegt bei 200 km.<\/p>\n\n\n\n<p><strong>Was ist mit meinen Daten?<\/strong><\/p>\n\n\n\n<p>Auch nach der Umstellung auf Funkenflug bleiben wir unseren strengen Datenschutzrichtlinien treu.<\/p>\n\n\n\n<p><strong>Was ist mit dem Team?<\/strong><\/p>\n\n\n\n<div class=\"wp-block-media-text is-stacked-on-mobile\"><figure class=\"wp-block-media-text__media\"><img decoding=\"async\" width=\"599\" height=\"250\" src=\"https:\/\/www.funkenflug.app\/blog\/wp-content\/uploads\/2023\/11\/funkenflug_team.jpg\" alt=\"\" class=\"wp-image-483 size-full\" srcset=\"https:\/\/www.funkenflug.app\/blog\/wp-content\/uploads\/2023\/11\/funkenflug_team.jpg 599w, https:\/\/www.funkenflug.app\/blog\/wp-content\/uploads\/2023\/11\/funkenflug_team-300x125.jpg 300w\" sizes=\"(max-width: 599px) 100vw, 599px\" \/><\/figure><div class=\"wp-block-media-text__content\">\n<p>Wir vom Team sind wie bisher f\u00fcr euch da. Und um Ger\u00fcchten vorzubeugen: Alles bleibt beim Team beim Alten und wir sind auch nicht an einen Investor verkauft worden. &nbsp;<\/p>\n<\/div><\/div>\n\n\n\n<p><\/p>\n\n\n\n<p>Bei Fragen helfen dir unsere Support-Heldinnen jederzeit gerne weiter unter <a href=\"mailto:team@funkenflug.app\">team@funkenflug.app<\/a><\/p>\n","protected":false},"excerpt":{"rendered":"<p>Wir haben hier die wichtigsten Fragen und Antworten zur Umstellung auf Funkenflug f\u00fcr dich zusammengefasst: Was \u00e4ndert sich f\u00fcr mich mit der Umstellung auf Funkenflug? Mit Funkenflug w\u00e4chst der Radius, in dem du nach deinem Lieblingsmensch suchen und dich zu tollen Events und interessanten Gruppen anmelden kannst. Nat\u00fcrlich nur, wenn du das m\u00f6chtest. Wenn nicht, &#8230; <a title=\"H\u00e4ufige Fragen zur Umstellung\" class=\"read-more\" href=\"https:\/\/www.funkenflug.app\/blog\/fragen-zur-umstellung\/\" aria-label=\"Mehr Informationen \u00fcber H\u00e4ufige Fragen zur Umstellung\">Weiterlesen<\/a><\/p>\n","protected":false},"author":4,"featured_media":457,"parent":0,"menu_order":0,"comment_status":"closed","ping_status":"closed","template":"","meta":{"_acf_changed":false,"footnotes":""},"class_list":["post-429","page","type-page","status-publish","has-post-thumbnail"],"acf":[],"_links":{"self":[{"href":"https:\/\/www.funkenflug.app\/blog\/wp-json\/wp\/v2\/pages\/429","targetHints":{"allow":["GET"]}}],"collection":[{"href":"https:\/\/www.funkenflug.app\/blog\/wp-json\/wp\/v2\/pages"}],"about":[{"href":"https:\/\/www.funkenflug.app\/blog\/wp-json\/wp\/v2\/types\/page"}],"author":[{"embeddable":true,"href":"https:\/\/www.funkenflug.app\/blog\/wp-json\/wp\/v2\/users\/4"}],"replies":[{"embeddable":true,"href":"https:\/\/www.funkenflug.app\/blog\/wp-json\/wp\/v2\/comments?post=429"}],"version-history":[{"count":0,"href":"https:\/\/www.funkenflug.app\/blog\/wp-json\/wp\/v2\/pages\/429\/revisions"}],"wp:featuredmedia":[{"embeddable":true,"href":"https:\/\/www.funkenflug.app\/blog\/wp-json\/wp\/v2\/media\/457"}],"wp:attachment":[{"href":"https:\/\/www.funkenflug.app\/blog\/wp-json\/wp\/v2\/media?parent=429"}],"curies":[{"name":"wp","href":"https:\/\/api.w.org\/{rel}","templated":true}]}}