{"id":6203,"date":"2024-06-12T19:48:16","date_gmt":"2024-06-12T17:48:16","guid":{"rendered":"https:\/\/www.funkenflug.app\/liebeskram\/?page_id=6203"},"modified":"2026-02-24T09:13:47","modified_gmt":"2026-02-24T08:13:47","slug":"single-staedte","status":"publish","type":"page","link":"https:\/\/www.funkenflug.app\/liebeskram\/single-staedte\/","title":{"rendered":"Unsere St\u00e4dte"},"content":{"rendered":"\n<h1 class=\"wp-block-heading\">Single-St\u00e4dte &#8211; Dating und Partnersuche in deiner Stadt<\/h1>\n\n\n\n<p>Jede Stadt tickt anders &#8211; und genauso unterschiedlich funktioniert Dating vor Ort. Hier findest du Tipps rund um Dating und Partnersuche in verschiedenen St\u00e4dten: wo du neue Leute kennenlernen kannst, was in deiner Region gut funktioniert und welche M\u00f6glichkeiten es abseits von Apps gibt. W\u00e4hle einfach deine Stadt aus und entdecke Beitr\u00e4ge, die genau zu deinem Alltag passen.<\/p>\n\n\n<div class=\"gb-grid-wrapper gb-grid-wrapper-c070f9ed\">\n<div class=\"gb-grid-column gb-grid-column-ab595ad5\"><div class=\"gb-container gb-container-ab595ad5\"><a class=\"gb-container-link\" href=\"https:\/\/www.funkenflug.app\/liebeskram\/muenchen\"><\/a>\n<div class=\"gb-container gb-container-01b8b777 homepage-city-image\"><a class=\"gb-container-link\" href=\"https:\/\/www.funkenflug.app\/liebeskram\/muenchen\"><\/a>\n\n<p class=\"homepage-city-name\">M\u00fcnchen<\/p>\n\n<\/div>\n\n<div class=\"gb-container gb-container-de4295ad\">\n\n<p>Finde dein \u201eSpatzl\u201c in M\u00fcnchen: Geheimtipps und Lieblingsorte von und f\u00fcr M\u00fcnchner Singles M\u00fcnchen bietet unz\u00e4hlige M\u00f6glichkeiten f\u00fcr unvergessliche Dates \u2013 perfekt f\u00fcr M\u00fcnchner Singles, die auf Partnersuche sind und &#8230; <\/p>\n\n<\/div>\n<\/div><\/div>\n\n<div class=\"gb-grid-column gb-grid-column-320fdf73\"><div class=\"gb-container gb-container-320fdf73\"><a class=\"gb-container-link\" href=\"https:\/\/www.funkenflug.app\/liebeskram\/berlin\"><\/a>\n<div class=\"gb-container gb-container-8ef5a69e homepage-city-image\"><a class=\"gb-container-link\" href=\"https:\/\/www.funkenflug.app\/liebeskram\/berlin\"><\/a>\n\n<p class=\"homepage-city-name\">Berlin<\/p>\n\n<\/div>\n\n<div class=\"gb-container gb-container-56f243b8\">\n\n<p>F\u00fcr Berliner Singles: Entdecke die besten Locations und Tipps f\u00fcr das Singleleben in deiner Stadt Als Single stehen dir in Berlin alle T\u00fcren offen, um deinen Traumpartner zu finden. Die &#8230; <\/p>\n\n<\/div>\n<\/div><\/div>\n<\/div>\n\n<div class=\"gb-grid-wrapper gb-grid-wrapper-a9b46d6a\">\n<div class=\"gb-grid-column gb-grid-column-ec3938f3\"><div class=\"gb-container gb-container-ec3938f3\"><a class=\"gb-container-link\" href=\"https:\/\/www.funkenflug.app\/liebeskram\/hamburg\"><\/a>\n<div class=\"gb-container gb-container-3702beb2 homepage-city-image\"><a class=\"gb-container-link\" href=\"https:\/\/www.funkenflug.app\/liebeskram\/hamburg\"><\/a>\n\n<p class=\"homepage-city-name\">Hamburg<\/p>\n\n<\/div>\n\n<div class=\"gb-container gb-container-9bb6eefc\">\n\n<p>Stell dir vor, du k\u00f6nntest in Hamburg, der inoffiziellen Online-Dating-Hauptstadt Deutschlands, nicht nur einen netten Abend verbringen, sondern tats\u00e4chlich den Lieblingsmenschen finden, nach dem du schon so lange suchst. Diese &#8230; <\/p>\n\n<\/div>\n<\/div><\/div>\n\n<div class=\"gb-grid-column gb-grid-column-701f9a5e\"><div class=\"gb-container gb-container-701f9a5e\"><a class=\"gb-container-link\" href=\"https:\/\/www.funkenflug.app\/liebeskram\/stuttgart\"><\/a>\n<div class=\"gb-container gb-container-b7a849fc homepage-city-image\"><a class=\"gb-container-link\" href=\"https:\/\/www.funkenflug.app\/liebeskram\/stuttgart\"><\/a>\n\n<p class=\"homepage-city-name\">Stuttgart<\/p>\n\n<\/div>\n\n<div class=\"gb-container gb-container-dba14bdd\">\n\n<p>Auch im Schwabenl\u00e4ndle gibt es jede Menge Singles, die auf der Suche nach ihrer besseren H\u00e4lfte sind. Flirten und daten umgeben von Weinbergen \u2013 was k\u00f6nnte es Romantischeres geben? Klick &#8230; <\/p>\n\n<\/div>\n<\/div><\/div>\n<\/div>\n\n<div class=\"gb-grid-wrapper gb-grid-wrapper-753f113e\">\n<div class=\"gb-grid-column gb-grid-column-d55e8a1b\"><div class=\"gb-container gb-container-d55e8a1b\"><a class=\"gb-container-link\" href=\"https:\/\/www.funkenflug.app\/liebeskram\/wien\"><\/a>\n<div class=\"gb-container gb-container-fbc10006 homepage-city-image\"><a class=\"gb-container-link\" href=\"https:\/\/www.funkenflug.app\/liebeskram\/wien\"><\/a>\n\n<p class=\"homepage-city-name\">Wien<\/p>\n\n<\/div>\n\n<div class=\"gb-container gb-container-ea35f9b6\">\n\n<p>Wien strahlt f\u00f6rmlich vor Eleganz. Architektonische Meisterwerke aus verschiedenen Epochen hauchen der \u00f6sterreichischen Hauptstadt das gewisse Extra an Romantik ein. Perfekt also, um sich als Single in Wien nicht nur &#8230; <\/p>\n\n<\/div>\n<\/div><\/div>\n\n<div class=\"gb-grid-column gb-grid-column-cbb7d172\"><div class=\"gb-container gb-container-cbb7d172\"><a class=\"gb-container-link\" href=\"https:\/\/www.funkenflug.app\/liebeskram\/koeln\"><\/a>\n<div class=\"gb-container gb-container-2601154b homepage-city-image\"><a class=\"gb-container-link\" href=\"https:\/\/www.funkenflug.app\/liebeskram\/koeln\"><\/a>\n\n<p class=\"homepage-city-name\">K\u00f6ln<\/p>\n\n<\/div>\n\n<div class=\"gb-container gb-container-f522fda7\">\n\n<p>Die lebensfrohe Stadt am Rhein bietet Singles hervorragende Voraussetzungen f\u00fcr aufregende Dates mit Schmetterlinge-im-Bauch-Potenzial. Denn als Single in K\u00f6ln gibt es so einiges zu entdecken. Um dir eine Orientierung zu &#8230; <\/p>\n\n<\/div>\n<\/div><\/div>\n<\/div>\n\n<div class=\"gb-grid-wrapper gb-grid-wrapper-dd15579f\">\n<div class=\"gb-grid-column gb-grid-column-61016322\"><div class=\"gb-container gb-container-61016322\"><a class=\"gb-container-link\" href=\"https:\/\/www.funkenflug.app\/liebeskram\/frankfurt\"><\/a>\n<div class=\"gb-container gb-container-00ba9d2b homepage-city-image\"><a class=\"gb-container-link\" href=\"https:\/\/www.funkenflug.app\/liebeskram\/frankfurt\"><\/a>\n\n<p class=\"homepage-city-name\">Frankfurt<\/p>\n\n<\/div>\n\n<div class=\"gb-container gb-container-4bc1270d\">\n\n<p>Single in Frankfurt? Nicht mehr lange, denn mit unseren Tipps rund ums Single-Leben in der Main-Metroplole findest du ganz entspannt deine bessere H\u00e4lfte. Wir w\u00fcnschen dir viel Spa\u00df beim Lesen! &#8230; <\/p>\n\n<\/div>\n<\/div><\/div>\n\n<div class=\"gb-grid-column gb-grid-column-953bf1c6\"><div class=\"gb-container gb-container-953bf1c6\"><a class=\"gb-container-link\" href=\"https:\/\/www.funkenflug.app\/liebeskram\/dresden\"><\/a>\n<div class=\"gb-container gb-container-2255a58a homepage-city-image\"><a class=\"gb-container-link\" href=\"https:\/\/www.funkenflug.app\/liebeskram\/dresden\"><\/a>\n\n<p class=\"homepage-city-name\">Dresden<\/p>\n\n<\/div>\n\n<div class=\"gb-container gb-container-c3111f07\">\n\n<p>Hier findest du viele hilfreiche Tipps rund um das Thema Partnersuche und Kennenlernen in der wundersch\u00f6nen Stadt Dresden. Tauche ein in die Welt des Datings in Dresden und lass dich &#8230; <\/p>\n\n<\/div>\n<\/div><\/div>\n<\/div>\n\n\n<p><\/p>\n","protected":false},"excerpt":{"rendered":"<p>Single-St\u00e4dte &#8211; Dating und Partnersuche in deiner Stadt Jede Stadt tickt anders &#8211; und genauso unterschiedlich funktioniert Dating vor Ort. Hier findest du Tipps rund um Dating und Partnersuche in verschiedenen St\u00e4dten: wo du neue Leute kennenlernen kannst, was in deiner Region gut funktioniert und welche M\u00f6glichkeiten es abseits von Apps gibt. W\u00e4hle einfach deine Stadt aus und entdecke Beitr\u00e4ge, &#8230; <a title=\"Unsere St\u00e4dte\" class=\"read-more\" href=\"https:\/\/www.funkenflug.app\/liebeskram\/single-staedte\/\" aria-label=\"Mehr Informationen \u00fcber Unsere St\u00e4dte\">weiterlesen &#8230;<\/a><\/p>\n","protected":false},"author":1,"featured_media":0,"parent":0,"menu_order":0,"comment_status":"closed","ping_status":"closed","template":"","meta":{"_acf_changed":false,"footnotes":""},"class_list":["post-6203","page","type-page","status-publish"],"acf":[],"_links":{"self":[{"href":"https:\/\/www.funkenflug.app\/liebeskram\/wp-json\/wp\/v2\/pages\/6203","targetHints":{"allow":["GET"]}}],"collection":[{"href":"https:\/\/www.funkenflug.app\/liebeskram\/wp-json\/wp\/v2\/pages"}],"about":[{"href":"https:\/\/www.funkenflug.app\/liebeskram\/wp-json\/wp\/v2\/types\/page"}],"author":[{"embeddable":true,"href":"https:\/\/www.funkenflug.app\/liebeskram\/wp-json\/wp\/v2\/users\/1"}],"replies":[{"embeddable":true,"href":"https:\/\/www.funkenflug.app\/liebeskram\/wp-json\/wp\/v2\/comments?post=6203"}],"version-history":[{"count":21,"href":"https:\/\/www.funkenflug.app\/liebeskram\/wp-json\/wp\/v2\/pages\/6203\/revisions"}],"predecessor-version":[{"id":11516,"href":"https:\/\/www.funkenflug.app\/liebeskram\/wp-json\/wp\/v2\/pages\/6203\/revisions\/11516"}],"wp:attachment":[{"href":"https:\/\/www.funkenflug.app\/liebeskram\/wp-json\/wp\/v2\/media?parent=6203"}],"curies":[{"name":"wp","href":"https:\/\/api.w.org\/{rel}","templated":true}]}}