{"id":6205,"date":"2024-06-12T19:20:40","date_gmt":"2024-06-12T17:20:40","guid":{"rendered":"https:\/\/www.funkenflug.app\/liebeskram\/?page_id=6205"},"modified":"2024-12-12T14:49:39","modified_gmt":"2024-12-12T13:49:39","slug":"muenchen","status":"publish","type":"page","link":"https:\/\/www.funkenflug.app\/liebeskram\/single-staedte\/muenchen\/","title":{"rendered":"M\u00fcnchen"},"content":{"rendered":"\n<h1 class=\"wp-block-heading\"><span class=\"ez-toc-section\" id=\"finde_dein_%e2%80%9espatzl%e2%80%9c_in_muenchen_geheimtipps_und_lieblingsorte_von_und_fuer_muenchner_singles\"><\/span>Finde dein \u201eSpatzl\u201c in M\u00fcnchen: Geheimtipps und Lieblingsorte von und f\u00fcr M\u00fcnchner Singles<span class=\"ez-toc-section-end\"><\/span><\/h1>\n\n\n\n<figure class=\"wp-block-image size-full is-resized\"><img loading=\"lazy\" decoding=\"async\" width=\"1170\" height=\"515\" src=\"https:\/\/www.funkenflug.app\/liebeskram\/wp-content\/uploads\/2023\/12\/single-muenchen-tipps.jpg\" alt=\"Tipps f\u00fcr Singles aus M\u00fcnchen\" class=\"wp-image-6617\" style=\"aspect-ratio:3.066666666666667;object-fit:cover;width:945px;height:auto\" srcset=\"https:\/\/www.funkenflug.app\/liebeskram\/wp-content\/uploads\/2023\/12\/single-muenchen-tipps.jpg 1170w, https:\/\/www.funkenflug.app\/liebeskram\/wp-content\/uploads\/2023\/12\/single-muenchen-tipps-900x396.jpg 900w, https:\/\/www.funkenflug.app\/liebeskram\/wp-content\/uploads\/2023\/12\/single-muenchen-tipps-150x66.jpg 150w, https:\/\/www.funkenflug.app\/liebeskram\/wp-content\/uploads\/2023\/12\/single-muenchen-tipps-300x132.jpg 300w, https:\/\/www.funkenflug.app\/liebeskram\/wp-content\/uploads\/2023\/12\/single-muenchen-tipps-768x338.jpg 768w, https:\/\/www.funkenflug.app\/liebeskram\/wp-content\/uploads\/2023\/12\/single-muenchen-tipps-944x416.jpg 944w\" sizes=\"auto, (max-width: 1170px) 100vw, 1170px\" \/><\/figure>\n\n\n\n<p>M\u00fcnchen bietet unz\u00e4hlige M\u00f6glichkeiten f\u00fcr unvergessliche Dates \u2013 perfekt f\u00fcr M\u00fcnchner Singles, die auf Partnersuche sind und besondere Momente erleben m\u00f6chten. <\/p>\n\n\n\n<p>Wir verraten dir unsere liebsten Pl\u00e4tze und die versteckten Lieblingspl\u00e4tze der M\u00fcnchner f\u00fcr romantische Verabredungen und das erste Kennenlernen. Ob du <a href=\"https:\/\/www.funkenflug.app\/liebeskram\/cafes-date-muenchen\/\">ein gem\u00fctliches Caf\u00e9<\/a> an der Isar suchst, Hand in Hand durch den Englischen Garten schlendern m\u00f6chtest oder den Abend in <a href=\"https:\/\/www.funkenflug.app\/liebeskram\/bars-date-muenchen\/\">einer charmanten Bar<\/a> ausklingen lassen willst &#8211; damit du dein \u201eSpatzl\u201c in M\u00fcnchen nicht nur findest, sondern auch mit wundervollen Augenblicken verzauberst.<\/p>\n\n\n\n<p>Dar\u00fcber hinaus erf\u00e4hrst du bei uns alles Wichtige rund um <a href=\"https:\/\/www.funkenflug.app\/liebeskram\/singles-kennenlernen-muenchen\/\">die Partnersuche in M\u00fcnchen<\/a> \u2013 von den <a href=\"https:\/\/www.funkenflug.app\/event?locality=Muenchen\">angesagtesten Events<\/a> bis hin zu <a href=\"https:\/\/www.funkenflug.app\/liebeskram\/restaurants-date-muenchen\/\">Geheimtipps f\u00fcr unvergessliche Dates<\/a>. Also schnapp dir dein Herzblatt und lass die Funken fliegen, denn hier findest du alles, was du brauchst, um in M\u00fcnchen die Liebe zu finden und einzigartige Erlebnisse zu teilen.<\/p>\n\n\n<div class=\"gb-container gb-container-ba02bb06\">\n\n<div class=\"gb-grid-wrapper gb-grid-wrapper-429e8375 gb-query-loop-wrapper\">\n<div class=\"gb-grid-column gb-grid-column-8c22cb1f gb-query-loop-item post-8827 post type-post status-publish format-standard has-post-thumbnail hentry category-muenchen tag-date-ideen tag-regen tag-schlechtes-wetter tag-tipps\"><div class=\"gb-container gb-container-8c22cb1f\">\n<figure class=\"gb-block-image gb-block-image-8657d98a\"><img loading=\"lazy\" decoding=\"async\" width=\"900\" height=\"396\" src=\"https:\/\/www.funkenflug.app\/liebeskram\/wp-content\/uploads\/2024\/10\/Date-Ideen-Schlechtes-Wetter-2-e1738684416903.jpg\" class=\"gb-image-8657d98a\" alt=\"Date Ideen bei schlechtem Wetter in deiner Stadt\" \/><\/figure>\n\n<h2 class=\"gb-headline gb-headline-a4a4182d gb-headline-text\"><span class=\"ez-toc-section\" id=\"die_besten_date_ideen_bei_schlechtem_wetter_in_muenchen\"><\/span><a href=\"https:\/\/www.funkenflug.app\/liebeskram\/date-ideen-schlechtes-wetter-muenchen\/\">Die besten Date Ideen bei schlechtem Wetter in M\u00fcnchen<\/a><span class=\"ez-toc-section-end\"><\/span><\/h2>\n\n<div class=\"gb-headline gb-headline-73127276 gb-headline-text\">Regen in M\u00fcnchen \u2013 und das geplante Date droht ins Wasser zu fallen? Keine Sorge. Auch bei schlechtem Wetter gibt es jede Menge kreative Date Ideen, die richtig Spa\u00df machen. Von actionreich bis gem\u00fctlich, von spontan bis romantisch: Wir verraten dir hier unsere besten Indoor Dates in M\u00fcnchen f\u00fcr Regentage. &#8230; <a title=\"Die besten Date Ideen bei schlechtem Wetter in M\u00fcnchen\" class=\"read-more\" href=\"https:\/\/www.funkenflug.app\/liebeskram\/date-ideen-schlechtes-wetter-muenchen\/\" aria-label=\"Mehr Informationen \u00fcber Die besten Date Ideen bei schlechtem Wetter in M\u00fcnchen\">weiterlesen &#8230;<\/a><\/div>\n<\/div><\/div>\n\n<div class=\"gb-grid-column gb-grid-column-8c22cb1f gb-query-loop-item post-9106 post type-post status-publish format-standard has-post-thumbnail hentry category-muenchen tag-muenchen-2 tag-single tag-weihnachten\"><div class=\"gb-container gb-container-8c22cb1f\">\n<figure class=\"gb-block-image gb-block-image-8657d98a\"><img loading=\"lazy\" decoding=\"async\" width=\"900\" height=\"396\" src=\"https:\/\/www.funkenflug.app\/liebeskram\/wp-content\/uploads\/2024\/11\/Single-Weihnachten-Ratgeber-e1738684347146.jpg\" class=\"gb-image-8657d98a\" alt=\"Singlefrau auf dem Weihnachtsmarkt\" \/><\/figure>\n\n<h2 class=\"gb-headline gb-headline-a4a4182d gb-headline-text\"><span class=\"ez-toc-section\" id=\"weihnachten_und_silvester_allein_in_muenchen_die_besten_tipps_und_events\"><\/span><a href=\"https:\/\/www.funkenflug.app\/liebeskram\/weihnachten-und-silvester-single\/\">Weihnachten und Silvester allein in M\u00fcnchen? Die besten Tipps und Events<\/a><span class=\"ez-toc-section-end\"><\/span><\/h2>\n\n<div class=\"gb-headline gb-headline-73127276 gb-headline-text\">Entdecke, wie du Weihnachten und Silvester alleine in M\u00fcnchen unvergesslich gestalten kannst: Tipps f\u00fcr Events, Aktivit\u00e4ten und neue Kontakte in der festlichen Zeit.<\/div>\n<\/div><\/div>\n\n<div class=\"gb-grid-column gb-grid-column-8c22cb1f gb-query-loop-item post-9834 post type-post status-publish format-standard has-post-thumbnail hentry category-muenchen tag-muenchen-2 tag-singleparty tag-singles tag-tipps\"><div class=\"gb-container gb-container-8c22cb1f\">\n<figure class=\"gb-block-image gb-block-image-8657d98a\"><img loading=\"lazy\" decoding=\"async\" width=\"900\" height=\"396\" src=\"https:\/\/www.funkenflug.app\/liebeskram\/wp-content\/uploads\/2025\/05\/singleparty-muenchen-tipps.jpg\" class=\"gb-image-8657d98a\" alt=\"Singles \u00fcber 30 tanzen auf einer Single Party und haben Spa\u00df.\" srcset=\"https:\/\/www.funkenflug.app\/liebeskram\/wp-content\/uploads\/2025\/05\/singleparty-muenchen-tipps.jpg 900w, https:\/\/www.funkenflug.app\/liebeskram\/wp-content\/uploads\/2025\/05\/singleparty-muenchen-tipps-300x132.jpg 300w, https:\/\/www.funkenflug.app\/liebeskram\/wp-content\/uploads\/2025\/05\/singleparty-muenchen-tipps-150x66.jpg 150w, https:\/\/www.funkenflug.app\/liebeskram\/wp-content\/uploads\/2025\/05\/singleparty-muenchen-tipps-768x338.jpg 768w\" sizes=\"auto, (max-width: 900px) 100vw, 900px\" \/><\/figure>\n\n<h2 class=\"gb-headline gb-headline-a4a4182d gb-headline-text\"><span class=\"ez-toc-section\" id=\"singlepartys_in_muenchen_ue30_%e2%80%93_die_besten_single-partys_termine\"><\/span><a href=\"https:\/\/www.funkenflug.app\/liebeskram\/singleparty-muenchen\/\">Singlepartys in M\u00fcnchen (\u00dc30) &#8211; die besten Single-Partys &amp; Termine<\/a><span class=\"ez-toc-section-end\"><\/span><\/h2>\n\n<div class=\"gb-headline gb-headline-73127276 gb-headline-text\">Die besten Singlepartys in M\u00fcnchen: Termine, Locations &#038; Tickets \u2013 erlebe unvergessliche Abende, bei denen die Funken fliegen.<\/div>\n<\/div><\/div>\n\n<div class=\"gb-grid-column gb-grid-column-8c22cb1f gb-query-loop-item post-33 post type-post status-publish format-standard has-post-thumbnail hentry category-muenchen tag-bars tag-flirten tag-muenchen tag-single\"><div class=\"gb-container gb-container-8c22cb1f\">\n<figure class=\"gb-block-image gb-block-image-8657d98a\"><img loading=\"lazy\" decoding=\"async\" width=\"1170\" height=\"515\" src=\"https:\/\/www.funkenflug.app\/liebeskram\/wp-content\/uploads\/2022\/10\/bars-fuers-date.jpg\" class=\"gb-image-8657d98a\" alt=\"Paar beim Date in einer Bar\" srcset=\"https:\/\/www.funkenflug.app\/liebeskram\/wp-content\/uploads\/2022\/10\/bars-fuers-date.jpg 1170w, https:\/\/www.funkenflug.app\/liebeskram\/wp-content\/uploads\/2022\/10\/bars-fuers-date-900x396.jpg 900w, https:\/\/www.funkenflug.app\/liebeskram\/wp-content\/uploads\/2022\/10\/bars-fuers-date-150x66.jpg 150w, https:\/\/www.funkenflug.app\/liebeskram\/wp-content\/uploads\/2022\/10\/bars-fuers-date-300x132.jpg 300w, https:\/\/www.funkenflug.app\/liebeskram\/wp-content\/uploads\/2022\/10\/bars-fuers-date-768x338.jpg 768w, https:\/\/www.funkenflug.app\/liebeskram\/wp-content\/uploads\/2022\/10\/bars-fuers-date-944x416.jpg 944w\" sizes=\"auto, (max-width: 1170px) 100vw, 1170px\" \/><\/figure>\n\n<h2 class=\"gb-headline gb-headline-a4a4182d gb-headline-text\"><span class=\"ez-toc-section\" id=\"die_10_coolsten_bars_fuers_date_in_muenchen\"><\/span><a href=\"https:\/\/www.funkenflug.app\/liebeskram\/bars-date-muenchen\/\">Die 10 coolsten Bars f\u00fcrs Date in M\u00fcnchen<\/a><span class=\"ez-toc-section-end\"><\/span><\/h2>\n\n<div class=\"gb-headline gb-headline-73127276 gb-headline-text\">Du hast&nbsp;online jemanden kennen gelernt, der dein Herz schneller schlagen l\u00e4sst? Ihr habt euch geschrieben und telefoniert und jetzt wollt ihr euch endlich zu einem Date in einer Bar verabreden. Bars gibt es in M\u00fcnchen ja viele, doch wie die richtige Bar f\u00fcr euer erstes Date finden? Um euch die &#8230; <a title=\"Die 10 coolsten Bars f\u00fcrs Date in M\u00fcnchen\" class=\"read-more\" href=\"https:\/\/www.funkenflug.app\/liebeskram\/bars-date-muenchen\/\" aria-label=\"Mehr Informationen \u00fcber Die 10 coolsten Bars f\u00fcrs Date in M\u00fcnchen\">weiterlesen &#8230;<\/a><\/div>\n<\/div><\/div>\n\n<div class=\"gb-grid-column gb-grid-column-8c22cb1f gb-query-loop-item post-7303 post type-post status-publish format-standard has-post-thumbnail hentry category-muenchen tag-leute-kennenlernen tag-muenchen-2\"><div class=\"gb-container gb-container-8c22cb1f\">\n<figure class=\"gb-block-image gb-block-image-8657d98a\"><img loading=\"lazy\" decoding=\"async\" width=\"900\" height=\"396\" src=\"https:\/\/www.funkenflug.app\/liebeskram\/wp-content\/uploads\/2024\/01\/neue-leute-kennenlernen-e1738685331398.jpg\" class=\"gb-image-8657d98a\" alt=\"So lernst du neue Leute kennen\" \/><\/figure>\n\n<h2 class=\"gb-headline gb-headline-a4a4182d gb-headline-text\"><span class=\"ez-toc-section\" id=\"neue_leute_kennenlernen_in_muenchen_20_einfache_tipps\"><\/span><a href=\"https:\/\/www.funkenflug.app\/liebeskram\/leute-kennenlernen-muenchen\/\">Neue Leute kennenlernen in M\u00fcnchen? 20 einfache Tipps!<\/a><span class=\"ez-toc-section-end\"><\/span><\/h2>\n\n<div class=\"gb-headline gb-headline-73127276 gb-headline-text\">Du bist neu in der Stadt, gerade frisch getrennt oder willst einfach so neue Leute kennenlernen in M\u00fcnchen? Ab einem gewissen Alter wird es immer schwieriger neue Leute in M\u00fcnchen kennenzulernen &#8211; immerhin verbringt man die meiste Zeit in der Arbeit. Wenn aber die Kollegen schon Familien haben oder nicht &#8230; <a title=\"Neue Leute kennenlernen in M\u00fcnchen? 20 einfache Tipps!\" class=\"read-more\" href=\"https:\/\/www.funkenflug.app\/liebeskram\/leute-kennenlernen-muenchen\/\" aria-label=\"Mehr Informationen \u00fcber Neue Leute kennenlernen in M\u00fcnchen? 20 einfache Tipps!\">weiterlesen &#8230;<\/a><\/div>\n<\/div><\/div>\n\n<div class=\"gb-grid-column gb-grid-column-8c22cb1f gb-query-loop-item post-8614 post type-post status-publish format-standard has-post-thumbnail hentry category-muenchen tag-date-in-muenchen tag-dating tag-muenchen-2\"><div class=\"gb-container gb-container-8c22cb1f\">\n<figure class=\"gb-block-image gb-block-image-8657d98a\"><img loading=\"lazy\" decoding=\"async\" width=\"900\" height=\"396\" src=\"https:\/\/www.funkenflug.app\/liebeskram\/wp-content\/uploads\/2024\/09\/paar-in-muenchen-bei-einem-date-e1738684491364.webp\" class=\"gb-image-8657d98a\" alt=\"Ein Paar beim Dating in M\u00fcnchen\" \/><\/figure>\n\n<h2 class=\"gb-headline gb-headline-a4a4182d gb-headline-text\"><span class=\"ez-toc-section\" id=\"dating_in_muenchen_heute_%e2%80%93_so_lernst_du_heute_wirklich_singles_kennen\"><\/span><a href=\"https:\/\/www.funkenflug.app\/liebeskram\/dating-in-muenchen\/\">Dating in M\u00fcnchen heute &#8211; So lernst du heute wirklich Singles kennen<\/a><span class=\"ez-toc-section-end\"><\/span><\/h2>\n\n<div class=\"gb-headline gb-headline-73127276 gb-headline-text\">Wenn ich ehrlich bin: Dating in M\u00fcnchen ist oft wie der Mittlere Ring zur Rushhour. Es geht voran, aber bitte nicht fragen wie schnell. Und wer in M\u00fcnchen Single ist und die vierzig deutlich hinter sich gelassen hat, kennt das: Man hat schon einiges probiert \u2014 Apps, Portale, sich \u00fcberreden &#8230; <a title=\"Dating in M\u00fcnchen heute &#8211; So lernst du heute wirklich Singles kennen\" class=\"read-more\" href=\"https:\/\/www.funkenflug.app\/liebeskram\/dating-in-muenchen\/\" aria-label=\"Mehr Informationen \u00fcber Dating in M\u00fcnchen heute &#8211; So lernst du heute wirklich Singles kennen\">weiterlesen &#8230;<\/a><\/div>\n<\/div><\/div>\n\n<div class=\"gb-grid-column gb-grid-column-8c22cb1f gb-query-loop-item post-8473 post type-post status-publish format-standard has-post-thumbnail hentry category-muenchen tag-kennenlernen tag-muenchen-2 tag-partnersuche tag-partnersuche-muenchen\"><div class=\"gb-container gb-container-8c22cb1f\">\n<figure class=\"gb-block-image gb-block-image-8657d98a\"><img loading=\"lazy\" decoding=\"async\" width=\"900\" height=\"398\" src=\"https:\/\/www.funkenflug.app\/liebeskram\/wp-content\/uploads\/2024\/09\/paar-in-muenchen-kennengelernt-e1738684628449.webp\" class=\"gb-image-8657d98a\" alt=\"Ein Paar, dass sich in M\u00fcnchen kennengelernt hat\" \/><\/figure>\n\n<h2 class=\"gb-headline gb-headline-a4a4182d gb-headline-text\"><span class=\"ez-toc-section\" id=\"so_klappt_die_partnersuche_in_muenchen\"><\/span><a href=\"https:\/\/www.funkenflug.app\/liebeskram\/so-klappt-die-partnersuche-in-muenchen\/\">So klappt die Partnersuche in M\u00fcnchen<\/a><span class=\"ez-toc-section-end\"><\/span><\/h2>\n\n<div class=\"gb-headline gb-headline-73127276 gb-headline-text\">Stell dir vor, du stehst an einem warmen Sommerabend in M\u00fcnchen am Ufer der Isar, ein k\u00fchles Getr\u00e4nk in der Hand, und die Sonne geht gerade hinter den Alpen unter. Diese Stadt hat einen ganz besonderen Zauber, der perfekte Rahmen f\u00fcr romantische Begegnungen und aufregende Dates. Aber in einer Stadt, &#8230; <a title=\"So klappt die Partnersuche in M\u00fcnchen\" class=\"read-more\" href=\"https:\/\/www.funkenflug.app\/liebeskram\/so-klappt-die-partnersuche-in-muenchen\/\" aria-label=\"Mehr Informationen \u00fcber So klappt die Partnersuche in M\u00fcnchen\">weiterlesen &#8230;<\/a><\/div>\n<\/div><\/div>\n\n<div class=\"gb-grid-column gb-grid-column-8c22cb1f gb-query-loop-item post-7652 post type-post status-publish format-standard has-post-thumbnail hentry category-muenchen tag-muenchen-2 tag-singles-kennenlernen tag-tipps\"><div class=\"gb-container gb-container-8c22cb1f\">\n<figure class=\"gb-block-image gb-block-image-8657d98a\"><img loading=\"lazy\" decoding=\"async\" width=\"900\" height=\"396\" src=\"https:\/\/www.funkenflug.app\/liebeskram\/wp-content\/uploads\/2024\/05\/singles-kennenlernen-tipps-events-e1738684969472.jpg\" class=\"gb-image-8657d98a\" alt=\"Singles kennenlernen bei einer Weinprobe\" \/><\/figure>\n\n<h2 class=\"gb-headline gb-headline-a4a4182d gb-headline-text\"><span class=\"ez-toc-section\" id=\"so_einfach_lernst_du_singles_in_muenchen_kennen\"><\/span><a href=\"https:\/\/www.funkenflug.app\/liebeskram\/singles-kennenlernen-muenchen\/\">So (einfach) lernst du Singles in M\u00fcnchen kennen<\/a><span class=\"ez-toc-section-end\"><\/span><\/h2>\n\n<div class=\"gb-headline gb-headline-73127276 gb-headline-text\">Es hei\u00dft immer in M\u00fcnchen wimmelt es nur so vor Singles. Immerhin sind alleine im Jahr 2023 \u00fcber 114.000 Menschen neu nach M\u00fcnchen gezogen. Doch wenn man \u00fcber 30 ist, nicht mehr regelm\u00e4\u00dfig auf Partys geht und die Freunde einen ruhigen Spieleabend oder ein gem\u00fctliches Abendessen bevorzugen, ist es gar &#8230; <a title=\"So (einfach) lernst du Singles in M\u00fcnchen kennen\" class=\"read-more\" href=\"https:\/\/www.funkenflug.app\/liebeskram\/singles-kennenlernen-muenchen\/\" aria-label=\"Mehr Informationen \u00fcber So (einfach) lernst du Singles in M\u00fcnchen kennen\">weiterlesen &#8230;<\/a><\/div>\n<\/div><\/div>\n\n<div class=\"gb-grid-column gb-grid-column-8c22cb1f gb-query-loop-item post-2784 post type-post status-publish format-standard has-post-thumbnail hentry category-muenchen tag-cafe tag-date tag-flirten tag-muenchen-2\"><div class=\"gb-container gb-container-8c22cb1f\">\n<figure class=\"gb-block-image gb-block-image-8657d98a\"><img loading=\"lazy\" decoding=\"async\" width=\"1170\" height=\"515\" src=\"https:\/\/www.funkenflug.app\/liebeskram\/wp-content\/uploads\/2020\/10\/cafes-date.jpg\" class=\"gb-image-8657d98a\" alt=\"Date im Caf\u00e9\" srcset=\"https:\/\/www.funkenflug.app\/liebeskram\/wp-content\/uploads\/2020\/10\/cafes-date.jpg 1170w, https:\/\/www.funkenflug.app\/liebeskram\/wp-content\/uploads\/2020\/10\/cafes-date-900x396.jpg 900w, https:\/\/www.funkenflug.app\/liebeskram\/wp-content\/uploads\/2020\/10\/cafes-date-150x66.jpg 150w, https:\/\/www.funkenflug.app\/liebeskram\/wp-content\/uploads\/2020\/10\/cafes-date-300x132.jpg 300w, https:\/\/www.funkenflug.app\/liebeskram\/wp-content\/uploads\/2020\/10\/cafes-date-768x338.jpg 768w, https:\/\/www.funkenflug.app\/liebeskram\/wp-content\/uploads\/2020\/10\/cafes-date-944x416.jpg 944w\" sizes=\"auto, (max-width: 1170px) 100vw, 1170px\" \/><\/figure>\n\n<h2 class=\"gb-headline gb-headline-a4a4182d gb-headline-text\"><span class=\"ez-toc-section\" id=\"10_perfekte_cafes_fuers_date_in_muenchen\"><\/span><a href=\"https:\/\/www.funkenflug.app\/liebeskram\/cafes-date-muenchen\/\">10 perfekte Caf\u00e9s f\u00fcrs Date in M\u00fcnchen<\/a><span class=\"ez-toc-section-end\"><\/span><\/h2>\n\n<div class=\"gb-headline gb-headline-73127276 gb-headline-text\">Ihr habt euch endlich zu einem Date in einem Caf\u00e9 verabredet? In welchen Caf\u00e9s in M\u00fcnchen ihr filmreif flirten k\u00f6nnt, erfahrt ihr hier.<\/div>\n<\/div><\/div>\n\n<div class=\"gb-grid-column gb-grid-column-8c22cb1f gb-query-loop-item post-5408 post type-post status-publish format-standard has-post-thumbnail hentry category-muenchen tag-date-ideen tag-dating tag-erstes-date tag-flirten tag-muenchen-2 tag-sommer\"><div class=\"gb-container gb-container-8c22cb1f\">\n<figure class=\"gb-block-image gb-block-image-8657d98a\"><img loading=\"lazy\" decoding=\"async\" width=\"1170\" height=\"515\" src=\"https:\/\/www.funkenflug.app\/liebeskram\/wp-content\/uploads\/2022\/04\/date-ideen-sommer.jpg\" class=\"gb-image-8657d98a\" alt=\"Paar lachend im Gras\" srcset=\"https:\/\/www.funkenflug.app\/liebeskram\/wp-content\/uploads\/2022\/04\/date-ideen-sommer.jpg 1170w, https:\/\/www.funkenflug.app\/liebeskram\/wp-content\/uploads\/2022\/04\/date-ideen-sommer-900x396.jpg 900w, https:\/\/www.funkenflug.app\/liebeskram\/wp-content\/uploads\/2022\/04\/date-ideen-sommer-150x66.jpg 150w, https:\/\/www.funkenflug.app\/liebeskram\/wp-content\/uploads\/2022\/04\/date-ideen-sommer-300x132.jpg 300w, https:\/\/www.funkenflug.app\/liebeskram\/wp-content\/uploads\/2022\/04\/date-ideen-sommer-768x338.jpg 768w, https:\/\/www.funkenflug.app\/liebeskram\/wp-content\/uploads\/2022\/04\/date-ideen-sommer-944x416.jpg 944w\" sizes=\"auto, (max-width: 1170px) 100vw, 1170px\" \/><\/figure>\n\n<h2 class=\"gb-headline gb-headline-a4a4182d gb-headline-text\"><span class=\"ez-toc-section\" id=\"7_sommer_date_ideen_fuer_muenchen\"><\/span><a href=\"https:\/\/www.funkenflug.app\/liebeskram\/sommer-date-muenchen\/\">7 Sommer Date Ideen f\u00fcr M\u00fcnchen<\/a><span class=\"ez-toc-section-end\"><\/span><\/h2>\n\n<div class=\"gb-headline gb-headline-73127276 gb-headline-text\">Hast du dir nicht auch immer das perfekte, romantische Sommer-Date gew\u00fcnscht, bei dem nicht nur das Lagerfeuer knistert? Mit unseren Tipps wird dein Sommer Date in M\u00fcnchen garantiert ein Erfolg.<\/div>\n<\/div><\/div>\n<\/div>\n\n<\/div>","protected":false},"excerpt":{"rendered":"<p>Finde dein \u201eSpatzl\u201c in M\u00fcnchen: Geheimtipps und Lieblingsorte von und f\u00fcr M\u00fcnchner Singles M\u00fcnchen bietet unz\u00e4hlige M\u00f6glichkeiten f\u00fcr unvergessliche Dates \u2013 perfekt f\u00fcr M\u00fcnchner Singles, die auf Partnersuche sind und besondere Momente erleben m\u00f6chten. Wir verraten dir unsere liebsten Pl\u00e4tze und die versteckten Lieblingspl\u00e4tze der M\u00fcnchner f\u00fcr romantische Verabredungen und das erste Kennenlernen. Ob du ein gem\u00fctliches Caf\u00e9 an der &#8230; <a title=\"M\u00fcnchen\" class=\"read-more\" href=\"https:\/\/www.funkenflug.app\/liebeskram\/single-staedte\/muenchen\/\" aria-label=\"Mehr Informationen \u00fcber M\u00fcnchen\">weiterlesen &#8230;<\/a><\/p>\n","protected":false},"author":1,"featured_media":6617,"parent":6203,"menu_order":1,"comment_status":"closed","ping_status":"closed","template":"","meta":{"_acf_changed":false,"footnotes":""},"class_list":["post-6205","page","type-page","status-publish","has-post-thumbnail"],"acf":[],"_links":{"self":[{"href":"https:\/\/www.funkenflug.app\/liebeskram\/wp-json\/wp\/v2\/pages\/6205","targetHints":{"allow":["GET"]}}],"collection":[{"href":"https:\/\/www.funkenflug.app\/liebeskram\/wp-json\/wp\/v2\/pages"}],"about":[{"href":"https:\/\/www.funkenflug.app\/liebeskram\/wp-json\/wp\/v2\/types\/page"}],"author":[{"embeddable":true,"href":"https:\/\/www.funkenflug.app\/liebeskram\/wp-json\/wp\/v2\/users\/1"}],"replies":[{"embeddable":true,"href":"https:\/\/www.funkenflug.app\/liebeskram\/wp-json\/wp\/v2\/comments?post=6205"}],"version-history":[{"count":20,"href":"https:\/\/www.funkenflug.app\/liebeskram\/wp-json\/wp\/v2\/pages\/6205\/revisions"}],"predecessor-version":[{"id":9406,"href":"https:\/\/www.funkenflug.app\/liebeskram\/wp-json\/wp\/v2\/pages\/6205\/revisions\/9406"}],"up":[{"embeddable":true,"href":"https:\/\/www.funkenflug.app\/liebeskram\/wp-json\/wp\/v2\/pages\/6203"}],"wp:featuredmedia":[{"embeddable":true,"href":"https:\/\/www.funkenflug.app\/liebeskram\/wp-json\/wp\/v2\/media\/6617"}],"wp:attachment":[{"href":"https:\/\/www.funkenflug.app\/liebeskram\/wp-json\/wp\/v2\/media?parent=6205"}],"curies":[{"name":"wp","href":"https:\/\/api.w.org\/{rel}","templated":true}]}}