{"id":6214,"date":"2024-06-12T19:23:33","date_gmt":"2024-06-12T17:23:33","guid":{"rendered":"https:\/\/www.funkenflug.app\/liebeskram\/?page_id=6214"},"modified":"2024-12-12T14:51:14","modified_gmt":"2024-12-12T13:51:14","slug":"berlin","status":"publish","type":"page","link":"https:\/\/www.funkenflug.app\/liebeskram\/single-staedte\/berlin\/","title":{"rendered":"Berlin"},"content":{"rendered":"\n<h1 class=\"wp-block-heading\"><span class=\"ez-toc-section\" id=\"fuer_berliner_singles_entdecke_die_besten_locations_und_tipps_fuer_das_singleleben_in_deiner_stadt\"><\/span>F\u00fcr Berliner Singles: Entdecke die besten Locations und Tipps f\u00fcr das Singleleben in deiner Stadt<span class=\"ez-toc-section-end\"><\/span><\/h1>\n\n\n\n<figure class=\"wp-block-image size-full is-resized\"><img loading=\"lazy\" decoding=\"async\" width=\"1170\" height=\"515\" src=\"https:\/\/www.funkenflug.app\/liebeskram\/wp-content\/uploads\/2023\/12\/single-berlin-tipps.jpg\" alt=\"Tipps f\u00fcr Singles in Berlin\" class=\"wp-image-6620\" style=\"aspect-ratio:3.066666666666667;object-fit:cover;width:945px;height:auto\" srcset=\"https:\/\/www.funkenflug.app\/liebeskram\/wp-content\/uploads\/2023\/12\/single-berlin-tipps.jpg 1170w, https:\/\/www.funkenflug.app\/liebeskram\/wp-content\/uploads\/2023\/12\/single-berlin-tipps-900x396.jpg 900w, https:\/\/www.funkenflug.app\/liebeskram\/wp-content\/uploads\/2023\/12\/single-berlin-tipps-150x66.jpg 150w, https:\/\/www.funkenflug.app\/liebeskram\/wp-content\/uploads\/2023\/12\/single-berlin-tipps-300x132.jpg 300w, https:\/\/www.funkenflug.app\/liebeskram\/wp-content\/uploads\/2023\/12\/single-berlin-tipps-768x338.jpg 768w, https:\/\/www.funkenflug.app\/liebeskram\/wp-content\/uploads\/2023\/12\/single-berlin-tipps-944x416.jpg 944w\" sizes=\"auto, (max-width: 1170px) 100vw, 1170px\" \/><\/figure>\n\n\n\n<p>Als Single stehen dir in Berlin alle T\u00fcren offen, um deinen Traumpartner zu finden. Die Stadt pulsiert vor Leben, und das Angebot an Kultur, kulinarischen Gen\u00fcssen und Freizeitm\u00f6glichkeiten ist schier endlos.<\/p>\n\n\n\n<p>Egal, ob du ein <a href=\"https:\/\/www.funkenflug.app\/liebeskram\/cafes-date-berlin\/\" data-type=\"post\" data-id=\"4384\">gem\u00fctliches Caf\u00e9 f\u00fcr ein erstes Date<\/a> suchst, ein lebhaftes Viertel erkunden willst oder ein <a href=\"https:\/\/www.funkenflug.app\/liebeskram\/restaurants-date-berlin\/\" data-type=\"post\" data-id=\"4160\">romantisches Restaurant f\u00fcr den perfekten Abend zu zweit<\/a> \u2013 Berlin hat f\u00fcr jeden Geschmack den passenden Ort. <\/p>\n\n\n\n<p>Mit unseren Tipps findest du schnell die besten Locations, um <a href=\"https:\/\/www.funkenflug.app\/liebeskram\/sommer-date-berlin\/\" data-type=\"post\" data-id=\"5428\">dein n\u00e4chstes Date unvergesslich zu machen<\/a> und die besondere Atmosph\u00e4re der Hauptstadt zu genie\u00dfen. Berlin bietet dir die perfekte Kulisse, <a href=\"https:\/\/www.funkenflug.app\/liebeskram\/partnersuche-in-berlin\/\" data-type=\"post\" data-id=\"8295\">um echte Verbindungen zu kn\u00fcpfen<\/a> und dein Liebesleben auf das n\u00e4chste Level zu bringen.<\/p>\n\n\n<div class=\"gb-container gb-container-ba02bb06\">\n\n<div class=\"gb-grid-wrapper gb-grid-wrapper-429e8375 gb-query-loop-wrapper\">\n<div class=\"gb-grid-column gb-grid-column-8c22cb1f gb-query-loop-item post-9344 post type-post status-publish format-standard has-post-thumbnail hentry category-berlin tag-berlin tag-silvester tag-single tag-weihnachten\"><div class=\"gb-container gb-container-8c22cb1f\">\n<figure class=\"gb-block-image gb-block-image-8657d98a\"><img loading=\"lazy\" decoding=\"async\" width=\"900\" height=\"396\" src=\"https:\/\/www.funkenflug.app\/liebeskram\/wp-content\/uploads\/2024\/12\/weihnachten-alleine-tipps-singles-e1738684054755.jpg\" class=\"gb-image-8657d98a\" alt=\"Single Freunde feiern zusammen Weihnachten\" \/><\/figure>\n\n<h2 class=\"gb-headline gb-headline-a4a4182d gb-headline-text\"><span class=\"ez-toc-section\" id=\"weihnachten_und_silvester_alleine_in_berlin_die_besten_tipps_fuer_singles\"><\/span><a href=\"https:\/\/www.funkenflug.app\/liebeskram\/weihnachten-und-silvester-berlin\/\">Weihnachten und Silvester alleine in Berlin? Die besten Tipps f\u00fcr Singles!<\/a><span class=\"ez-toc-section-end\"><\/span><\/h2>\n\n<div class=\"gb-headline gb-headline-73127276 gb-headline-text\">Wir haben f\u00fcr euch in unserem Christmas und New Years Eve Survival Guide ein paar Ideen und Tipps f\u00fcr Singles an Weihnachten und Silvester gesammelt, damit niemand an diesen Feiertagen alleine sein muss.<\/div>\n<\/div><\/div>\n\n<div class=\"gb-grid-column gb-grid-column-8c22cb1f gb-query-loop-item post-6935 post type-post status-publish format-standard has-post-thumbnail hentry category-berlin tag-freunde-finden tag-neue-leute-kennenlernen-berlin tag-tipps\"><div class=\"gb-container gb-container-8c22cb1f\">\n<figure class=\"gb-block-image gb-block-image-8657d98a\"><img loading=\"lazy\" decoding=\"async\" width=\"900\" height=\"396\" src=\"https:\/\/www.funkenflug.app\/liebeskram\/wp-content\/uploads\/2024\/01\/neue-leute-kennenlernen-e1738685331398.jpg\" class=\"gb-image-8657d98a\" alt=\"So lernst du neue Leute kennen\" \/><\/figure>\n\n<h2 class=\"gb-headline gb-headline-a4a4182d gb-headline-text\"><span class=\"ez-toc-section\" id=\"neue_leute_kennenlernen_in_berlin_35_einfache_tipps\"><\/span><a href=\"https:\/\/www.funkenflug.app\/liebeskram\/neue-leute-kennenlernen-berlin\/\">Neue Leute kennenlernen in Berlin? 35 einfache Tipps!<\/a><span class=\"ez-toc-section-end\"><\/span><\/h2>\n\n<div class=\"gb-headline gb-headline-73127276 gb-headline-text\">Du bist neu in der Stadt, gerade frisch getrennt oder willst einfach so neue Leute kennenlernen in Berlin? Ab einem gewissen Alter wird es immer schwieriger neue Leute kennenzulernen &#8211; immerhin verbringt man die meiste Zeit in der Arbeit. Wenn aber die Kollegen schon Familien haben oder nicht im passenden &#8230; <a title=\"Neue Leute kennenlernen in Berlin? 35 einfache Tipps!\" class=\"read-more\" href=\"https:\/\/www.funkenflug.app\/liebeskram\/neue-leute-kennenlernen-berlin\/\" aria-label=\"Mehr Informationen \u00fcber Neue Leute kennenlernen in Berlin? 35 einfache Tipps!\">weiterlesen &#8230;<\/a><\/div>\n<\/div><\/div>\n\n<div class=\"gb-grid-column gb-grid-column-8c22cb1f gb-query-loop-item post-8821 post type-post status-publish format-standard has-post-thumbnail hentry category-berlin\"><div class=\"gb-container gb-container-8c22cb1f\">\n<figure class=\"gb-block-image gb-block-image-8657d98a\"><img loading=\"lazy\" decoding=\"async\" width=\"900\" height=\"396\" src=\"https:\/\/www.funkenflug.app\/liebeskram\/wp-content\/uploads\/2024\/10\/Date-Ideen-Schlechtes-Wetter-2-e1738684416903.jpg\" class=\"gb-image-8657d98a\" alt=\"Date Ideen bei schlechtem Wetter in deiner Stadt\" \/><\/figure>\n\n<h2 class=\"gb-headline gb-headline-a4a4182d gb-headline-text\"><span class=\"ez-toc-section\" id=\"14_tolle_date_ideen_fuer_schlechtes_wetter_in_berlin\"><\/span><a href=\"https:\/\/www.funkenflug.app\/liebeskram\/date-ideen-schlechtes-wetter-berlin\/\">14 tolle Date Ideen f\u00fcr schlechtes Wetter in Berlin<\/a><span class=\"ez-toc-section-end\"><\/span><\/h2>\n\n<div class=\"gb-headline gb-headline-73127276 gb-headline-text\">Berlin ist bekannt f\u00fcr seine lebendige Kultur, aufregenden Veranstaltungen und unz\u00e4hligen M\u00f6glichkeiten, die Stadt zu erkunden. Doch was tun, wenn das Wetter am Tag eures ersten Dates nicht mitspielt? Keine Sorge! Auch bei Regen oder Schneefall gibt es viele kreative M\u00f6glichkeiten, um einen unvergesslichen Tag mit Deinem Date in Berlin &#8230; <a title=\"14 tolle Date Ideen f\u00fcr schlechtes Wetter in Berlin\" class=\"read-more\" href=\"https:\/\/www.funkenflug.app\/liebeskram\/date-ideen-schlechtes-wetter-berlin\/\" aria-label=\"Mehr Informationen \u00fcber 14 tolle Date Ideen f\u00fcr schlechtes Wetter in Berlin\">weiterlesen &#8230;<\/a><\/div>\n<\/div><\/div>\n\n<div class=\"gb-grid-column gb-grid-column-8c22cb1f gb-query-loop-item post-8517 post type-post status-publish format-standard has-post-thumbnail hentry category-berlin\"><div class=\"gb-container gb-container-8c22cb1f\">\n<figure class=\"gb-block-image gb-block-image-8657d98a\"><img loading=\"lazy\" decoding=\"async\" width=\"900\" height=\"396\" src=\"https:\/\/www.funkenflug.app\/liebeskram\/wp-content\/uploads\/2024\/09\/paar-beim-dating-in-berlin.png\" class=\"gb-image-8657d98a\" alt=\"So einfach ist Dating in Berlin mit Funkenflug\" srcset=\"https:\/\/www.funkenflug.app\/liebeskram\/wp-content\/uploads\/2024\/09\/paar-beim-dating-in-berlin.png 900w, https:\/\/www.funkenflug.app\/liebeskram\/wp-content\/uploads\/2024\/09\/paar-beim-dating-in-berlin-300x132.png 300w, https:\/\/www.funkenflug.app\/liebeskram\/wp-content\/uploads\/2024\/09\/paar-beim-dating-in-berlin-150x66.png 150w, https:\/\/www.funkenflug.app\/liebeskram\/wp-content\/uploads\/2024\/09\/paar-beim-dating-in-berlin-768x338.png 768w\" sizes=\"auto, (max-width: 900px) 100vw, 900px\" \/><\/figure>\n\n<h2 class=\"gb-headline gb-headline-a4a4182d gb-headline-text\"><span class=\"ez-toc-section\" id=\"dating_in_berlin_ist_einfacher_als_du_denkst\"><\/span><a href=\"https:\/\/www.funkenflug.app\/liebeskram\/so-einfach-ist-dating-in-berlin\/\">Dating in Berlin ist einfacher als du denkst<\/a><span class=\"ez-toc-section-end\"><\/span><\/h2>\n\n<div class=\"gb-headline gb-headline-73127276 gb-headline-text\">Berlin, die Stadt der unbegrenzten M\u00f6glichkeiten \u2013 und das gilt nicht nur f\u00fcr Kultur und Nachtleben. Wenn es ums Dating geht, scheint es oft \u00fcberw\u00e4ltigend, in der Masse den richtigen Menschen zu finden. Aber was w\u00e4re, wenn es einen Weg g\u00e4be, Singles auf eine v\u00f6llig entspannte und authentische Weise zu &#8230; <a title=\"Dating in Berlin ist einfacher als du denkst\" class=\"read-more\" href=\"https:\/\/www.funkenflug.app\/liebeskram\/so-einfach-ist-dating-in-berlin\/\" aria-label=\"Mehr Informationen \u00fcber Dating in Berlin ist einfacher als du denkst\">weiterlesen &#8230;<\/a><\/div>\n<\/div><\/div>\n\n<div class=\"gb-grid-column gb-grid-column-8c22cb1f gb-query-loop-item post-8332 post type-post status-publish format-standard has-post-thumbnail hentry category-berlin tag-berlin tag-berliner-singles tag-kennenlernen tag-single-party tag-single-tipps-2\"><div class=\"gb-container gb-container-8c22cb1f\">\n<figure class=\"gb-block-image gb-block-image-8657d98a\"><img loading=\"lazy\" decoding=\"async\" width=\"900\" height=\"396\" src=\"https:\/\/www.funkenflug.app\/liebeskram\/wp-content\/uploads\/2024\/08\/singles-in-berlin-kennenlernen-e1738684614727.webp\" class=\"gb-image-8657d98a\" alt=\"So einfach kannst du Singles in Berlin kennenlernen\" \/><\/figure>\n\n<h2 class=\"gb-headline gb-headline-a4a4182d gb-headline-text\"><span class=\"ez-toc-section\" id=\"berliner_singles_aufgepasst_%e2%80%93_so_einfach_ist_es_in_berlin_singles_kennenzulernen\"><\/span><a href=\"https:\/\/www.funkenflug.app\/liebeskram\/singles-in-berlin-kennenlernen\/\">Berliner Singles aufgepasst \u2013 So einfach ist es, in Berlin Singles kennenzulernen<\/a><span class=\"ez-toc-section-end\"><\/span><\/h2>\n\n<div class=\"gb-headline gb-headline-73127276 gb-headline-text\">Berlin \u2013 eine Stadt voller M\u00f6glichkeiten, Dynamik und unendlicher Vielfalt. Doch so aufregend das Gro\u00dfstadtleben auch ist, manchmal kann es eine echte Herausforderung sein, neue Leute kennenzulernen, besonders wenn du auf der Suche nach einem besonderen Menschen bist. Die gute Nachricht: Berlin bietet unz\u00e4hlige Chancen, genau das zu \u00e4ndern. Ob &#8230; <a title=\"Berliner Singles aufgepasst \u2013 So einfach ist es, in Berlin Singles kennenzulernen\" class=\"read-more\" href=\"https:\/\/www.funkenflug.app\/liebeskram\/singles-in-berlin-kennenlernen\/\" aria-label=\"Mehr Informationen \u00fcber Berliner Singles aufgepasst \u2013 So einfach ist es, in Berlin Singles kennenzulernen\">weiterlesen &#8230;<\/a><\/div>\n<\/div><\/div>\n\n<div class=\"gb-grid-column gb-grid-column-8c22cb1f gb-query-loop-item post-8295 post type-post status-publish format-standard has-post-thumbnail hentry category-berlin\"><div class=\"gb-container gb-container-8c22cb1f\">\n<figure class=\"gb-block-image gb-block-image-8657d98a\"><img loading=\"lazy\" decoding=\"async\" width=\"900\" height=\"396\" src=\"https:\/\/www.funkenflug.app\/liebeskram\/wp-content\/uploads\/2024\/08\/so-geht-partnersuche-in-berlin-e1738684600430.webp\" class=\"gb-image-8657d98a\" alt=\"So einfach funktioniert die Partnersuche in Berlin\" \/><\/figure>\n\n<h2 class=\"gb-headline gb-headline-a4a4182d gb-headline-text\"><span class=\"ez-toc-section\" id=\"so_funktioniert_die_partnersuche_in_berlin_wirklich_wie_du_hier_einfach_einen_partner_findest\"><\/span><a href=\"https:\/\/www.funkenflug.app\/liebeskram\/partnersuche-in-berlin\/\">So funktioniert die Partnersuche in Berlin wirklich! Wie du hier einfach einen Partner findest.<\/a><span class=\"ez-toc-section-end\"><\/span><\/h2>\n\n<div class=\"gb-headline gb-headline-73127276 gb-headline-text\">Berlin ist nicht nur eine Metropole der Kultur und Kreativit\u00e4t, sondern auch eine der aufregendsten St\u00e4dte f\u00fcr Singles. Mit rund 1,8 Millionen Singles bietet die Hauptstadt eine der lebendigsten Dating-Szenen in Europa. Interessanterweise leben etwa 54% der Berliner in Single-Haushalten, was zeigt, wie stark die Stadt von alleinlebenden Menschen gepr\u00e4gt &#8230; <a title=\"So funktioniert die Partnersuche in Berlin wirklich! Wie du hier einfach einen Partner findest.\" class=\"read-more\" href=\"https:\/\/www.funkenflug.app\/liebeskram\/partnersuche-in-berlin\/\" aria-label=\"Mehr Informationen \u00fcber So funktioniert die Partnersuche in Berlin wirklich! Wie du hier einfach einen Partner findest.\">weiterlesen &#8230;<\/a><\/div>\n<\/div><\/div>\n\n<div class=\"gb-grid-column gb-grid-column-8c22cb1f gb-query-loop-item post-4160 post type-post status-publish format-standard has-post-thumbnail hentry category-berlin tag-berlin tag-dating tag-erstes-date tag-restaurants-fuers-date tag-tipps\"><div class=\"gb-container gb-container-8c22cb1f\">\n<figure class=\"gb-block-image gb-block-image-8657d98a\"><img loading=\"lazy\" decoding=\"async\" width=\"1170\" height=\"515\" src=\"https:\/\/www.funkenflug.app\/liebeskram\/wp-content\/uploads\/2022\/02\/restaurants-date.jpg\" class=\"gb-image-8657d98a\" alt=\"Restaurants f\u00fcrs Date\" srcset=\"https:\/\/www.funkenflug.app\/liebeskram\/wp-content\/uploads\/2022\/02\/restaurants-date.jpg 1170w, https:\/\/www.funkenflug.app\/liebeskram\/wp-content\/uploads\/2022\/02\/restaurants-date-900x396.jpg 900w, https:\/\/www.funkenflug.app\/liebeskram\/wp-content\/uploads\/2022\/02\/restaurants-date-150x66.jpg 150w, https:\/\/www.funkenflug.app\/liebeskram\/wp-content\/uploads\/2022\/02\/restaurants-date-300x132.jpg 300w, https:\/\/www.funkenflug.app\/liebeskram\/wp-content\/uploads\/2022\/02\/restaurants-date-768x338.jpg 768w, https:\/\/www.funkenflug.app\/liebeskram\/wp-content\/uploads\/2022\/02\/restaurants-date-944x416.jpg 944w\" sizes=\"auto, (max-width: 1170px) 100vw, 1170px\" \/><\/figure>\n\n<h2 class=\"gb-headline gb-headline-a4a4182d gb-headline-text\"><span class=\"ez-toc-section\" id=\"die_7_schoensten_restaurants_fuer_ein_romantisches_dinner_in_berlin\"><\/span><a href=\"https:\/\/www.funkenflug.app\/liebeskram\/restaurants-date-berlin\/\">Die 7 sch\u00f6nsten Restaurants f\u00fcr ein romantisches Dinner in Berlin<\/a><span class=\"ez-toc-section-end\"><\/span><\/h2>\n\n<div class=\"gb-headline gb-headline-73127276 gb-headline-text\">Das Online-Dating war erfolgreich und endlich steht euer erstes Date in Berlin an? Vielleicht fragst du dich nun, wohin ihr romantisch Essen gehen k\u00f6nntet. Wir verraten dir, welche Restaurants f\u00fcrs Date in Berlin zum Verlieben einfach perfekt sind und wo du deinen neuen Herzensmensch auch kulinarisch richtig beeindrucken kannst. Von &#8230; <a title=\"Die 7 sch\u00f6nsten Restaurants f\u00fcr ein romantisches Dinner in Berlin\" class=\"read-more\" href=\"https:\/\/www.funkenflug.app\/liebeskram\/restaurants-date-berlin\/\" aria-label=\"Mehr Informationen \u00fcber Die 7 sch\u00f6nsten Restaurants f\u00fcr ein romantisches Dinner in Berlin\">weiterlesen &#8230;<\/a><\/div>\n<\/div><\/div>\n\n<div class=\"gb-grid-column gb-grid-column-8c22cb1f gb-query-loop-item post-4384 post type-post status-publish format-standard has-post-thumbnail hentry category-berlin tag-berlin tag-cafe tag-date tag-flirten\"><div class=\"gb-container gb-container-8c22cb1f\">\n<figure class=\"gb-block-image gb-block-image-8657d98a\"><img loading=\"lazy\" decoding=\"async\" width=\"1170\" height=\"515\" src=\"https:\/\/www.funkenflug.app\/liebeskram\/wp-content\/uploads\/2020\/10\/cafes-date.jpg\" class=\"gb-image-8657d98a\" alt=\"Date im Caf\u00e9\" srcset=\"https:\/\/www.funkenflug.app\/liebeskram\/wp-content\/uploads\/2020\/10\/cafes-date.jpg 1170w, https:\/\/www.funkenflug.app\/liebeskram\/wp-content\/uploads\/2020\/10\/cafes-date-900x396.jpg 900w, https:\/\/www.funkenflug.app\/liebeskram\/wp-content\/uploads\/2020\/10\/cafes-date-150x66.jpg 150w, https:\/\/www.funkenflug.app\/liebeskram\/wp-content\/uploads\/2020\/10\/cafes-date-300x132.jpg 300w, https:\/\/www.funkenflug.app\/liebeskram\/wp-content\/uploads\/2020\/10\/cafes-date-768x338.jpg 768w, https:\/\/www.funkenflug.app\/liebeskram\/wp-content\/uploads\/2020\/10\/cafes-date-944x416.jpg 944w\" sizes=\"auto, (max-width: 1170px) 100vw, 1170px\" \/><\/figure>\n\n<h2 class=\"gb-headline gb-headline-a4a4182d gb-headline-text\"><span class=\"ez-toc-section\" id=\"10_perfekte_cafes_fuers_date_in_berlin\"><\/span><a href=\"https:\/\/www.funkenflug.app\/liebeskram\/cafes-date-berlin\/\">10 perfekte Caf\u00e9s f\u00fcrs Date in Berlin<\/a><span class=\"ez-toc-section-end\"><\/span><\/h2>\n\n<div class=\"gb-headline gb-headline-73127276 gb-headline-text\">Ihr habt euch endlich zu einem Date in einem Caf\u00e9 verabredet? In welchen Caf\u00e9s in Berlin ihr filmreif flirten k\u00f6nnt, erfahrt ihr hier.<\/div>\n<\/div><\/div>\n\n<div class=\"gb-grid-column gb-grid-column-8c22cb1f gb-query-loop-item post-4437 post type-post status-publish format-standard has-post-thumbnail hentry category-berlin tag-bars tag-berlin tag-flirten tag-single\"><div class=\"gb-container gb-container-8c22cb1f\">\n<figure class=\"gb-block-image gb-block-image-8657d98a\"><img loading=\"lazy\" decoding=\"async\" width=\"1170\" height=\"515\" src=\"https:\/\/www.funkenflug.app\/liebeskram\/wp-content\/uploads\/2022\/10\/bars-fuers-date.jpg\" class=\"gb-image-8657d98a\" alt=\"Paar beim Date in einer Bar\" srcset=\"https:\/\/www.funkenflug.app\/liebeskram\/wp-content\/uploads\/2022\/10\/bars-fuers-date.jpg 1170w, https:\/\/www.funkenflug.app\/liebeskram\/wp-content\/uploads\/2022\/10\/bars-fuers-date-900x396.jpg 900w, https:\/\/www.funkenflug.app\/liebeskram\/wp-content\/uploads\/2022\/10\/bars-fuers-date-150x66.jpg 150w, https:\/\/www.funkenflug.app\/liebeskram\/wp-content\/uploads\/2022\/10\/bars-fuers-date-300x132.jpg 300w, https:\/\/www.funkenflug.app\/liebeskram\/wp-content\/uploads\/2022\/10\/bars-fuers-date-768x338.jpg 768w, https:\/\/www.funkenflug.app\/liebeskram\/wp-content\/uploads\/2022\/10\/bars-fuers-date-944x416.jpg 944w\" sizes=\"auto, (max-width: 1170px) 100vw, 1170px\" \/><\/figure>\n\n<h2 class=\"gb-headline gb-headline-a4a4182d gb-headline-text\"><span class=\"ez-toc-section\" id=\"die_10_coolsten_bars_fuers_date_in_berlin\"><\/span><a href=\"https:\/\/www.funkenflug.app\/liebeskram\/bars-date-berlin\/\">Die 10 coolsten Bars f\u00fcrs Date in Berlin<\/a><span class=\"ez-toc-section-end\"><\/span><\/h2>\n\n<div class=\"gb-headline gb-headline-73127276 gb-headline-text\">Du hast&nbsp;online jemanden kennen gelernt, der dein Herz schneller schlagen l\u00e4sst? Ihr habt euch geschrieben und telefoniert und jetzt wollt ihr euch endlich zu einem Date in einer Bar verabreden. Bars gibt es in Berlin ja viele, doch wie die richtige Bar f\u00fcr euer erstes Date finden? Um euch die &#8230; <a title=\"Die 10 coolsten Bars f\u00fcrs Date in Berlin\" class=\"read-more\" href=\"https:\/\/www.funkenflug.app\/liebeskram\/bars-date-berlin\/\" aria-label=\"Mehr Informationen \u00fcber Die 10 coolsten Bars f\u00fcrs Date in Berlin\">weiterlesen &#8230;<\/a><\/div>\n<\/div><\/div>\n\n<div class=\"gb-grid-column gb-grid-column-8c22cb1f gb-query-loop-item post-5428 post type-post status-publish format-standard has-post-thumbnail hentry category-berlin tag-berlin tag-date-ideen tag-dating tag-erstes-date tag-flirten tag-sommer\"><div class=\"gb-container gb-container-8c22cb1f\">\n<figure class=\"gb-block-image gb-block-image-8657d98a\"><img loading=\"lazy\" decoding=\"async\" width=\"1170\" height=\"515\" src=\"https:\/\/www.funkenflug.app\/liebeskram\/wp-content\/uploads\/2022\/04\/date-ideen-sommer.jpg\" class=\"gb-image-8657d98a\" alt=\"Paar lachend im Gras\" srcset=\"https:\/\/www.funkenflug.app\/liebeskram\/wp-content\/uploads\/2022\/04\/date-ideen-sommer.jpg 1170w, https:\/\/www.funkenflug.app\/liebeskram\/wp-content\/uploads\/2022\/04\/date-ideen-sommer-900x396.jpg 900w, https:\/\/www.funkenflug.app\/liebeskram\/wp-content\/uploads\/2022\/04\/date-ideen-sommer-150x66.jpg 150w, https:\/\/www.funkenflug.app\/liebeskram\/wp-content\/uploads\/2022\/04\/date-ideen-sommer-300x132.jpg 300w, https:\/\/www.funkenflug.app\/liebeskram\/wp-content\/uploads\/2022\/04\/date-ideen-sommer-768x338.jpg 768w, https:\/\/www.funkenflug.app\/liebeskram\/wp-content\/uploads\/2022\/04\/date-ideen-sommer-944x416.jpg 944w\" sizes=\"auto, (max-width: 1170px) 100vw, 1170px\" \/><\/figure>\n\n<h2 class=\"gb-headline gb-headline-a4a4182d gb-headline-text\"><span class=\"ez-toc-section\" id=\"7_sommer_date_ideen_fuer_berlin\"><\/span><a href=\"https:\/\/www.funkenflug.app\/liebeskram\/sommer-date-berlin\/\">7 Sommer Date Ideen f\u00fcr Berlin<\/a><span class=\"ez-toc-section-end\"><\/span><\/h2>\n\n<div class=\"gb-headline gb-headline-73127276 gb-headline-text\">Das erste Date steht an, doch was ist blo\u00df die passende Location oder Aktivit\u00e4t f\u00fcr euer Treffen? Im Sommer sorgen steigende Temperaturen und milde N\u00e4chte definitiv f\u00fcr ein besonderes Lebensgef\u00fchl in Berlin. Perfekte Voraussetzungen also f\u00fcr ein unvergessliches Date. Welche Date Ideen ich dir f\u00fcr ein einmaliges Sommer Date in &#8230; <a title=\"7 Sommer Date Ideen f\u00fcr Berlin\" class=\"read-more\" href=\"https:\/\/www.funkenflug.app\/liebeskram\/sommer-date-berlin\/\" aria-label=\"Mehr Informationen \u00fcber 7 Sommer Date Ideen f\u00fcr Berlin\">weiterlesen &#8230;<\/a><\/div>\n<\/div><\/div>\n<\/div>\n\n<\/div>","protected":false},"excerpt":{"rendered":"<p>F\u00fcr Berliner Singles: Entdecke die besten Locations und Tipps f\u00fcr das Singleleben in deiner Stadt Als Single stehen dir in Berlin alle T\u00fcren offen, um deinen Traumpartner zu finden. Die Stadt pulsiert vor Leben, und das Angebot an Kultur, kulinarischen Gen\u00fcssen und Freizeitm\u00f6glichkeiten ist schier endlos. Egal, ob du ein gem\u00fctliches Caf\u00e9 f\u00fcr ein erstes Date suchst, ein lebhaftes Viertel &#8230; <a title=\"Berlin\" class=\"read-more\" href=\"https:\/\/www.funkenflug.app\/liebeskram\/single-staedte\/berlin\/\" aria-label=\"Mehr Informationen \u00fcber Berlin\">weiterlesen &#8230;<\/a><\/p>\n","protected":false},"author":1,"featured_media":6620,"parent":6203,"menu_order":2,"comment_status":"closed","ping_status":"closed","template":"","meta":{"_acf_changed":false,"footnotes":""},"class_list":["post-6214","page","type-page","status-publish","has-post-thumbnail"],"acf":[],"_links":{"self":[{"href":"https:\/\/www.funkenflug.app\/liebeskram\/wp-json\/wp\/v2\/pages\/6214","targetHints":{"allow":["GET"]}}],"collection":[{"href":"https:\/\/www.funkenflug.app\/liebeskram\/wp-json\/wp\/v2\/pages"}],"about":[{"href":"https:\/\/www.funkenflug.app\/liebeskram\/wp-json\/wp\/v2\/types\/page"}],"author":[{"embeddable":true,"href":"https:\/\/www.funkenflug.app\/liebeskram\/wp-json\/wp\/v2\/users\/1"}],"replies":[{"embeddable":true,"href":"https:\/\/www.funkenflug.app\/liebeskram\/wp-json\/wp\/v2\/comments?post=6214"}],"version-history":[{"count":15,"href":"https:\/\/www.funkenflug.app\/liebeskram\/wp-json\/wp\/v2\/pages\/6214\/revisions"}],"predecessor-version":[{"id":9408,"href":"https:\/\/www.funkenflug.app\/liebeskram\/wp-json\/wp\/v2\/pages\/6214\/revisions\/9408"}],"up":[{"embeddable":true,"href":"https:\/\/www.funkenflug.app\/liebeskram\/wp-json\/wp\/v2\/pages\/6203"}],"wp:featuredmedia":[{"embeddable":true,"href":"https:\/\/www.funkenflug.app\/liebeskram\/wp-json\/wp\/v2\/media\/6620"}],"wp:attachment":[{"href":"https:\/\/www.funkenflug.app\/liebeskram\/wp-json\/wp\/v2\/media?parent=6214"}],"curies":[{"name":"wp","href":"https:\/\/api.w.org\/{rel}","templated":true}]}}