{"id":6222,"date":"2024-06-12T19:26:42","date_gmt":"2024-06-12T17:26:42","guid":{"rendered":"https:\/\/www.funkenflug.app\/liebeskram\/?page_id=6222"},"modified":"2024-12-12T15:30:45","modified_gmt":"2024-12-12T14:30:45","slug":"hamburg","status":"publish","type":"page","link":"https:\/\/www.funkenflug.app\/liebeskram\/single-staedte\/hamburg\/","title":{"rendered":"Hamburg"},"content":{"rendered":"\n<figure class=\"wp-block-image size-full is-resized\"><img loading=\"lazy\" decoding=\"async\" width=\"1170\" height=\"515\" src=\"https:\/\/www.funkenflug.app\/liebeskram\/wp-content\/uploads\/2023\/12\/single-hamburg-tipps.jpg\" alt=\"Tipps f\u00fcr Singles in Hamburg\" class=\"wp-image-6613\" style=\"aspect-ratio:3;object-fit:cover;width:944px;height:auto\" srcset=\"https:\/\/www.funkenflug.app\/liebeskram\/wp-content\/uploads\/2023\/12\/single-hamburg-tipps.jpg 1170w, https:\/\/www.funkenflug.app\/liebeskram\/wp-content\/uploads\/2023\/12\/single-hamburg-tipps-900x396.jpg 900w, https:\/\/www.funkenflug.app\/liebeskram\/wp-content\/uploads\/2023\/12\/single-hamburg-tipps-150x66.jpg 150w, https:\/\/www.funkenflug.app\/liebeskram\/wp-content\/uploads\/2023\/12\/single-hamburg-tipps-300x132.jpg 300w, https:\/\/www.funkenflug.app\/liebeskram\/wp-content\/uploads\/2023\/12\/single-hamburg-tipps-768x338.jpg 768w, https:\/\/www.funkenflug.app\/liebeskram\/wp-content\/uploads\/2023\/12\/single-hamburg-tipps-944x416.jpg 944w\" sizes=\"auto, (max-width: 1170px) 100vw, 1170px\" \/><\/figure>\n\n\n\n<p><\/p>\n\n\n\n<p>Stell dir vor, du k\u00f6nntest in Hamburg, der inoffiziellen Online-Dating-Hauptstadt Deutschlands, nicht nur <a href=\"https:\/\/www.funkenflug.app\/liebeskram\/bars-date-hamburg\/\" data-type=\"post\" data-id=\"4464\">einen netten Abend verbringen<\/a>, sondern tats\u00e4chlich den Lieblingsmenschen finden, nach dem du schon so lange suchst. Diese Stadt hat das, was andere St\u00e4dte nicht haben: Eine pulsierende Atmosph\u00e4re, die Begegnungen geradezu magisch macht. Doch wie nutzt du das volle Potenzial dieser Metropole?<\/p>\n\n\n\n<p>Es geht nicht nur darum, sich durch das Online-Dating zu klicken \u2013 es geht darum, wie du Hamburg f\u00fcr dich arbeiten l\u00e4sst. Wie du die <a href=\"https:\/\/www.funkenflug.app\/liebeskram\/cafes-date-hamburg\/\" data-type=\"post\" data-id=\"4402\">besten Orte f\u00fcr dein erstes Treffen<\/a> ausw\u00e4hlst, die versteckten Ecken dieser Stadt entdeckst und jeden Moment so gestaltest, dass er in Erinnerung bleibt. Hamburg bietet dir die perfekte B\u00fchne, aber du entscheidest, wie du sie bespielst. Mit den <a href=\"https:\/\/www.funkenflug.app\/liebeskram\/neue-leute-kennenlernen-in-hamburg\/\" data-type=\"post\" data-id=\"8243\">richtigen Tipps und einer smarten Herangehensweise wird jedes Date<\/a> nicht nur gut, sondern gro\u00dfartig. Es ist Zeit, Hamburgs M\u00f6glichkeiten f\u00fcr dich zu nutzen und dein Liebesleben auf das n\u00e4chste Level zu heben. Jetzt liegt es an dir, das Spiel zu gewinnen!<\/p>\n\n\n<div class=\"gb-container gb-container-ba02bb06\">\n\n<div class=\"gb-grid-wrapper gb-grid-wrapper-429e8375 gb-query-loop-wrapper\">\n<div class=\"gb-grid-column gb-grid-column-8c22cb1f gb-query-loop-item post-11547 post type-post status-publish format-standard has-post-thumbnail hentry category-hamburg tag-date-ideen tag-dating-tipps tag-online-dating tag-singleleben\"><div class=\"gb-container gb-container-8c22cb1f\">\n<figure class=\"gb-block-image gb-block-image-8657d98a\"><img loading=\"lazy\" decoding=\"async\" width=\"2560\" height=\"1654\" src=\"https:\/\/www.funkenflug.app\/liebeskram\/wp-content\/uploads\/2026\/03\/dating-in-hamburg-ueber-40-2.jpg\" class=\"gb-image-8657d98a\" alt=\"Lachendes Paar genie\u00dft einen gemeinsamen Moment beim Dating in Hamburg \u00fcber 40. So leicht kann Dating sein.\" srcset=\"https:\/\/www.funkenflug.app\/liebeskram\/wp-content\/uploads\/2026\/03\/dating-in-hamburg-ueber-40-2.jpg 2560w, https:\/\/www.funkenflug.app\/liebeskram\/wp-content\/uploads\/2026\/03\/Dating-in-Hamburg-ab-40-300x194.jpg 300w, https:\/\/www.funkenflug.app\/liebeskram\/wp-content\/uploads\/2026\/03\/Dating-in-Hamburg-ab-40-900x581.jpg 900w, https:\/\/www.funkenflug.app\/liebeskram\/wp-content\/uploads\/2026\/03\/dating-in-hamburg-ueber-40-250x97.jpg 150w, https:\/\/www.funkenflug.app\/liebeskram\/wp-content\/uploads\/2026\/03\/Dating-in-Hamburg-ab-40-768x496.jpg 768w, https:\/\/www.funkenflug.app\/liebeskram\/wp-content\/uploads\/2026\/03\/dating-in-hamburg-ueber-40-2536x992.jpg 1536w, https:\/\/www.funkenflug.app\/liebeskram\/wp-content\/uploads\/2026\/03\/dating-in-hamburg-ueber-40-2048x1323.jpg 2048w\" sizes=\"auto, (max-width: 2560px) 100vw, 2560px\" \/><\/figure>\n\n<h2 class=\"gb-headline gb-headline-a4a4182d gb-headline-text\"><span class=\"ez-toc-section\" id=\"dating_in_hamburg_ueber_40_die_besten_wege_um_singles_kennenzulernen\"><\/span><a href=\"https:\/\/www.funkenflug.app\/liebeskram\/dating-in-hamburg-ueber-40-tipps\/\">Dating in Hamburg \u00fcber 40: Die besten Wege, um Singles kennenzulernen<\/a><span class=\"ez-toc-section-end\"><\/span><\/h2>\n\n<div class=\"gb-headline gb-headline-73127276 gb-headline-text\">Dating in Hamburg \u00fcber 40 bedeutet keinen Neustart ins Ungewisse, sondern ein neues Kapitel mit Herz und Gelassenheit. Hamburg ist eine Stadt, in der Erfahrung auf Lebensfreude trifft: zwischen Elbe, Alster und Hafen. Ob beim Spaziergang am Wasser, beim Tanzen oder bei einem Glas Wein in einer gem\u00fctlichen Bar.<\/div>\n<\/div><\/div>\n\n<div class=\"gb-grid-column gb-grid-column-8c22cb1f gb-query-loop-item post-11173 post type-post status-publish format-standard has-post-thumbnail hentry category-hamburg tag-dating tag-datingtipps tag-partnersuche tag-single tag-singleleben\"><div class=\"gb-container gb-container-8c22cb1f\">\n<figure class=\"gb-block-image gb-block-image-8657d98a\"><img loading=\"lazy\" decoding=\"async\" width=\"900\" height=\"396\" src=\"https:\/\/www.funkenflug.app\/liebeskram\/wp-content\/uploads\/2026\/02\/partnersuche-in-hamburg-beim-spaziergang-im-park.jpg\" class=\"gb-image-8657d98a\" alt=\"Partnersuche in Hamburg. Singles beim Spaziergang in einem Park w\u00e4hrend ihres Dates.\" srcset=\"https:\/\/www.funkenflug.app\/liebeskram\/wp-content\/uploads\/2026\/02\/partnersuche-in-hamburg-beim-spaziergang-im-park.jpg 900w, https:\/\/www.funkenflug.app\/liebeskram\/wp-content\/uploads\/2026\/02\/partnersuche-in-hamburg-beim-spaziergang-im-park-300x132.jpg 300w, https:\/\/www.funkenflug.app\/liebeskram\/wp-content\/uploads\/2026\/02\/partnersuche-in-hamburg-beim-spaziergang-im-park-150x66.jpg 150w, https:\/\/www.funkenflug.app\/liebeskram\/wp-content\/uploads\/2026\/02\/partnersuche-in-hamburg-beim-spaziergang-im-park-768x338.jpg 768w\" sizes=\"auto, (max-width: 900px) 100vw, 900px\" \/><\/figure>\n\n<h2 class=\"gb-headline gb-headline-a4a4182d gb-headline-text\"><span class=\"ez-toc-section\" id=\"partnersuche_in_hamburg_%e2%80%93_10_tipps_fuer_singles_zum_verlieben\"><\/span><a href=\"https:\/\/www.funkenflug.app\/liebeskram\/partnersuche-in-hamburg-tipps-single\/\">Partnersuche in Hamburg \u2013 10 Tipps f\u00fcr Singles zum Verlieben<\/a><span class=\"ez-toc-section-end\"><\/span><\/h2>\n\n<div class=\"gb-headline gb-headline-73127276 gb-headline-text\">Partnersuche in Hamburg ist so vielseitig wie die Stadt selbst: Zwischen Alster, Schanze und St. Pauli treffen Singles auf entspannte Dating-Spots, Events und neue M\u00f6glichkeiten neue Leute kennenzulernen. Ob du lieber bei einem Drink in einer Bar flirtest, beim Tanzen im Club neue Menschen kennenlernst oder bei Aktivit\u00e4ten \u2013 Hamburg bietet dir unz\u00e4hlige Chancen, dich zu verlieben.<\/div>\n<\/div><\/div>\n\n<div class=\"gb-grid-column gb-grid-column-8c22cb1f gb-query-loop-item post-4402 post type-post status-publish format-standard has-post-thumbnail hentry category-hamburg tag-cafe tag-date tag-flirten tag-hamburg\"><div class=\"gb-container gb-container-8c22cb1f\">\n<figure class=\"gb-block-image gb-block-image-8657d98a\"><img loading=\"lazy\" decoding=\"async\" width=\"900\" height=\"396\" src=\"https:\/\/www.funkenflug.app\/liebeskram\/wp-content\/uploads\/2026\/02\/cafes-date-hamburg.jpg\" class=\"gb-image-8657d98a\" alt=\"Single Paar beim ersten Date in einem Hamburger Caf\u00e9\" srcset=\"https:\/\/www.funkenflug.app\/liebeskram\/wp-content\/uploads\/2026\/02\/cafes-date-hamburg.jpg 900w, https:\/\/www.funkenflug.app\/liebeskram\/wp-content\/uploads\/2026\/02\/cafes-date-hamburg-300x132.jpg 300w, https:\/\/www.funkenflug.app\/liebeskram\/wp-content\/uploads\/2026\/02\/cafes-date-hamburg-150x66.jpg 150w, https:\/\/www.funkenflug.app\/liebeskram\/wp-content\/uploads\/2026\/02\/cafes-date-hamburg-768x338.jpg 768w\" sizes=\"auto, (max-width: 900px) 100vw, 900px\" \/><\/figure>\n\n<h2 class=\"gb-headline gb-headline-a4a4182d gb-headline-text\"><span class=\"ez-toc-section\" id=\"10_perfekte_cafes_fuers_date_in_hamburg\"><\/span><a href=\"https:\/\/www.funkenflug.app\/liebeskram\/cafes-date-hamburg\/\">10 perfekte Caf\u00e9s f\u00fcrs Date in Hamburg<\/a><span class=\"ez-toc-section-end\"><\/span><\/h2>\n\n<div class=\"gb-headline gb-headline-73127276 gb-headline-text\">Ein erstes Date soll locker sein, nicht steif \u2013 und genau deshalb ist ein Caf\u00e9 in Hamburg die perfekte Wahl. Man sitzt gem\u00fctlich, kann sich gut unterhalten und hat mit Kaffee, Kuchen oder Fr\u00fchst\u00fcck direkt einen Gespr\u00e4chsstarter. Wenn du ein Caf\u00e9 f\u00fcrs erste Date in Hamburg suchst, das Atmosph\u00e4re, gutes &#8230; <a title=\"10 perfekte Caf\u00e9s f\u00fcrs Date in Hamburg\" class=\"read-more\" href=\"https:\/\/www.funkenflug.app\/liebeskram\/cafes-date-hamburg\/\" aria-label=\"Mehr Informationen \u00fcber 10 perfekte Caf\u00e9s f\u00fcrs Date in Hamburg\">weiterlesen &#8230;<\/a><\/div>\n<\/div><\/div>\n\n<div class=\"gb-grid-column gb-grid-column-8c22cb1f gb-query-loop-item post-7286 post type-post status-publish format-standard has-post-thumbnail hentry category-hamburg tag-hamburg tag-leute-kennenlernen tag-singles-treffen\"><div class=\"gb-container gb-container-8c22cb1f\">\n<figure class=\"gb-block-image gb-block-image-8657d98a\"><img loading=\"lazy\" decoding=\"async\" width=\"900\" height=\"396\" src=\"https:\/\/www.funkenflug.app\/liebeskram\/wp-content\/uploads\/2024\/01\/neue-leute-kennenlernen-e1738685331398.jpg\" class=\"gb-image-8657d98a\" alt=\"So lernst du neue Leute kennen\" \/><\/figure>\n\n<h2 class=\"gb-headline gb-headline-a4a4182d gb-headline-text\"><span class=\"ez-toc-section\" id=\"neue_leute_kennenlernen_in_hamburg_35_einfache_tipps\"><\/span><a href=\"https:\/\/www.funkenflug.app\/liebeskram\/leute-kennenlernen-hamburg\/\">Neue Leute kennenlernen in Hamburg? 35 einfache Tipps<\/a><span class=\"ez-toc-section-end\"><\/span><\/h2>\n\n<div class=\"gb-headline gb-headline-73127276 gb-headline-text\">Du bist neu in der Stadt, gerade frisch getrennt oder willst einfach so neue Leute kennenlernen in Hamburg?&nbsp; Ab einem gewissen Alter wird es immer schwieriger neue Leute kennenzulernen \u2013 immerhin verbringt man die meiste Zeit in der Arbeit. Wenn aber die Kollegen schon Familien haben oder nicht im passenden &#8230; <a title=\"Neue Leute kennenlernen in Hamburg? 35 einfache Tipps\" class=\"read-more\" href=\"https:\/\/www.funkenflug.app\/liebeskram\/leute-kennenlernen-hamburg\/\" aria-label=\"Mehr Informationen \u00fcber Neue Leute kennenlernen in Hamburg? 35 einfache Tipps\">weiterlesen &#8230;<\/a><\/div>\n<\/div><\/div>\n\n<div class=\"gb-grid-column gb-grid-column-8c22cb1f gb-query-loop-item post-8243 post type-post status-publish format-standard has-post-thumbnail hentry category-hamburg tag-events tag-hamburg tag-kennenlernen tag-leute-kennenlernen-hamburg\"><div class=\"gb-container gb-container-8c22cb1f\">\n<figure class=\"gb-block-image gb-block-image-8657d98a\"><img loading=\"lazy\" decoding=\"async\" width=\"900\" height=\"396\" src=\"https:\/\/www.funkenflug.app\/liebeskram\/wp-content\/uploads\/2025\/12\/kennenlernen-in-hamburg.webp\" class=\"gb-image-8657d98a\" alt=\"So einfach ist das Kennenlernen in Hamburg\" srcset=\"https:\/\/www.funkenflug.app\/liebeskram\/wp-content\/uploads\/2025\/12\/kennenlernen-in-hamburg.webp 900w, https:\/\/www.funkenflug.app\/liebeskram\/wp-content\/uploads\/2025\/12\/kennenlernen-in-hamburg-300x132.webp 300w, https:\/\/www.funkenflug.app\/liebeskram\/wp-content\/uploads\/2025\/12\/kennenlernen-in-hamburg-150x66.webp 150w, https:\/\/www.funkenflug.app\/liebeskram\/wp-content\/uploads\/2025\/12\/kennenlernen-in-hamburg-768x338.webp 768w\" sizes=\"auto, (max-width: 900px) 100vw, 900px\" \/><\/figure>\n\n<h2 class=\"gb-headline gb-headline-a4a4182d gb-headline-text\"><span class=\"ez-toc-section\" id=\"so_einfach_kannst_du_singles_in_hamburg_kennenlernen\"><\/span><a href=\"https:\/\/www.funkenflug.app\/liebeskram\/neue-leute-kennenlernen-in-hamburg\/\">So einfach kannst du Singles in Hamburg kennenlernen<\/a><span class=\"ez-toc-section-end\"><\/span><\/h2>\n\n<div class=\"gb-headline gb-headline-73127276 gb-headline-text\">Stell dir vor, du erlebst das Kennenlernen in Hamburg auf eine v\u00f6llig neue Weise \u2013 ohne den typischen Dating-Stress, daf\u00fcr aber mit echtem Spa\u00df und inspirierenden Begegnungen. Genau das erm\u00f6glicht die Funkenflug-Community f\u00fcr viele Hamburger Singles. Seit vielen Jahren bringt Funkenflug erfolgreich Menschen zusammen, die mehr als nur oberfl\u00e4chliche Begegnungen &#8230; <a title=\"So einfach kannst du Singles in Hamburg kennenlernen\" class=\"read-more\" href=\"https:\/\/www.funkenflug.app\/liebeskram\/neue-leute-kennenlernen-in-hamburg\/\" aria-label=\"Mehr Informationen \u00fcber So einfach kannst du Singles in Hamburg kennenlernen\">weiterlesen &#8230;<\/a><\/div>\n<\/div><\/div>\n\n<div class=\"gb-grid-column gb-grid-column-8c22cb1f gb-query-loop-item post-9335 post type-post status-publish format-standard has-post-thumbnail hentry category-hamburg tag-hamburg tag-singles\"><div class=\"gb-container gb-container-8c22cb1f\">\n<figure class=\"gb-block-image gb-block-image-8657d98a\"><img loading=\"lazy\" decoding=\"async\" width=\"900\" height=\"396\" src=\"https:\/\/www.funkenflug.app\/liebeskram\/wp-content\/uploads\/2024\/12\/weihnachten-alleine-tipps-singles-e1738684054755.jpg\" class=\"gb-image-8657d98a\" alt=\"Single Freunde feiern zusammen Weihnachten\" \/><\/figure>\n\n<h2 class=\"gb-headline gb-headline-a4a4182d gb-headline-text\"><span class=\"ez-toc-section\" id=\"weihnachten_silvester_alleine_in_hamburg_die_besten_tipps_fuer_singles\"><\/span><a href=\"https:\/\/www.funkenflug.app\/liebeskram\/weihnachten-und-silvester-hamburg\/\">Weihnachten &amp; Silvester alleine in Hamburg? Die besten Tipps f\u00fcr Singles<\/a><span class=\"ez-toc-section-end\"><\/span><\/h2>\n\n<div class=\"gb-headline gb-headline-73127276 gb-headline-text\">Suchst du nach Ideen, um die Feiertage in Hamburg zu genie\u00dfen? In unserem Weihnachts-Silvesterblogartikel findest du kreative Anregungen f\u00fcr festliche Aktivit\u00e4ten und M\u00f6glichkeiten, neue Bekanntschaften zu schlie\u00dfen. Lass dich inspirieren und erlebe ein unvergessliches Weihnachten und Silvester in der Hansestadt!<\/div>\n<\/div><\/div>\n\n<div class=\"gb-grid-column gb-grid-column-8c22cb1f gb-query-loop-item post-8835 post type-post status-publish format-standard has-post-thumbnail hentry category-hamburg tag-date-ideen tag-hamburg tag-regen tag-schlechtes-wetter tag-tipps\"><div class=\"gb-container gb-container-8c22cb1f\">\n<figure class=\"gb-block-image gb-block-image-8657d98a\"><img loading=\"lazy\" decoding=\"async\" width=\"900\" height=\"396\" src=\"https:\/\/www.funkenflug.app\/liebeskram\/wp-content\/uploads\/2024\/10\/Date-Ideen-Schlechtes-Wetter-2-e1738684416903.jpg\" class=\"gb-image-8657d98a\" alt=\"Date Ideen bei schlechtem Wetter in deiner Stadt\" \/><\/figure>\n\n<h2 class=\"gb-headline gb-headline-a4a4182d gb-headline-text\"><span class=\"ez-toc-section\" id=\"15_kreative_date_ideen_bei_schlechtem_wetter_in_hamburg\"><\/span><a href=\"https:\/\/www.funkenflug.app\/liebeskram\/date-ideen-schlechtes-wetter-hamburg\/\">15 kreative Date Ideen bei schlechtem Wetter in Hamburg<\/a><span class=\"ez-toc-section-end\"><\/span><\/h2>\n\n<div class=\"gb-headline gb-headline-73127276 gb-headline-text\">Wenn das Hamburger Wetter mal wieder nicht mitspielt, kann es schwierig sein, kreative und ansprechende Aktivit\u00e4ten zu finden, die das Eis brechen und eine entspannte Atmosph\u00e4re schaffen.&nbsp;Doch keine Sorge! Hamburg bietet zahlreiche M\u00f6glichkeiten, auch an tr\u00fcben Tagen ein unvergessliches Date zu erleben. Hier sind 15 kreative Date Ideen f\u00fcr schlechtes &#8230; <a title=\"15 kreative Date Ideen bei schlechtem Wetter in Hamburg\" class=\"read-more\" href=\"https:\/\/www.funkenflug.app\/liebeskram\/date-ideen-schlechtes-wetter-hamburg\/\" aria-label=\"Mehr Informationen \u00fcber 15 kreative Date Ideen bei schlechtem Wetter in Hamburg\">weiterlesen &#8230;<\/a><\/div>\n<\/div><\/div>\n\n<div class=\"gb-grid-column gb-grid-column-8c22cb1f gb-query-loop-item post-4464 post type-post status-publish format-standard has-post-thumbnail hentry category-hamburg tag-bars tag-flirten tag-hamburg tag-single\"><div class=\"gb-container gb-container-8c22cb1f\">\n<figure class=\"gb-block-image gb-block-image-8657d98a\"><img loading=\"lazy\" decoding=\"async\" width=\"1170\" height=\"515\" src=\"https:\/\/www.funkenflug.app\/liebeskram\/wp-content\/uploads\/2022\/10\/bars-fuers-date.jpg\" class=\"gb-image-8657d98a\" alt=\"Paar beim Date in einer Bar\" srcset=\"https:\/\/www.funkenflug.app\/liebeskram\/wp-content\/uploads\/2022\/10\/bars-fuers-date.jpg 1170w, https:\/\/www.funkenflug.app\/liebeskram\/wp-content\/uploads\/2022\/10\/bars-fuers-date-900x396.jpg 900w, https:\/\/www.funkenflug.app\/liebeskram\/wp-content\/uploads\/2022\/10\/bars-fuers-date-150x66.jpg 150w, https:\/\/www.funkenflug.app\/liebeskram\/wp-content\/uploads\/2022\/10\/bars-fuers-date-300x132.jpg 300w, https:\/\/www.funkenflug.app\/liebeskram\/wp-content\/uploads\/2022\/10\/bars-fuers-date-768x338.jpg 768w, https:\/\/www.funkenflug.app\/liebeskram\/wp-content\/uploads\/2022\/10\/bars-fuers-date-944x416.jpg 944w\" sizes=\"auto, (max-width: 1170px) 100vw, 1170px\" \/><\/figure>\n\n<h2 class=\"gb-headline gb-headline-a4a4182d gb-headline-text\"><span class=\"ez-toc-section\" id=\"die_10_coolsten_bars_fuers_date_in_hamburg\"><\/span><a href=\"https:\/\/www.funkenflug.app\/liebeskram\/bars-date-hamburg\/\">Die 10 coolsten Bars f\u00fcrs Date in Hamburg<\/a><span class=\"ez-toc-section-end\"><\/span><\/h2>\n\n<div class=\"gb-headline gb-headline-73127276 gb-headline-text\">Du hast&nbsp;online jemanden kennen gelernt, der dein Herz schneller schlagen l\u00e4sst? Ihr habt euch geschrieben und telefoniert und jetzt wollt ihr euch endlich zu einem Date in einer Bar verabreden. Bars gibt es in Hamburg ja viele, doch wie die richtige Bar f\u00fcr euer erstes Date finden? Um euch die &#8230; <a title=\"Die 10 coolsten Bars f\u00fcrs Date in Hamburg\" class=\"read-more\" href=\"https:\/\/www.funkenflug.app\/liebeskram\/bars-date-hamburg\/\" aria-label=\"Mehr Informationen \u00fcber Die 10 coolsten Bars f\u00fcrs Date in Hamburg\">weiterlesen &#8230;<\/a><\/div>\n<\/div><\/div>\n\n<div class=\"gb-grid-column gb-grid-column-8c22cb1f gb-query-loop-item post-5437 post type-post status-publish format-standard has-post-thumbnail hentry category-hamburg tag-date-ideen tag-dating tag-erstes-date tag-flirten tag-hamburg tag-sommer\"><div class=\"gb-container gb-container-8c22cb1f\">\n<figure class=\"gb-block-image gb-block-image-8657d98a\"><img loading=\"lazy\" decoding=\"async\" width=\"1170\" height=\"515\" src=\"https:\/\/www.funkenflug.app\/liebeskram\/wp-content\/uploads\/2022\/04\/date-ideen-sommer.jpg\" class=\"gb-image-8657d98a\" alt=\"Paar lachend im Gras\" srcset=\"https:\/\/www.funkenflug.app\/liebeskram\/wp-content\/uploads\/2022\/04\/date-ideen-sommer.jpg 1170w, https:\/\/www.funkenflug.app\/liebeskram\/wp-content\/uploads\/2022\/04\/date-ideen-sommer-900x396.jpg 900w, https:\/\/www.funkenflug.app\/liebeskram\/wp-content\/uploads\/2022\/04\/date-ideen-sommer-150x66.jpg 150w, https:\/\/www.funkenflug.app\/liebeskram\/wp-content\/uploads\/2022\/04\/date-ideen-sommer-300x132.jpg 300w, https:\/\/www.funkenflug.app\/liebeskram\/wp-content\/uploads\/2022\/04\/date-ideen-sommer-768x338.jpg 768w, https:\/\/www.funkenflug.app\/liebeskram\/wp-content\/uploads\/2022\/04\/date-ideen-sommer-944x416.jpg 944w\" sizes=\"auto, (max-width: 1170px) 100vw, 1170px\" \/><\/figure>\n\n<h2 class=\"gb-headline gb-headline-a4a4182d gb-headline-text\"><span class=\"ez-toc-section\" id=\"7_sommer_date_ideen_fuer_hamburg\"><\/span><a href=\"https:\/\/www.funkenflug.app\/liebeskram\/sommer-date-hamburg\/\">7 Sommer Date Ideen f\u00fcr Hamburg<\/a><span class=\"ez-toc-section-end\"><\/span><\/h2>\n\n<div class=\"gb-headline gb-headline-73127276 gb-headline-text\">Hast du dir nicht auch immer das perfekte, romantische Sommer-Date gew\u00fcnscht, bei dem nicht nur das Lagerfeuer knistert? Mit unseren Tipps wird dein Sommer Date in Hamburg garantiert ein Erfolg.<\/div>\n<\/div><\/div>\n\n<div class=\"gb-grid-column gb-grid-column-8c22cb1f gb-query-loop-item post-4182 post type-post status-publish format-standard has-post-thumbnail hentry category-hamburg tag-dating tag-erstes-date tag-hamburg tag-restaurants-fuers-date tag-tipps\"><div class=\"gb-container gb-container-8c22cb1f\">\n<figure class=\"gb-block-image gb-block-image-8657d98a\"><img loading=\"lazy\" decoding=\"async\" width=\"1170\" height=\"515\" src=\"https:\/\/www.funkenflug.app\/liebeskram\/wp-content\/uploads\/2022\/02\/restaurants-date.jpg\" class=\"gb-image-8657d98a\" alt=\"Restaurants f\u00fcrs Date\" srcset=\"https:\/\/www.funkenflug.app\/liebeskram\/wp-content\/uploads\/2022\/02\/restaurants-date.jpg 1170w, https:\/\/www.funkenflug.app\/liebeskram\/wp-content\/uploads\/2022\/02\/restaurants-date-900x396.jpg 900w, https:\/\/www.funkenflug.app\/liebeskram\/wp-content\/uploads\/2022\/02\/restaurants-date-150x66.jpg 150w, https:\/\/www.funkenflug.app\/liebeskram\/wp-content\/uploads\/2022\/02\/restaurants-date-300x132.jpg 300w, https:\/\/www.funkenflug.app\/liebeskram\/wp-content\/uploads\/2022\/02\/restaurants-date-768x338.jpg 768w, https:\/\/www.funkenflug.app\/liebeskram\/wp-content\/uploads\/2022\/02\/restaurants-date-944x416.jpg 944w\" sizes=\"auto, (max-width: 1170px) 100vw, 1170px\" \/><\/figure>\n\n<h2 class=\"gb-headline gb-headline-a4a4182d gb-headline-text\"><span class=\"ez-toc-section\" id=\"die_7_schoensten_restaurants_fuer_ein_romantisches_dinner_in_hamburg\"><\/span><a href=\"https:\/\/www.funkenflug.app\/liebeskram\/restaurants-date-hamburg\/\">Die 7 sch\u00f6nsten Restaurants f\u00fcr ein romantisches Dinner in Hamburg<\/a><span class=\"ez-toc-section-end\"><\/span><\/h2>\n\n<div class=\"gb-headline gb-headline-73127276 gb-headline-text\">Das Online-Dating war erfolgreich und endlich steht euer erstes Date in Hamburg an? Da Liebe ja bekanntlich durch den Magen geht, liest du hier, welche Restaurants f\u00fcrs Date in Hamburg zum Verlieben perfekt sind.<\/div>\n<\/div><\/div>\n<\/div>\n\n<\/div>","protected":false},"excerpt":{"rendered":"<p>Stell dir vor, du k\u00f6nntest in Hamburg, der inoffiziellen Online-Dating-Hauptstadt Deutschlands, nicht nur einen netten Abend verbringen, sondern tats\u00e4chlich den Lieblingsmenschen finden, nach dem du schon so lange suchst. Diese Stadt hat das, was andere St\u00e4dte nicht haben: Eine pulsierende Atmosph\u00e4re, die Begegnungen geradezu magisch macht. Doch wie nutzt du das volle Potenzial dieser Metropole? Es geht nicht nur darum, &#8230; <a title=\"Hamburg\" class=\"read-more\" href=\"https:\/\/www.funkenflug.app\/liebeskram\/single-staedte\/hamburg\/\" aria-label=\"Mehr Informationen \u00fcber Hamburg\">weiterlesen &#8230;<\/a><\/p>\n","protected":false},"author":1,"featured_media":6613,"parent":6203,"menu_order":2,"comment_status":"closed","ping_status":"closed","template":"","meta":{"_acf_changed":false,"footnotes":""},"class_list":["post-6222","page","type-page","status-publish","has-post-thumbnail"],"acf":[],"_links":{"self":[{"href":"https:\/\/www.funkenflug.app\/liebeskram\/wp-json\/wp\/v2\/pages\/6222","targetHints":{"allow":["GET"]}}],"collection":[{"href":"https:\/\/www.funkenflug.app\/liebeskram\/wp-json\/wp\/v2\/pages"}],"about":[{"href":"https:\/\/www.funkenflug.app\/liebeskram\/wp-json\/wp\/v2\/types\/page"}],"author":[{"embeddable":true,"href":"https:\/\/www.funkenflug.app\/liebeskram\/wp-json\/wp\/v2\/users\/1"}],"replies":[{"embeddable":true,"href":"https:\/\/www.funkenflug.app\/liebeskram\/wp-json\/wp\/v2\/comments?post=6222"}],"version-history":[{"count":11,"href":"https:\/\/www.funkenflug.app\/liebeskram\/wp-json\/wp\/v2\/pages\/6222\/revisions"}],"predecessor-version":[{"id":9411,"href":"https:\/\/www.funkenflug.app\/liebeskram\/wp-json\/wp\/v2\/pages\/6222\/revisions\/9411"}],"up":[{"embeddable":true,"href":"https:\/\/www.funkenflug.app\/liebeskram\/wp-json\/wp\/v2\/pages\/6203"}],"wp:featuredmedia":[{"embeddable":true,"href":"https:\/\/www.funkenflug.app\/liebeskram\/wp-json\/wp\/v2\/media\/6613"}],"wp:attachment":[{"href":"https:\/\/www.funkenflug.app\/liebeskram\/wp-json\/wp\/v2\/media?parent=6222"}],"curies":[{"name":"wp","href":"https:\/\/api.w.org\/{rel}","templated":true}]}}