{"id":6224,"date":"2024-06-12T19:44:14","date_gmt":"2024-06-12T17:44:14","guid":{"rendered":"https:\/\/www.funkenflug.app\/liebeskram\/?page_id=6224"},"modified":"2024-12-12T15:32:39","modified_gmt":"2024-12-12T14:32:39","slug":"wien","status":"publish","type":"page","link":"https:\/\/www.funkenflug.app\/liebeskram\/single-staedte\/wien\/","title":{"rendered":"Wien"},"content":{"rendered":"\n<figure class=\"wp-block-image size-full is-resized\"><img loading=\"lazy\" decoding=\"async\" width=\"1170\" height=\"515\" src=\"https:\/\/www.funkenflug.app\/liebeskram\/wp-content\/uploads\/2023\/12\/single-wien-tipps.jpg\" alt=\"Dating-Tipps f\u00fcr Singles in Wien\" class=\"wp-image-6629\" style=\"aspect-ratio:3.066666666666667;object-fit:cover;width:943px;height:auto\" srcset=\"https:\/\/www.funkenflug.app\/liebeskram\/wp-content\/uploads\/2023\/12\/single-wien-tipps.jpg 1170w, https:\/\/www.funkenflug.app\/liebeskram\/wp-content\/uploads\/2023\/12\/single-wien-tipps-900x396.jpg 900w, https:\/\/www.funkenflug.app\/liebeskram\/wp-content\/uploads\/2023\/12\/single-wien-tipps-150x66.jpg 150w, https:\/\/www.funkenflug.app\/liebeskram\/wp-content\/uploads\/2023\/12\/single-wien-tipps-300x132.jpg 300w, https:\/\/www.funkenflug.app\/liebeskram\/wp-content\/uploads\/2023\/12\/single-wien-tipps-768x338.jpg 768w, https:\/\/www.funkenflug.app\/liebeskram\/wp-content\/uploads\/2023\/12\/single-wien-tipps-944x416.jpg 944w\" sizes=\"auto, (max-width: 1170px) 100vw, 1170px\" \/><\/figure>\n\n\n\n<p><\/p>\n\n\n\n<p>Wien strahlt f\u00f6rmlich vor Eleganz. Architektonische Meisterwerke aus verschiedenen Epochen hauchen der \u00f6sterreichischen Hauptstadt das gewisse Extra an Romantik ein. Perfekt also, um sich als Single in Wien nicht nur in die Stadt zu verlieben.<\/p>\n\n\n<div class=\"gb-container gb-container-ba02bb06\">\n\n<div class=\"gb-grid-wrapper gb-grid-wrapper-429e8375 gb-query-loop-wrapper\">\n<div class=\"gb-grid-column gb-grid-column-8c22cb1f gb-query-loop-item post-9349 post type-post status-publish format-standard has-post-thumbnail hentry category-wien tag-single tag-tipps tag-wien\"><div class=\"gb-container gb-container-8c22cb1f\">\n<figure class=\"gb-block-image gb-block-image-8657d98a\"><img loading=\"lazy\" decoding=\"async\" width=\"900\" height=\"396\" src=\"https:\/\/www.funkenflug.app\/liebeskram\/wp-content\/uploads\/2024\/12\/weihnachten-alleine-tipps-singles-e1738684054755.jpg\" class=\"gb-image-8657d98a\" alt=\"Single Freunde feiern zusammen Weihnachten\" \/><\/figure>\n\n<h2 class=\"gb-headline gb-headline-a4a4182d gb-headline-text\"><span class=\"ez-toc-section\" id=\"weihnachten_und_silvester_alleine_in_wien_die_besten_tipps_fuer_singles\"><\/span><a href=\"https:\/\/www.funkenflug.app\/liebeskram\/weihnachten-und-silvester-wien\/\">Weihnachten und Silvester alleine in Wien? Die besten Tipps f\u00fcr Singles!<\/a><span class=\"ez-toc-section-end\"><\/span><\/h2>\n\n<div class=\"gb-headline gb-headline-73127276 gb-headline-text\">Niemand sollte in Wien an Weihnachten und Silvester allein sein. Deshalb teilen wir hier tolle Tipps f\u00fcr ein tolles Fest voller Freude und Gemeinschaft.<\/div>\n<\/div><\/div>\n\n<div class=\"gb-grid-column gb-grid-column-8c22cb1f gb-query-loop-item post-9093 post type-post status-publish format-standard has-post-thumbnail hentry category-wien tag-date-ideen tag-schlechtes-wetter tag-wien\"><div class=\"gb-container gb-container-8c22cb1f\">\n<figure class=\"gb-block-image gb-block-image-8657d98a\"><img loading=\"lazy\" decoding=\"async\" width=\"900\" height=\"396\" src=\"https:\/\/www.funkenflug.app\/liebeskram\/wp-content\/uploads\/2024\/10\/Date-Ideen-Schlechtes-Wetter-2-e1738684416903.jpg\" class=\"gb-image-8657d98a\" alt=\"Date Ideen bei schlechtem Wetter in deiner Stadt\" \/><\/figure>\n\n<h2 class=\"gb-headline gb-headline-a4a4182d gb-headline-text\"><span class=\"ez-toc-section\" id=\"die_10_besten_date-ideen_fuer_schlechtes_wetter_in_wien\"><\/span><a href=\"https:\/\/www.funkenflug.app\/liebeskram\/date-ideen-schlechtes-wetter-wien\/\">Die 10 besten Date-Ideen f\u00fcr schlechtes Wetter in Wien<\/a><span class=\"ez-toc-section-end\"><\/span><\/h2>\n\n<div class=\"gb-headline gb-headline-73127276 gb-headline-text\">Schlechtes Wetter muss nicht das Ende eines romantischen Abenteuers sein! Wenn du in Wien lebst oder die Stadt besuchst und ein erstes Date geplant hast, aber der Himmel bew\u00f6lkt ist, gibt es viele kreative M\u00f6glichkeiten, um trotzdem eine unvergessliche Zeit zu verbringen. Hier sind 10 gro\u00dfartige\u00a0Date Ideen f\u00fcr schlechtes Wetter &#8230; <a title=\"Die 10 besten Date-Ideen f\u00fcr schlechtes Wetter in Wien\" class=\"read-more\" href=\"https:\/\/www.funkenflug.app\/liebeskram\/date-ideen-schlechtes-wetter-wien\/\" aria-label=\"Mehr Informationen \u00fcber Die 10 besten Date-Ideen f\u00fcr schlechtes Wetter in Wien\">weiterlesen &#8230;<\/a><\/div>\n<\/div><\/div>\n\n<div class=\"gb-grid-column gb-grid-column-8c22cb1f gb-query-loop-item post-4208 post type-post status-publish format-standard has-post-thumbnail hentry category-wien tag-dating tag-erstes-date tag-restaurants-fuers-date tag-tipps tag-wien\"><div class=\"gb-container gb-container-8c22cb1f\">\n<figure class=\"gb-block-image gb-block-image-8657d98a\"><img loading=\"lazy\" decoding=\"async\" width=\"1170\" height=\"515\" src=\"https:\/\/www.funkenflug.app\/liebeskram\/wp-content\/uploads\/2022\/02\/restaurants-date.jpg\" class=\"gb-image-8657d98a\" alt=\"Restaurants f\u00fcrs Date\" srcset=\"https:\/\/www.funkenflug.app\/liebeskram\/wp-content\/uploads\/2022\/02\/restaurants-date.jpg 1170w, https:\/\/www.funkenflug.app\/liebeskram\/wp-content\/uploads\/2022\/02\/restaurants-date-900x396.jpg 900w, https:\/\/www.funkenflug.app\/liebeskram\/wp-content\/uploads\/2022\/02\/restaurants-date-150x66.jpg 150w, https:\/\/www.funkenflug.app\/liebeskram\/wp-content\/uploads\/2022\/02\/restaurants-date-300x132.jpg 300w, https:\/\/www.funkenflug.app\/liebeskram\/wp-content\/uploads\/2022\/02\/restaurants-date-768x338.jpg 768w, https:\/\/www.funkenflug.app\/liebeskram\/wp-content\/uploads\/2022\/02\/restaurants-date-944x416.jpg 944w\" sizes=\"auto, (max-width: 1170px) 100vw, 1170px\" \/><\/figure>\n\n<h2 class=\"gb-headline gb-headline-a4a4182d gb-headline-text\"><span class=\"ez-toc-section\" id=\"die_7_schoensten_restaurants_fuer_ein_romantisches_dinner_in_wien\"><\/span><a href=\"https:\/\/www.funkenflug.app\/liebeskram\/restaurants-date-wien\/\">Die 7 sch\u00f6nsten Restaurants f\u00fcr ein romantisches Dinner in Wien<\/a><span class=\"ez-toc-section-end\"><\/span><\/h2>\n\n<div class=\"gb-headline gb-headline-73127276 gb-headline-text\">Das Online-Dating war erfolgreich und endlich steht euer erstes Date in Wien an? Da Liebe ja bekanntlich durch den Magen geht, liest du hier, welche Restaurants f\u00fcrs Date in Wien zum Verlieben perfekt sind.<\/div>\n<\/div><\/div>\n\n<div class=\"gb-grid-column gb-grid-column-8c22cb1f gb-query-loop-item post-4428 post type-post status-publish format-standard has-post-thumbnail hentry category-wien tag-cafe tag-date tag-flirten tag-wien\"><div class=\"gb-container gb-container-8c22cb1f\">\n<figure class=\"gb-block-image gb-block-image-8657d98a\"><img loading=\"lazy\" decoding=\"async\" width=\"1170\" height=\"515\" src=\"https:\/\/www.funkenflug.app\/liebeskram\/wp-content\/uploads\/2020\/10\/cafes-date.jpg\" class=\"gb-image-8657d98a\" alt=\"Date im Caf\u00e9\" srcset=\"https:\/\/www.funkenflug.app\/liebeskram\/wp-content\/uploads\/2020\/10\/cafes-date.jpg 1170w, https:\/\/www.funkenflug.app\/liebeskram\/wp-content\/uploads\/2020\/10\/cafes-date-900x396.jpg 900w, https:\/\/www.funkenflug.app\/liebeskram\/wp-content\/uploads\/2020\/10\/cafes-date-150x66.jpg 150w, https:\/\/www.funkenflug.app\/liebeskram\/wp-content\/uploads\/2020\/10\/cafes-date-300x132.jpg 300w, https:\/\/www.funkenflug.app\/liebeskram\/wp-content\/uploads\/2020\/10\/cafes-date-768x338.jpg 768w, https:\/\/www.funkenflug.app\/liebeskram\/wp-content\/uploads\/2020\/10\/cafes-date-944x416.jpg 944w\" sizes=\"auto, (max-width: 1170px) 100vw, 1170px\" \/><\/figure>\n\n<h2 class=\"gb-headline gb-headline-a4a4182d gb-headline-text\"><span class=\"ez-toc-section\" id=\"10_cafes_fuers_date_in_wien\"><\/span><a href=\"https:\/\/www.funkenflug.app\/liebeskram\/10-cafes-fuers-date-in-wien\/\">10 Caf\u00e9s f\u00fcrs Date in Wien<\/a><span class=\"ez-toc-section-end\"><\/span><\/h2>\n\n<div class=\"gb-headline gb-headline-73127276 gb-headline-text\">Ihr habt euch endlich zu einem Date in einem Caf\u00e9 verabredet? In welchen Caf\u00e9s in Wien ihr filmreif flirten k\u00f6nnt, erfahrt ihr hier.<\/div>\n<\/div><\/div>\n\n<div class=\"gb-grid-column gb-grid-column-8c22cb1f gb-query-loop-item post-7276 post type-post status-publish format-standard has-post-thumbnail hentry category-wien tag-dating-tipps-wien tag-leute-kennenlernen-wien\"><div class=\"gb-container gb-container-8c22cb1f\">\n<figure class=\"gb-block-image gb-block-image-8657d98a\"><img loading=\"lazy\" decoding=\"async\" width=\"900\" height=\"396\" src=\"https:\/\/www.funkenflug.app\/liebeskram\/wp-content\/uploads\/2024\/01\/neue-leute-kennenlernen-e1738685331398.jpg\" class=\"gb-image-8657d98a\" alt=\"So lernst du neue Leute kennen\" \/><\/figure>\n\n<h2 class=\"gb-headline gb-headline-a4a4182d gb-headline-text\"><span class=\"ez-toc-section\" id=\"neue_leute_kennenlernen_in_wien_32_einfache_tipps\"><\/span><a href=\"https:\/\/www.funkenflug.app\/liebeskram\/leute-kennenlernen-wien\/\">Neue Leute kennenlernen in Wien? 32 einfache Tipps!<\/a><span class=\"ez-toc-section-end\"><\/span><\/h2>\n\n<div class=\"gb-headline gb-headline-73127276 gb-headline-text\">Du bist neu in der Stadt, gerade frisch getrennt oder willst einfach so neue Leute kennenlernen in Wien?&nbsp; Ab einem gewissen Alter wird es immer schwieriger neue Leute kennenzulernen \u2013 immerhin verbringt man die meiste Zeit in der Arbeit. Wenn aber die Kollegen schon Familien haben oder nicht im passenden &#8230; <a title=\"Neue Leute kennenlernen in Wien? 32 einfache Tipps!\" class=\"read-more\" href=\"https:\/\/www.funkenflug.app\/liebeskram\/leute-kennenlernen-wien\/\" aria-label=\"Mehr Informationen \u00fcber Neue Leute kennenlernen in Wien? 32 einfache Tipps!\">weiterlesen &#8230;<\/a><\/div>\n<\/div><\/div>\n\n<div class=\"gb-grid-column gb-grid-column-8c22cb1f gb-query-loop-item post-4473 post type-post status-publish format-standard has-post-thumbnail hentry category-wien tag-bars tag-flirten tag-single tag-wien\"><div class=\"gb-container gb-container-8c22cb1f\">\n<figure class=\"gb-block-image gb-block-image-8657d98a\"><img loading=\"lazy\" decoding=\"async\" width=\"1170\" height=\"515\" src=\"https:\/\/www.funkenflug.app\/liebeskram\/wp-content\/uploads\/2022\/10\/bars-fuers-date.jpg\" class=\"gb-image-8657d98a\" alt=\"Paar beim Date in einer Bar\" srcset=\"https:\/\/www.funkenflug.app\/liebeskram\/wp-content\/uploads\/2022\/10\/bars-fuers-date.jpg 1170w, https:\/\/www.funkenflug.app\/liebeskram\/wp-content\/uploads\/2022\/10\/bars-fuers-date-900x396.jpg 900w, https:\/\/www.funkenflug.app\/liebeskram\/wp-content\/uploads\/2022\/10\/bars-fuers-date-150x66.jpg 150w, https:\/\/www.funkenflug.app\/liebeskram\/wp-content\/uploads\/2022\/10\/bars-fuers-date-300x132.jpg 300w, https:\/\/www.funkenflug.app\/liebeskram\/wp-content\/uploads\/2022\/10\/bars-fuers-date-768x338.jpg 768w, https:\/\/www.funkenflug.app\/liebeskram\/wp-content\/uploads\/2022\/10\/bars-fuers-date-944x416.jpg 944w\" sizes=\"auto, (max-width: 1170px) 100vw, 1170px\" \/><\/figure>\n\n<h2 class=\"gb-headline gb-headline-a4a4182d gb-headline-text\"><span class=\"ez-toc-section\" id=\"die_10_coolsten_bars_fuers_date_in_wien\"><\/span><a href=\"https:\/\/www.funkenflug.app\/liebeskram\/bars-date-wien\/\">Die 10 coolsten Bars f\u00fcrs Date in Wien<\/a><span class=\"ez-toc-section-end\"><\/span><\/h2>\n\n<div class=\"gb-headline gb-headline-73127276 gb-headline-text\">Du hast&nbsp;online jemanden kennen gelernt, der dein Herz schneller schlagen l\u00e4sst? Ihr habt euch geschrieben und telefoniert und jetzt wollt ihr euch endlich zu einem Date in einer Bar verabreden. Bars gibt es in Wien ja viele, doch wie die richtige Bar f\u00fcr euer erstes Date finden? Um euch die &#8230; <a title=\"Die 10 coolsten Bars f\u00fcrs Date in Wien\" class=\"read-more\" href=\"https:\/\/www.funkenflug.app\/liebeskram\/bars-date-wien\/\" aria-label=\"Mehr Informationen \u00fcber Die 10 coolsten Bars f\u00fcrs Date in Wien\">weiterlesen &#8230;<\/a><\/div>\n<\/div><\/div>\n\n<div class=\"gb-grid-column gb-grid-column-8c22cb1f gb-query-loop-item post-5481 post type-post status-publish format-standard has-post-thumbnail hentry category-wien tag-date-ideen tag-erstes-date tag-sommer tag-wien\"><div class=\"gb-container gb-container-8c22cb1f\">\n<figure class=\"gb-block-image gb-block-image-8657d98a\"><img loading=\"lazy\" decoding=\"async\" width=\"1170\" height=\"515\" src=\"https:\/\/www.funkenflug.app\/liebeskram\/wp-content\/uploads\/2022\/04\/date-ideen-sommer.jpg\" class=\"gb-image-8657d98a\" alt=\"Paar lachend im Gras\" srcset=\"https:\/\/www.funkenflug.app\/liebeskram\/wp-content\/uploads\/2022\/04\/date-ideen-sommer.jpg 1170w, https:\/\/www.funkenflug.app\/liebeskram\/wp-content\/uploads\/2022\/04\/date-ideen-sommer-900x396.jpg 900w, https:\/\/www.funkenflug.app\/liebeskram\/wp-content\/uploads\/2022\/04\/date-ideen-sommer-150x66.jpg 150w, https:\/\/www.funkenflug.app\/liebeskram\/wp-content\/uploads\/2022\/04\/date-ideen-sommer-300x132.jpg 300w, https:\/\/www.funkenflug.app\/liebeskram\/wp-content\/uploads\/2022\/04\/date-ideen-sommer-768x338.jpg 768w, https:\/\/www.funkenflug.app\/liebeskram\/wp-content\/uploads\/2022\/04\/date-ideen-sommer-944x416.jpg 944w\" sizes=\"auto, (max-width: 1170px) 100vw, 1170px\" \/><\/figure>\n\n<h2 class=\"gb-headline gb-headline-a4a4182d gb-headline-text\"><span class=\"ez-toc-section\" id=\"7_sommer_date_ideen_fuer_wien\"><\/span><a href=\"https:\/\/www.funkenflug.app\/liebeskram\/sommer-date-wien\/\">7 Sommer Date Ideen f\u00fcr Wien<\/a><span class=\"ez-toc-section-end\"><\/span><\/h2>\n\n<div class=\"gb-headline gb-headline-73127276 gb-headline-text\">Hast du dir nicht auch immer das perfekte, romantische Sommer-Date gew\u00fcnscht, bei dem nicht nur das Lagerfeuer knistert? Mit unseren Tipps wird dein Sommer Date in Wien garantiert ein Erfolg.<\/div>\n<\/div><\/div>\n<\/div>\n\n<\/div>","protected":false},"excerpt":{"rendered":"<p>Wien strahlt f\u00f6rmlich vor Eleganz. Architektonische Meisterwerke aus verschiedenen Epochen hauchen der \u00f6sterreichischen Hauptstadt das gewisse Extra an Romantik ein. Perfekt also, um sich als Single in Wien nicht nur in die Stadt zu verlieben.<\/p>\n","protected":false},"author":1,"featured_media":6629,"parent":6203,"menu_order":2,"comment_status":"closed","ping_status":"closed","template":"","meta":{"_acf_changed":false,"footnotes":""},"class_list":["post-6224","page","type-page","status-publish","has-post-thumbnail"],"acf":[],"_links":{"self":[{"href":"https:\/\/www.funkenflug.app\/liebeskram\/wp-json\/wp\/v2\/pages\/6224","targetHints":{"allow":["GET"]}}],"collection":[{"href":"https:\/\/www.funkenflug.app\/liebeskram\/wp-json\/wp\/v2\/pages"}],"about":[{"href":"https:\/\/www.funkenflug.app\/liebeskram\/wp-json\/wp\/v2\/types\/page"}],"author":[{"embeddable":true,"href":"https:\/\/www.funkenflug.app\/liebeskram\/wp-json\/wp\/v2\/users\/1"}],"replies":[{"embeddable":true,"href":"https:\/\/www.funkenflug.app\/liebeskram\/wp-json\/wp\/v2\/comments?post=6224"}],"version-history":[{"count":6,"href":"https:\/\/www.funkenflug.app\/liebeskram\/wp-json\/wp\/v2\/pages\/6224\/revisions"}],"predecessor-version":[{"id":9415,"href":"https:\/\/www.funkenflug.app\/liebeskram\/wp-json\/wp\/v2\/pages\/6224\/revisions\/9415"}],"up":[{"embeddable":true,"href":"https:\/\/www.funkenflug.app\/liebeskram\/wp-json\/wp\/v2\/pages\/6203"}],"wp:featuredmedia":[{"embeddable":true,"href":"https:\/\/www.funkenflug.app\/liebeskram\/wp-json\/wp\/v2\/media\/6629"}],"wp:attachment":[{"href":"https:\/\/www.funkenflug.app\/liebeskram\/wp-json\/wp\/v2\/media?parent=6224"}],"curies":[{"name":"wp","href":"https:\/\/api.w.org\/{rel}","templated":true}]}}