{"id":6227,"date":"2024-06-12T19:37:22","date_gmt":"2024-06-12T17:37:22","guid":{"rendered":"https:\/\/www.funkenflug.app\/liebeskram\/?page_id=6227"},"modified":"2024-12-12T15:32:01","modified_gmt":"2024-12-12T14:32:01","slug":"stuttgart","status":"publish","type":"page","link":"https:\/\/www.funkenflug.app\/liebeskram\/single-staedte\/stuttgart\/","title":{"rendered":"Stuttgart"},"content":{"rendered":"\n<figure class=\"wp-block-image size-full is-resized\"><img loading=\"lazy\" decoding=\"async\" width=\"1170\" height=\"515\" src=\"https:\/\/www.funkenflug.app\/liebeskram\/wp-content\/uploads\/2023\/12\/single-stuttgart-tipps.jpg\" alt=\"Tipps f\u00fcr Singles in Stuttgart\" class=\"wp-image-6611\" style=\"object-fit:cover;width:920px;height:300px\" srcset=\"https:\/\/www.funkenflug.app\/liebeskram\/wp-content\/uploads\/2023\/12\/single-stuttgart-tipps.jpg 1170w, https:\/\/www.funkenflug.app\/liebeskram\/wp-content\/uploads\/2023\/12\/single-stuttgart-tipps-900x396.jpg 900w, https:\/\/www.funkenflug.app\/liebeskram\/wp-content\/uploads\/2023\/12\/single-stuttgart-tipps-150x66.jpg 150w, https:\/\/www.funkenflug.app\/liebeskram\/wp-content\/uploads\/2023\/12\/single-stuttgart-tipps-300x132.jpg 300w, https:\/\/www.funkenflug.app\/liebeskram\/wp-content\/uploads\/2023\/12\/single-stuttgart-tipps-768x338.jpg 768w, https:\/\/www.funkenflug.app\/liebeskram\/wp-content\/uploads\/2023\/12\/single-stuttgart-tipps-944x416.jpg 944w\" sizes=\"auto, (max-width: 1170px) 100vw, 1170px\" \/><\/figure>\n\n\n\n<p>Auch im Schwabenl\u00e4ndle gibt es jede Menge Singles, die auf der Suche nach ihrer besseren H\u00e4lfte sind. Flirten und daten umgeben von Weinbergen \u2013 was k\u00f6nnte es Romantischeres geben? Klick dich hier durch unsere Tipps f\u00fcr dein Single-Leben und Dating in Stuttgart.<\/p>\n\n\n<div class=\"gb-container gb-container-ba02bb06\">\n\n<div class=\"gb-grid-wrapper gb-grid-wrapper-429e8375 gb-query-loop-wrapper\">\n<div class=\"gb-grid-column gb-grid-column-8c22cb1f gb-query-loop-item post-4413 post type-post status-publish format-standard has-post-thumbnail hentry category-stuttgart tag-cafe tag-date tag-flirten tag-stuttgart\"><div class=\"gb-container gb-container-8c22cb1f\">\n<figure class=\"gb-block-image gb-block-image-8657d98a\"><img loading=\"lazy\" decoding=\"async\" width=\"900\" height=\"396\" src=\"https:\/\/www.funkenflug.app\/liebeskram\/wp-content\/uploads\/2023\/10\/cafes-date-stuttgart.jpg\" class=\"gb-image-8657d98a\" alt=\"Paar beim Kaffee-Date in einem gem\u00fctlichen Caf\u00e9 mit Kaffee und Fr\u00fchst\u00fcck - entspanntes Date in Stuttgart\" srcset=\"https:\/\/www.funkenflug.app\/liebeskram\/wp-content\/uploads\/2023\/10\/cafes-date-stuttgart.jpg 900w, https:\/\/www.funkenflug.app\/liebeskram\/wp-content\/uploads\/2023\/10\/cafes-date-stuttgart-300x132.jpg 300w, https:\/\/www.funkenflug.app\/liebeskram\/wp-content\/uploads\/2023\/10\/cafes-date-stuttgart-150x66.jpg 150w, https:\/\/www.funkenflug.app\/liebeskram\/wp-content\/uploads\/2023\/10\/cafes-date-stuttgart-768x338.jpg 768w\" sizes=\"auto, (max-width: 900px) 100vw, 900px\" \/><\/figure>\n\n<h2 class=\"gb-headline gb-headline-a4a4182d gb-headline-text\"><span class=\"ez-toc-section\" id=\"10_perfekte_cafes_fuers_date_in_stuttgart\"><\/span><a href=\"https:\/\/www.funkenflug.app\/liebeskram\/cafes-date-stuttgart\/\">10 perfekte Caf\u00e9s f\u00fcrs Date in Stuttgart<\/a><span class=\"ez-toc-section-end\"><\/span><\/h2>\n\n<div class=\"gb-headline gb-headline-73127276 gb-headline-text\">Du planst ein Kaffee-Date in Stuttgart und suchst nach dem perfekten Ort? Egal ob erstes Kennenlernen oder entspanntes Wiedersehen &#8211; die richtige Location entscheidet oft dar\u00fcber, ob aus einem Date mehr wird. Hier findest du die besten Caf\u00e9s f\u00fcr Dates in Stuttgart: von gem\u00fctlich und ruhig bis stylisch und besonders &#8230; <a title=\"10 perfekte Caf\u00e9s f\u00fcrs Date in Stuttgart\" class=\"read-more\" href=\"https:\/\/www.funkenflug.app\/liebeskram\/cafes-date-stuttgart\/\" aria-label=\"Mehr Informationen \u00fcber 10 perfekte Caf\u00e9s f\u00fcrs Date in Stuttgart\">weiterlesen &#8230;<\/a><\/div>\n<\/div><\/div>\n\n<div class=\"gb-grid-column gb-grid-column-8c22cb1f gb-query-loop-item post-11323 post type-post status-publish format-standard has-post-thumbnail hentry category-stuttgart tag-date-ideen tag-dating-tipps tag-partnersuche tag-singleleben\"><div class=\"gb-container gb-container-8c22cb1f\">\n<figure class=\"gb-block-image gb-block-image-8657d98a\"><img loading=\"lazy\" decoding=\"async\" width=\"900\" height=\"396\" src=\"https:\/\/www.funkenflug.app\/liebeskram\/wp-content\/uploads\/2026\/03\/Partnersuche-in-Stuttgart-beim-Spaziergang-im-Park.jpg\" class=\"gb-image-8657d98a\" alt=\"Partnersuche in Stuttgart. Singles beim Spaziergang in einem Park w\u00e4hrend ihres Dates.\" srcset=\"https:\/\/www.funkenflug.app\/liebeskram\/wp-content\/uploads\/2026\/03\/Partnersuche-in-Stuttgart-beim-Spaziergang-im-Park.jpg 900w, https:\/\/www.funkenflug.app\/liebeskram\/wp-content\/uploads\/2026\/03\/Partnersuche-in-Stuttgart-beim-Spaziergang-im-Park-300x132.jpg 300w, https:\/\/www.funkenflug.app\/liebeskram\/wp-content\/uploads\/2026\/03\/Partnersuche-in-Stuttgart-beim-Spaziergang-im-Park-150x66.jpg 150w, https:\/\/www.funkenflug.app\/liebeskram\/wp-content\/uploads\/2026\/03\/Partnersuche-in-Stuttgart-beim-Spaziergang-im-Park-768x338.jpg 768w\" sizes=\"auto, (max-width: 900px) 100vw, 900px\" \/><\/figure>\n\n<h2 class=\"gb-headline gb-headline-a4a4182d gb-headline-text\"><span class=\"ez-toc-section\" id=\"partnersuche_in_stuttgart_%e2%80%93_10_tipps_fuer_singles_zum_verlieben\"><\/span><a href=\"https:\/\/www.funkenflug.app\/liebeskram\/partnersuche-in-stuttgart-tipps\/\">Partnersuche in Stuttgart &#8211; 10 Tipps f\u00fcr Singles zum Verlieben<\/a><span class=\"ez-toc-section-end\"><\/span><\/h2>\n\n<div class=\"gb-headline gb-headline-73127276 gb-headline-text\">Stuttgart hat viele Orte, an denen man sich ganz nat\u00fcrlich begegnet: beim Kaffee, beim Feierabenddrink oder beim Tanzen. Besonders in Stadtvierteln wie&nbsp;West,&nbsp;Mitte,&nbsp;S\u00fcd&nbsp;oder rund um&nbsp;das Bohnenviertel&nbsp;ist die Stimmung oft offener, als man denkt. Singles treffen in Caf\u00e9s In Caf\u00e9s ticken die Uhren ruhiger. Du hast Zeit, Blicke auszutauschen, kurz zu l\u00e4cheln &#8230; <a title=\"Partnersuche in Stuttgart &#8211; 10 Tipps f\u00fcr Singles zum Verlieben\" class=\"read-more\" href=\"https:\/\/www.funkenflug.app\/liebeskram\/partnersuche-in-stuttgart-tipps\/\" aria-label=\"Mehr Informationen \u00fcber Partnersuche in Stuttgart &#8211; 10 Tipps f\u00fcr Singles zum Verlieben\">weiterlesen &#8230;<\/a><\/div>\n<\/div><\/div>\n\n<div class=\"gb-grid-column gb-grid-column-8c22cb1f gb-query-loop-item post-9354 post type-post status-publish format-standard has-post-thumbnail hentry category-stuttgart tag-silvester tag-singles tag-stuttgart tag-tipps tag-weihnachten\"><div class=\"gb-container gb-container-8c22cb1f\">\n<figure class=\"gb-block-image gb-block-image-8657d98a\"><img loading=\"lazy\" decoding=\"async\" width=\"900\" height=\"396\" src=\"https:\/\/www.funkenflug.app\/liebeskram\/wp-content\/uploads\/2024\/12\/weihnachten-alleine-tipps-singles-e1738684054755.jpg\" class=\"gb-image-8657d98a\" alt=\"Single Freunde feiern zusammen Weihnachten\" \/><\/figure>\n\n<h2 class=\"gb-headline gb-headline-a4a4182d gb-headline-text\"><span class=\"ez-toc-section\" id=\"weihnachten_und_silvester_alleine_in_stuttgart_die_besten_tipps_fuer_singles\"><\/span><a href=\"https:\/\/www.funkenflug.app\/liebeskram\/weihnachten-und-silvester-stuttgart\/\">Weihnachten und Silvester alleine in Stuttgart? Die besten Tipps f\u00fcr Singles!<\/a><span class=\"ez-toc-section-end\"><\/span><\/h2>\n\n<div class=\"gb-headline gb-headline-73127276 gb-headline-text\">Auch dieses Jahr planen laut unserer Weihnachtsumfrage wieder 16% der Singles in Stuttgart alleine Weihnachten und Silvester zu feiern. Die Gr\u00fcnde sind so verschieden wie die Stuttgarter Singles selbst. Bei den meisten wohnt die Familie zu weit weg und der Weg nach Hause lohnt nicht f\u00fcr die kurze Zeit oder &#8230; <a title=\"Weihnachten und Silvester alleine in Stuttgart? Die besten Tipps f\u00fcr Singles!\" class=\"read-more\" href=\"https:\/\/www.funkenflug.app\/liebeskram\/weihnachten-und-silvester-stuttgart\/\" aria-label=\"Mehr Informationen \u00fcber Weihnachten und Silvester alleine in Stuttgart? Die besten Tipps f\u00fcr Singles!\">weiterlesen &#8230;<\/a><\/div>\n<\/div><\/div>\n\n<div class=\"gb-grid-column gb-grid-column-8c22cb1f gb-query-loop-item post-7262 post type-post status-publish format-standard has-post-thumbnail hentry category-stuttgart tag-dating-tipps-stuttgart tag-leute-kennenlernen-stuttgart\"><div class=\"gb-container gb-container-8c22cb1f\">\n<figure class=\"gb-block-image gb-block-image-8657d98a\"><img loading=\"lazy\" decoding=\"async\" width=\"900\" height=\"396\" src=\"https:\/\/www.funkenflug.app\/liebeskram\/wp-content\/uploads\/2024\/01\/neue-leute-kennenlernen-e1738685331398.jpg\" class=\"gb-image-8657d98a\" alt=\"So lernst du neue Leute kennen\" \/><\/figure>\n\n<h2 class=\"gb-headline gb-headline-a4a4182d gb-headline-text\"><span class=\"ez-toc-section\" id=\"neue_leute_kennenlernen_in_stuttgart_%e2%80%93_33_einfache_tipps\"><\/span><a href=\"https:\/\/www.funkenflug.app\/liebeskram\/leute-kennenlernen-stuttgart\/\">Neue Leute kennenlernen in Stuttgart &#8211; 33 einfache Tipps!<\/a><span class=\"ez-toc-section-end\"><\/span><\/h2>\n\n<div class=\"gb-headline gb-headline-73127276 gb-headline-text\">Du bist neu in der Stadt, gerade frisch getrennt oder willst einfach so neue Leute kennenlernen in Stuttgart?&nbsp; Ab einem gewissen Alter wird es immer schwieriger neue Leute kennenzulernen \u2013 immerhin verbringt man die meiste Zeit in der Arbeit. Wenn aber die Kollegen schon Familien haben oder nicht im passenden &#8230; <a title=\"Neue Leute kennenlernen in Stuttgart &#8211; 33 einfache Tipps!\" class=\"read-more\" href=\"https:\/\/www.funkenflug.app\/liebeskram\/leute-kennenlernen-stuttgart\/\" aria-label=\"Mehr Informationen \u00fcber Neue Leute kennenlernen in Stuttgart &#8211; 33 einfache Tipps!\">weiterlesen &#8230;<\/a><\/div>\n<\/div><\/div>\n\n<div class=\"gb-grid-column gb-grid-column-8c22cb1f gb-query-loop-item post-8846 post type-post status-publish format-standard has-post-thumbnail hentry category-stuttgart tag-date-ideen tag-erstes-date tag-schlechtes-wetter tag-stuttgart tag-tipps\"><div class=\"gb-container gb-container-8c22cb1f\">\n<figure class=\"gb-block-image gb-block-image-8657d98a\"><img loading=\"lazy\" decoding=\"async\" width=\"900\" height=\"396\" src=\"https:\/\/www.funkenflug.app\/liebeskram\/wp-content\/uploads\/2024\/10\/Date-Ideen-Schlechtes-Wetter-2-e1738684416903.jpg\" class=\"gb-image-8657d98a\" alt=\"Date Ideen bei schlechtem Wetter in deiner Stadt\" \/><\/figure>\n\n<h2 class=\"gb-headline gb-headline-a4a4182d gb-headline-text\"><span class=\"ez-toc-section\" id=\"12_geniale_date_ideen_bei_schlechtem_wetter_in_stuttgart\"><\/span><a href=\"https:\/\/www.funkenflug.app\/liebeskram\/date-ideen-schlecht-wetter-stuttgart\/\">12 geniale Date Ideen bei schlechtem Wetter in Stuttgart<\/a><span class=\"ez-toc-section-end\"><\/span><\/h2>\n\n<div class=\"gb-headline gb-headline-73127276 gb-headline-text\">Du hast jemanden kennengelernt, der dir soweit ganz gut gef\u00e4llt und ihr wollt euch jetzt das erste Mal treffen? Doch ausgerechnet heute regnet es?! Keine Sorge: Schlechtes Wetter muss nicht das Ende eines romantischen Dates bedeuten! In Stuttgart gibt es zahlreiche M\u00f6glichkeiten, auch an regnerischen oder kalten Tagen eine sch\u00f6ne &#8230; <a title=\"12 geniale Date Ideen bei schlechtem Wetter in Stuttgart\" class=\"read-more\" href=\"https:\/\/www.funkenflug.app\/liebeskram\/date-ideen-schlecht-wetter-stuttgart\/\" aria-label=\"Mehr Informationen \u00fcber 12 geniale Date Ideen bei schlechtem Wetter in Stuttgart\">weiterlesen &#8230;<\/a><\/div>\n<\/div><\/div>\n\n<div class=\"gb-grid-column gb-grid-column-8c22cb1f gb-query-loop-item post-8223 post type-post status-publish format-standard has-post-thumbnail hentry category-stuttgart\"><div class=\"gb-container gb-container-8c22cb1f\">\n<figure class=\"gb-block-image gb-block-image-8657d98a\"><img loading=\"lazy\" decoding=\"async\" width=\"900\" height=\"601\" src=\"https:\/\/www.funkenflug.app\/liebeskram\/wp-content\/uploads\/2024\/08\/entspannt-kennenlernen-bei-echten-begegnungen-e1738684535137.webp\" class=\"gb-image-8657d98a\" alt=\"Entspanntes Kennenlernen statt zu swipen\" \/><\/figure>\n\n<h2 class=\"gb-headline gb-headline-a4a4182d gb-headline-text\"><span class=\"ez-toc-section\" id=\"dating_in_stuttgart_zwischen_swipen_und_schwaebischem_smalltalk_%e2%80%93_so_laeufts_wirklich_ab\"><\/span><a href=\"https:\/\/www.funkenflug.app\/liebeskram\/dating-in-stuttgart\/\">Dating in Stuttgart: Zwischen Swipen und schw\u00e4bischem Smalltalk \u2013 so l\u00e4uft\u2019s wirklich ab<\/a><span class=\"ez-toc-section-end\"><\/span><\/h2>\n\n<div class=\"gb-headline gb-headline-73127276 gb-headline-text\">Immer mehr Stuttgarter Singles haben genug vom Matchen und gehen lieber wieder den direkten Weg! Es scheint, als h\u00e4tten die meisten genug vom endlosen Swipen und den oberfl\u00e4chlichen Matches, die selten zu echten Verbindungen f\u00fchren. Aber wie begegnet man in einer Gro\u00dfstadt wie Stuttgart auf nat\u00fcrliche und ungezwungene Weise neuen &#8230; <a title=\"Dating in Stuttgart: Zwischen Swipen und schw\u00e4bischem Smalltalk \u2013 so l\u00e4uft\u2019s wirklich ab\" class=\"read-more\" href=\"https:\/\/www.funkenflug.app\/liebeskram\/dating-in-stuttgart\/\" aria-label=\"Mehr Informationen \u00fcber Dating in Stuttgart: Zwischen Swipen und schw\u00e4bischem Smalltalk \u2013 so l\u00e4uft\u2019s wirklich ab\">weiterlesen &#8230;<\/a><\/div>\n<\/div><\/div>\n\n<div class=\"gb-grid-column gb-grid-column-8c22cb1f gb-query-loop-item post-7903 post type-post status-publish format-standard has-post-thumbnail hentry category-stuttgart\"><div class=\"gb-container gb-container-8c22cb1f\">\n<figure class=\"gb-block-image gb-block-image-8657d98a\"><img loading=\"lazy\" decoding=\"async\" width=\"944\" height=\"416\" src=\"https:\/\/www.funkenflug.app\/liebeskram\/wp-content\/uploads\/2024\/02\/coole-bars-fuers-date.jpg\" class=\"gb-image-8657d98a\" alt=\"Mann und Frau flirtet in einer Bar\" srcset=\"https:\/\/www.funkenflug.app\/liebeskram\/wp-content\/uploads\/2024\/02\/coole-bars-fuers-date.jpg 944w, https:\/\/www.funkenflug.app\/liebeskram\/wp-content\/uploads\/2024\/02\/coole-bars-fuers-date-900x397.jpg 900w, https:\/\/www.funkenflug.app\/liebeskram\/wp-content\/uploads\/2024\/02\/coole-bars-fuers-date-150x66.jpg 150w, https:\/\/www.funkenflug.app\/liebeskram\/wp-content\/uploads\/2024\/02\/coole-bars-fuers-date-300x132.jpg 300w, https:\/\/www.funkenflug.app\/liebeskram\/wp-content\/uploads\/2024\/02\/coole-bars-fuers-date-768x338.jpg 768w\" sizes=\"auto, (max-width: 944px) 100vw, 944px\" \/><\/figure>\n\n<h2 class=\"gb-headline gb-headline-a4a4182d gb-headline-text\"><span class=\"ez-toc-section\" id=\"die_10_coolsten_bars_fuers_date_in_stuttgart\"><\/span><a href=\"https:\/\/www.funkenflug.app\/liebeskram\/bars-date-stuttgart\/\">Die 10 coolsten Bars f\u00fcrs Date in Stuttgart<\/a><span class=\"ez-toc-section-end\"><\/span><\/h2>\n\n<div class=\"gb-headline gb-headline-73127276 gb-headline-text\">Du hast&nbsp;online jemanden kennen gelernt, der dein Herz schneller schlagen l\u00e4sst? Ihr habt euch geschrieben und telefoniert und jetzt wollt ihr euch endlich zu einem Date in einer Bar verabreden. Bars gibt es in Stuttgart ja viele, doch wie die richtige Bar f\u00fcr euer erstes Date finden? Um euch die &#8230; <a title=\"Die 10 coolsten Bars f\u00fcrs Date in Stuttgart\" class=\"read-more\" href=\"https:\/\/www.funkenflug.app\/liebeskram\/bars-date-stuttgart\/\" aria-label=\"Mehr Informationen \u00fcber Die 10 coolsten Bars f\u00fcrs Date in Stuttgart\">weiterlesen &#8230;<\/a><\/div>\n<\/div><\/div>\n\n<div class=\"gb-grid-column gb-grid-column-8c22cb1f gb-query-loop-item post-4198 post type-post status-publish format-standard has-post-thumbnail hentry category-stuttgart tag-dating tag-erstes-date tag-restaurants-fuers-date tag-stuttgart tag-tipps\"><div class=\"gb-container gb-container-8c22cb1f\">\n<figure class=\"gb-block-image gb-block-image-8657d98a\"><img loading=\"lazy\" decoding=\"async\" width=\"1170\" height=\"515\" src=\"https:\/\/www.funkenflug.app\/liebeskram\/wp-content\/uploads\/2022\/02\/restaurants-date.jpg\" class=\"gb-image-8657d98a\" alt=\"Restaurants f\u00fcrs Date\" srcset=\"https:\/\/www.funkenflug.app\/liebeskram\/wp-content\/uploads\/2022\/02\/restaurants-date.jpg 1170w, https:\/\/www.funkenflug.app\/liebeskram\/wp-content\/uploads\/2022\/02\/restaurants-date-900x396.jpg 900w, https:\/\/www.funkenflug.app\/liebeskram\/wp-content\/uploads\/2022\/02\/restaurants-date-150x66.jpg 150w, https:\/\/www.funkenflug.app\/liebeskram\/wp-content\/uploads\/2022\/02\/restaurants-date-300x132.jpg 300w, https:\/\/www.funkenflug.app\/liebeskram\/wp-content\/uploads\/2022\/02\/restaurants-date-768x338.jpg 768w, https:\/\/www.funkenflug.app\/liebeskram\/wp-content\/uploads\/2022\/02\/restaurants-date-944x416.jpg 944w\" sizes=\"auto, (max-width: 1170px) 100vw, 1170px\" \/><\/figure>\n\n<h2 class=\"gb-headline gb-headline-a4a4182d gb-headline-text\"><span class=\"ez-toc-section\" id=\"die_7_schoensten_restaurants_fuer_ein_romantisches_dinner_in_stuttgart\"><\/span><a href=\"https:\/\/www.funkenflug.app\/liebeskram\/restaurants-date-stuttgart\/\">Die 7 sch\u00f6nsten Restaurants f\u00fcr ein romantisches Dinner in Stuttgart<\/a><span class=\"ez-toc-section-end\"><\/span><\/h2>\n\n<div class=\"gb-headline gb-headline-73127276 gb-headline-text\">Das Online-Dating war erfolgreich und endlich steht euer erstes Date in Stuttgart an? Vielleicht fragst du dich nun, wohin ihr romantisch Essen gehen k\u00f6nntet. Wir verraten dir, welche Restaurants f\u00fcrs Date in Stuttgart zum Verlieben einfach perfekt sind und wo du deinen neuen Herzensmensch auch kulinarisch richtig beeindrucken kannst. Von &#8230; <a title=\"Die 7 sch\u00f6nsten Restaurants f\u00fcr ein romantisches Dinner in Stuttgart\" class=\"read-more\" href=\"https:\/\/www.funkenflug.app\/liebeskram\/restaurants-date-stuttgart\/\" aria-label=\"Mehr Informationen \u00fcber Die 7 sch\u00f6nsten Restaurants f\u00fcr ein romantisches Dinner in Stuttgart\">weiterlesen &#8230;<\/a><\/div>\n<\/div><\/div>\n\n<div class=\"gb-grid-column gb-grid-column-8c22cb1f gb-query-loop-item post-5459 post type-post status-publish format-standard has-post-thumbnail hentry category-stuttgart tag-date-ideen tag-dating tag-erstes-date tag-flirten tag-sommer tag-stuttgart\"><div class=\"gb-container gb-container-8c22cb1f\">\n<figure class=\"gb-block-image gb-block-image-8657d98a\"><img loading=\"lazy\" decoding=\"async\" width=\"1170\" height=\"515\" src=\"https:\/\/www.funkenflug.app\/liebeskram\/wp-content\/uploads\/2022\/04\/date-ideen-sommer.jpg\" class=\"gb-image-8657d98a\" alt=\"Paar lachend im Gras\" srcset=\"https:\/\/www.funkenflug.app\/liebeskram\/wp-content\/uploads\/2022\/04\/date-ideen-sommer.jpg 1170w, https:\/\/www.funkenflug.app\/liebeskram\/wp-content\/uploads\/2022\/04\/date-ideen-sommer-900x396.jpg 900w, https:\/\/www.funkenflug.app\/liebeskram\/wp-content\/uploads\/2022\/04\/date-ideen-sommer-150x66.jpg 150w, https:\/\/www.funkenflug.app\/liebeskram\/wp-content\/uploads\/2022\/04\/date-ideen-sommer-300x132.jpg 300w, https:\/\/www.funkenflug.app\/liebeskram\/wp-content\/uploads\/2022\/04\/date-ideen-sommer-768x338.jpg 768w, https:\/\/www.funkenflug.app\/liebeskram\/wp-content\/uploads\/2022\/04\/date-ideen-sommer-944x416.jpg 944w\" sizes=\"auto, (max-width: 1170px) 100vw, 1170px\" \/><\/figure>\n\n<h2 class=\"gb-headline gb-headline-a4a4182d gb-headline-text\"><span class=\"ez-toc-section\" id=\"7_sommer_date_ideen_fuer_stuttgart\"><\/span><a href=\"https:\/\/www.funkenflug.app\/liebeskram\/sommer-date-stuttgart\/\">7 Sommer Date Ideen f\u00fcr Stuttgart<\/a><span class=\"ez-toc-section-end\"><\/span><\/h2>\n\n<div class=\"gb-headline gb-headline-73127276 gb-headline-text\">Das erste Date steht an, doch was ist blo\u00df die passende Location oder Aktivit\u00e4t f\u00fcr euer Treffen? Im Sommer sorgen steigende Temperaturen und milde N\u00e4chte definitiv f\u00fcr ein besonderes Lebensgef\u00fchl in Stuttgart. Perfekte Voraussetzungen also f\u00fcr ein unvergessliches Date. Welche Date Ideen ich dir f\u00fcr ein einmaliges Sommer Date in &#8230; <a title=\"7 Sommer Date Ideen f\u00fcr Stuttgart\" class=\"read-more\" href=\"https:\/\/www.funkenflug.app\/liebeskram\/sommer-date-stuttgart\/\" aria-label=\"Mehr Informationen \u00fcber 7 Sommer Date Ideen f\u00fcr Stuttgart\">weiterlesen &#8230;<\/a><\/div>\n<\/div><\/div>\n<\/div>\n\n<\/div>","protected":false},"excerpt":{"rendered":"<p>Auch im Schwabenl\u00e4ndle gibt es jede Menge Singles, die auf der Suche nach ihrer besseren H\u00e4lfte sind. Flirten und daten umgeben von Weinbergen \u2013 was k\u00f6nnte es Romantischeres geben? Klick dich hier durch unsere Tipps f\u00fcr dein Single-Leben und Dating in Stuttgart.<\/p>\n","protected":false},"author":1,"featured_media":6611,"parent":6203,"menu_order":2,"comment_status":"closed","ping_status":"closed","template":"","meta":{"_acf_changed":false,"footnotes":""},"class_list":["post-6227","page","type-page","status-publish","has-post-thumbnail"],"acf":[],"_links":{"self":[{"href":"https:\/\/www.funkenflug.app\/liebeskram\/wp-json\/wp\/v2\/pages\/6227","targetHints":{"allow":["GET"]}}],"collection":[{"href":"https:\/\/www.funkenflug.app\/liebeskram\/wp-json\/wp\/v2\/pages"}],"about":[{"href":"https:\/\/www.funkenflug.app\/liebeskram\/wp-json\/wp\/v2\/types\/page"}],"author":[{"embeddable":true,"href":"https:\/\/www.funkenflug.app\/liebeskram\/wp-json\/wp\/v2\/users\/1"}],"replies":[{"embeddable":true,"href":"https:\/\/www.funkenflug.app\/liebeskram\/wp-json\/wp\/v2\/comments?post=6227"}],"version-history":[{"count":5,"href":"https:\/\/www.funkenflug.app\/liebeskram\/wp-json\/wp\/v2\/pages\/6227\/revisions"}],"predecessor-version":[{"id":9414,"href":"https:\/\/www.funkenflug.app\/liebeskram\/wp-json\/wp\/v2\/pages\/6227\/revisions\/9414"}],"up":[{"embeddable":true,"href":"https:\/\/www.funkenflug.app\/liebeskram\/wp-json\/wp\/v2\/pages\/6203"}],"wp:featuredmedia":[{"embeddable":true,"href":"https:\/\/www.funkenflug.app\/liebeskram\/wp-json\/wp\/v2\/media\/6611"}],"wp:attachment":[{"href":"https:\/\/www.funkenflug.app\/liebeskram\/wp-json\/wp\/v2\/media?parent=6227"}],"curies":[{"name":"wp","href":"https:\/\/api.w.org\/{rel}","templated":true}]}}