{"id":6229,"date":"2024-06-12T19:32:08","date_gmt":"2024-06-12T17:32:08","guid":{"rendered":"https:\/\/www.funkenflug.app\/liebeskram\/?page_id=6229"},"modified":"2024-12-12T15:34:39","modified_gmt":"2024-12-12T14:34:39","slug":"koeln","status":"publish","type":"page","link":"https:\/\/www.funkenflug.app\/liebeskram\/single-staedte\/koeln\/","title":{"rendered":"K\u00f6ln"},"content":{"rendered":"\n<figure class=\"wp-block-image size-full is-resized\"><img loading=\"lazy\" decoding=\"async\" width=\"920\" height=\"300\" src=\"https:\/\/www.funkenflug.app\/liebeskram\/wp-content\/uploads\/2023\/12\/Liebeskram-Singles-Koeln.jpg\" alt=\"St\u00e4dteseite K\u00f6ln Liebeskram\" class=\"wp-image-6633\" style=\"aspect-ratio:3.066666666666667;object-fit:cover;width:943px;height:auto\" srcset=\"https:\/\/www.funkenflug.app\/liebeskram\/wp-content\/uploads\/2023\/12\/Liebeskram-Singles-Koeln.jpg 920w, https:\/\/www.funkenflug.app\/liebeskram\/wp-content\/uploads\/2023\/12\/Liebeskram-Singles-Koeln-150x49.jpg 150w, https:\/\/www.funkenflug.app\/liebeskram\/wp-content\/uploads\/2023\/12\/Liebeskram-Singles-Koeln-300x98.jpg 300w, https:\/\/www.funkenflug.app\/liebeskram\/wp-content\/uploads\/2023\/12\/Liebeskram-Singles-Koeln-768x250.jpg 768w\" sizes=\"auto, (max-width: 920px) 100vw, 920px\" \/><\/figure>\n\n\n\n<p>Die lebensfrohe Stadt am Rhein bietet Singles hervorragende Voraussetzungen f\u00fcr aufregende Dates mit Schmetterlinge-im-Bauch-Potenzial. Denn als Single in K\u00f6ln gibt es so einiges zu entdecken. Um dir eine Orientierung zu bieten, haben wir hier unsere Tipps f\u00fcr dich zusammengefasst.<\/p>\n\n\n<div class=\"gb-container gb-container-ba02bb06\">\n\n<div class=\"gb-grid-wrapper gb-grid-wrapper-429e8375 gb-query-loop-wrapper\">\n<div class=\"gb-grid-column gb-grid-column-8c22cb1f gb-query-loop-item post-7310 post type-post status-publish format-standard has-post-thumbnail hentry category-koeln tag-cafes-date tag-cafes-date-koeln tag-date-ideen tag-date-tipps\"><div class=\"gb-container gb-container-8c22cb1f\">\n<figure class=\"gb-block-image gb-block-image-8657d98a\"><img loading=\"lazy\" decoding=\"async\" width=\"900\" height=\"396\" src=\"https:\/\/www.funkenflug.app\/liebeskram\/wp-content\/uploads\/2025\/01\/cafes-date-koeln.jpg\" class=\"gb-image-8657d98a\" alt=\"Entspanntes Paar um die 50 sitzt in einem Caf\u00e9 in K\u00f6ln und trinkt gemeinsam Kaffee beim ersten Date\" srcset=\"https:\/\/www.funkenflug.app\/liebeskram\/wp-content\/uploads\/2025\/01\/cafes-date-koeln.jpg 900w, https:\/\/www.funkenflug.app\/liebeskram\/wp-content\/uploads\/2025\/01\/cafes-date-koeln-300x132.jpg 300w, https:\/\/www.funkenflug.app\/liebeskram\/wp-content\/uploads\/2025\/01\/cafes-date-koeln-150x66.jpg 150w, https:\/\/www.funkenflug.app\/liebeskram\/wp-content\/uploads\/2025\/01\/cafes-date-koeln-768x338.jpg 768w\" sizes=\"auto, (max-width: 900px) 100vw, 900px\" \/><\/figure>\n\n<h2 class=\"gb-headline gb-headline-a4a4182d gb-headline-text\"><span class=\"ez-toc-section\" id=\"die_besten_cafes_fuers_erste_date_in_koeln\"><\/span><a href=\"https:\/\/www.funkenflug.app\/liebeskram\/cafes-date-koeln\/\">Die besten Caf\u00e9s f\u00fcrs erste Date in K\u00f6ln<\/a><span class=\"ez-toc-section-end\"><\/span><\/h2>\n\n<div class=\"gb-headline gb-headline-73127276 gb-headline-text\">Du planst dein erstes Date in K\u00f6ln und suchst ein gem\u00fctliches Caf\u00e9 f\u00fcr einen entspannten Start? Ein Kaffee-Date ist perfekt, um sich locker kennenzulernen \u2013 ohne Druck, ohne gro\u00dfes Programm. In diesem Artikel findest du die besten Caf\u00e9s f\u00fcrs erste Date in K\u00f6ln, die wir selbst getestet haben und die &#8230; <a title=\"Die besten Caf\u00e9s f\u00fcrs erste Date in K\u00f6ln\" class=\"read-more\" href=\"https:\/\/www.funkenflug.app\/liebeskram\/cafes-date-koeln\/\" aria-label=\"Mehr Informationen \u00fcber Die besten Caf\u00e9s f\u00fcrs erste Date in K\u00f6ln\">weiterlesen &#8230;<\/a><\/div>\n<\/div><\/div>\n\n<div class=\"gb-grid-column gb-grid-column-8c22cb1f gb-query-loop-item post-9358 post type-post status-publish format-standard has-post-thumbnail hentry category-koeln tag-koeln-2 tag-single tag-tipps tag-weihnachten\"><div class=\"gb-container gb-container-8c22cb1f\">\n<figure class=\"gb-block-image gb-block-image-8657d98a\"><img loading=\"lazy\" decoding=\"async\" width=\"900\" height=\"396\" src=\"https:\/\/www.funkenflug.app\/liebeskram\/wp-content\/uploads\/2024\/12\/weihnachten-alleine-tipps-singles-e1738684054755.jpg\" class=\"gb-image-8657d98a\" alt=\"Single Freunde feiern zusammen Weihnachten\" \/><\/figure>\n\n<h2 class=\"gb-headline gb-headline-a4a4182d gb-headline-text\"><span class=\"ez-toc-section\" id=\"weihnachten_und_silvester_alleine_in_koeln_die_besten_tipps_fuer_singles\"><\/span><a href=\"https:\/\/www.funkenflug.app\/liebeskram\/weihnachten-und-silvester-koeln\/\">Weihnachten und Silvester alleine in K\u00f6ln? Die besten Tipps f\u00fcr Singles!<\/a><span class=\"ez-toc-section-end\"><\/span><\/h2>\n\n<div class=\"gb-headline gb-headline-73127276 gb-headline-text\">Niemand sollte in K\u00f6ln an Weihnachten und Silvester allein sein. Deshalb teilen wir hier tolle Tipps f\u00fcr ein tolles Fest voller Freude und Gemeinschaft.<\/div>\n<\/div><\/div>\n\n<div class=\"gb-grid-column gb-grid-column-8c22cb1f gb-query-loop-item post-10510 post type-post status-publish format-standard has-post-thumbnail hentry category-koeln tag-date-ideen tag-dating tag-partnersuche tag-single\"><div class=\"gb-container gb-container-8c22cb1f\">\n<figure class=\"gb-block-image gb-block-image-8657d98a\"><img loading=\"lazy\" decoding=\"async\" width=\"900\" height=\"396\" src=\"https:\/\/www.funkenflug.app\/liebeskram\/wp-content\/uploads\/2025\/10\/Dating-in-Koeln-ueber-40-beim-Spaziergang.jpg\" class=\"gb-image-8657d98a\" alt=\"Ein fr\u00f6hliches Paar beim Dating in K\u00f6ln \u00fcber 40 sitzt auf einer Bank am Wasser, lacht und genie\u00dft den Moment.\" srcset=\"https:\/\/www.funkenflug.app\/liebeskram\/wp-content\/uploads\/2025\/10\/Dating-in-Koeln-ueber-40-beim-Spaziergang.jpg 900w, https:\/\/www.funkenflug.app\/liebeskram\/wp-content\/uploads\/2025\/10\/Dating-in-Koeln-ueber-40-beim-Spaziergang-300x132.jpg 300w, https:\/\/www.funkenflug.app\/liebeskram\/wp-content\/uploads\/2025\/10\/Dating-in-Koeln-ueber-40-beim-Spaziergang-150x66.jpg 150w, https:\/\/www.funkenflug.app\/liebeskram\/wp-content\/uploads\/2025\/10\/Dating-in-Koeln-ueber-40-beim-Spaziergang-768x338.jpg 768w\" sizes=\"auto, (max-width: 900px) 100vw, 900px\" \/><\/figure>\n\n<h2 class=\"gb-headline gb-headline-a4a4182d gb-headline-text\"><span class=\"ez-toc-section\" id=\"dating_in_koeln_ueber_40_die_besten_wege_um_singles_kennenzulernen\"><\/span><a href=\"https:\/\/www.funkenflug.app\/liebeskram\/dating-in-koeln-ueber-40-tipps\/\">Dating in K\u00f6ln \u00fcber 40: Die besten Wege, um Singles kennenzulernen<\/a><span class=\"ez-toc-section-end\"><\/span><\/h2>\n\n<div class=\"gb-headline gb-headline-73127276 gb-headline-text\">Dating in K\u00f6ln \u00fcber 40 bedeutet keinen Neustart ins Ungewisse, sondern ein neues Kapitel mit Herz und Gelassenheit. K\u00f6ln ist die Stadt, in der Erfahrung auf Lebensfreude trifft \u2013 zwischen Rhein, B\u00fcdchen und Karneval. Ob beim Spaziergang, beim Tanz oder beim Glas Wein: Hier entstehen Begegnungen, die echt sind und bleiben.<\/div>\n<\/div><\/div>\n\n<div class=\"gb-grid-column gb-grid-column-8c22cb1f gb-query-loop-item post-10320 post type-post status-publish format-standard has-post-thumbnail hentry category-koeln tag-date-ideen tag-koeln-2 tag-partnersuche tag-single tag-tipps\"><div class=\"gb-container gb-container-8c22cb1f\">\n<figure class=\"gb-block-image gb-block-image-8657d98a\"><img loading=\"lazy\" decoding=\"async\" width=\"900\" height=\"396\" src=\"https:\/\/www.funkenflug.app\/liebeskram\/wp-content\/uploads\/2025\/10\/Partnersuche-in-Koeln.jpg\" class=\"gb-image-8657d98a\" alt=\"Partnersuche in K\u00f6ln: Romantische Momente auf dem K\u00f6lner Weihnachtsmarkt. Zwischen Gl\u00fchwein, Lichterglanz und guter Laune entstehen Begegnungen, die das Herz w\u00e4rmen.\" srcset=\"https:\/\/www.funkenflug.app\/liebeskram\/wp-content\/uploads\/2025\/10\/Partnersuche-in-Koeln.jpg 900w, https:\/\/www.funkenflug.app\/liebeskram\/wp-content\/uploads\/2025\/10\/Partnersuche-in-Koeln-300x132.jpg 300w, https:\/\/www.funkenflug.app\/liebeskram\/wp-content\/uploads\/2025\/10\/Partnersuche-in-Koeln-150x66.jpg 150w, https:\/\/www.funkenflug.app\/liebeskram\/wp-content\/uploads\/2025\/10\/Partnersuche-in-Koeln-768x338.jpg 768w\" sizes=\"auto, (max-width: 900px) 100vw, 900px\" \/><\/figure>\n\n<h2 class=\"gb-headline gb-headline-a4a4182d gb-headline-text\"><span class=\"ez-toc-section\" id=\"partnersuche_in_koeln_10_echte_tipps_fuer_singles_in_der_domstadt\"><\/span><a href=\"https:\/\/www.funkenflug.app\/liebeskram\/partnersuche-in-koeln-singles-tipps\/\">Partnersuche in K\u00f6ln: 10 echte Tipps f\u00fcr Singles in der Domstadt<\/a><span class=\"ez-toc-section-end\"><\/span><\/h2>\n\n<div class=\"gb-headline gb-headline-73127276 gb-headline-text\">Partnersuche in K\u00f6ln: 10 Tipps &#038; Orte zum Verlieben \u2013 vom B\u00fcdchen bis zum Rhein. So klappt Dating auf k\u00f6lsche Art.<\/div>\n<\/div><\/div>\n\n<div class=\"gb-grid-column gb-grid-column-8c22cb1f gb-query-loop-item post-9098 post type-post status-publish format-standard has-post-thumbnail hentry category-koeln tag-date-ideen tag-koeln tag-schlechtes-wetter\"><div class=\"gb-container gb-container-8c22cb1f\">\n<figure class=\"gb-block-image gb-block-image-8657d98a\"><img loading=\"lazy\" decoding=\"async\" width=\"900\" height=\"396\" src=\"https:\/\/www.funkenflug.app\/liebeskram\/wp-content\/uploads\/2024\/10\/Date-Ideen-Schlechtes-Wetter-2-e1738684416903.jpg\" class=\"gb-image-8657d98a\" alt=\"Date Ideen bei schlechtem Wetter in deiner Stadt\" \/><\/figure>\n\n<h2 class=\"gb-headline gb-headline-a4a4182d gb-headline-text\"><span class=\"ez-toc-section\" id=\"12_kreative_date_ideen_bei_schlechtem_wetter_in_koeln\"><\/span><a href=\"https:\/\/www.funkenflug.app\/liebeskram\/date-ideen-schlechtes-wetter-koeln\/\">12 kreative Date Ideen bei schlechtem Wetter in K\u00f6ln<\/a><span class=\"ez-toc-section-end\"><\/span><\/h2>\n\n<div class=\"gb-headline gb-headline-73127276 gb-headline-text\">Schlechtes Wetter kann die Vorfreude auf ein erstes Date tr\u00fcben, muss es aber nicht! Wenn du in K\u00f6ln lebst und das Wetter nicht mitspielt, gibt es zahlreiche kreative M\u00f6glichkeiten, um trotzdem eine unvergessliche Zeit zu verbringen. Hier sind 12 au\u00dfergew\u00f6hnliche&nbsp;Date Ideen f\u00fcr schlechtes Wetter in K\u00f6ln, die dir helfen werden, &#8230; <a title=\"12 kreative Date Ideen bei schlechtem Wetter in K\u00f6ln\" class=\"read-more\" href=\"https:\/\/www.funkenflug.app\/liebeskram\/date-ideen-schlechtes-wetter-koeln\/\" aria-label=\"Mehr Informationen \u00fcber 12 kreative Date Ideen bei schlechtem Wetter in K\u00f6ln\">weiterlesen &#8230;<\/a><\/div>\n<\/div><\/div>\n\n<div class=\"gb-grid-column gb-grid-column-8c22cb1f gb-query-loop-item post-8450 post type-post status-publish format-standard has-post-thumbnail hentry category-koeln\"><div class=\"gb-container gb-container-8c22cb1f\">\n<figure class=\"gb-block-image gb-block-image-8657d98a\"><img loading=\"lazy\" decoding=\"async\" width=\"945\" height=\"630\" src=\"https:\/\/www.funkenflug.app\/liebeskram\/wp-content\/uploads\/2024\/09\/koelner-singles-bei-funkenflug.webp\" class=\"gb-image-8657d98a\" alt=\"\" srcset=\"https:\/\/www.funkenflug.app\/liebeskram\/wp-content\/uploads\/2024\/09\/koelner-singles-bei-funkenflug.webp 945w, https:\/\/www.funkenflug.app\/liebeskram\/wp-content\/uploads\/2024\/09\/koelner-singles-bei-funkenflug-900x600.webp 900w, https:\/\/www.funkenflug.app\/liebeskram\/wp-content\/uploads\/2024\/09\/koelner-singles-bei-funkenflug-150x100.webp 150w, https:\/\/www.funkenflug.app\/liebeskram\/wp-content\/uploads\/2024\/09\/koelner-singles-bei-funkenflug-300x200.webp 300w, https:\/\/www.funkenflug.app\/liebeskram\/wp-content\/uploads\/2024\/09\/koelner-singles-bei-funkenflug-768x512.webp 768w\" sizes=\"auto, (max-width: 945px) 100vw, 945px\" \/><\/figure>\n\n<h2 class=\"gb-headline gb-headline-a4a4182d gb-headline-text\"><span class=\"ez-toc-section\" id=\"koelle_du_bis_e_jefoehl_%e2%80%93_so_finden_koelner_singles_zueinander\"><\/span><a href=\"https:\/\/www.funkenflug.app\/liebeskram\/singleboerse-fuer-koelner-singles\/\">K\u00f6lle, du bis e Jef\u00f6hl \u2013 So finden K\u00f6lner Singles zueinander<\/a><span class=\"ez-toc-section-end\"><\/span><\/h2>\n\n<div class=\"gb-headline gb-headline-73127276 gb-headline-text\">K\u00f6lle, du bis e Jef\u00f6hl Diese Worte fangen die Essenz von K\u00f6ln perfekt ein. Sie stehen f\u00fcr das besondere Lebensgef\u00fchl, das diese Stadt so einzigartig macht: offen, herzlich und voller Lebensfreude. Genau dieses Gef\u00fchl macht K\u00f6ln zu einem idealen Ort f\u00fcr Singles, die auf der Suche nach echten Verbindungen sind. &#8230; <a title=\"K\u00f6lle, du bis e Jef\u00f6hl \u2013 So finden K\u00f6lner Singles zueinander\" class=\"read-more\" href=\"https:\/\/www.funkenflug.app\/liebeskram\/singleboerse-fuer-koelner-singles\/\" aria-label=\"Mehr Informationen \u00fcber K\u00f6lle, du bis e Jef\u00f6hl \u2013 So finden K\u00f6lner Singles zueinander\">weiterlesen &#8230;<\/a><\/div>\n<\/div><\/div>\n\n<div class=\"gb-grid-column gb-grid-column-8c22cb1f gb-query-loop-item post-7435 post type-post status-publish format-standard has-post-thumbnail hentry category-koeln tag-dating-tipps-koeln tag-leute-kennenlernen-koeln\"><div class=\"gb-container gb-container-8c22cb1f\">\n<figure class=\"gb-block-image gb-block-image-8657d98a\"><img loading=\"lazy\" decoding=\"async\" width=\"900\" height=\"396\" src=\"https:\/\/www.funkenflug.app\/liebeskram\/wp-content\/uploads\/2024\/01\/neue-leute-kennenlernen-e1738685331398.jpg\" class=\"gb-image-8657d98a\" alt=\"So lernst du neue Leute kennen\" \/><\/figure>\n\n<h2 class=\"gb-headline gb-headline-a4a4182d gb-headline-text\"><span class=\"ez-toc-section\" id=\"neue_leute_kennenlernen_in_koeln_%e2%80%93_30_einfache_tipps\"><\/span><a href=\"https:\/\/www.funkenflug.app\/liebeskram\/leute-kennenlernen-koeln\/\">Neue Leute kennenlernen in K\u00f6ln &#8211; 30 einfache Tipps!<\/a><span class=\"ez-toc-section-end\"><\/span><\/h2>\n\n<div class=\"gb-headline gb-headline-73127276 gb-headline-text\">Du bist neu in der Stadt, gerade frisch getrennt oder willst einfach so neue Leute kennenlernen in K\u00f6ln?&nbsp; Ab einem gewissen Alter wird es immer schwieriger neue Leute kennenzulernen \u2013 immerhin verbringt man die meiste Zeit in der Arbeit. Wenn aber die Kollegen schon Familien haben oder nicht im passenden &#8230; <a title=\"Neue Leute kennenlernen in K\u00f6ln &#8211; 30 einfache Tipps!\" class=\"read-more\" href=\"https:\/\/www.funkenflug.app\/liebeskram\/leute-kennenlernen-koeln\/\" aria-label=\"Mehr Informationen \u00fcber Neue Leute kennenlernen in K\u00f6ln &#8211; 30 einfache Tipps!\">weiterlesen &#8230;<\/a><\/div>\n<\/div><\/div>\n\n<div class=\"gb-grid-column gb-grid-column-8c22cb1f gb-query-loop-item post-7324 post type-post status-publish format-standard has-post-thumbnail hentry category-koeln tag-dinner tag-koeln tag-koeln-date tag-restaurant-koeln-date tag-romantisches-dinner\"><div class=\"gb-container gb-container-8c22cb1f\">\n<figure class=\"gb-block-image gb-block-image-8657d98a\"><img loading=\"lazy\" decoding=\"async\" width=\"944\" height=\"416\" src=\"https:\/\/www.funkenflug.app\/liebeskram\/wp-content\/uploads\/2024\/02\/restaurants-date-tipps.png\" class=\"gb-image-8657d98a\" alt=\"Tipps f\u00fcr romantische Restaurants f\u00fcrs Date\" srcset=\"https:\/\/www.funkenflug.app\/liebeskram\/wp-content\/uploads\/2024\/02\/restaurants-date-tipps.png 944w, https:\/\/www.funkenflug.app\/liebeskram\/wp-content\/uploads\/2024\/02\/restaurants-date-tipps-900x397.png 900w, https:\/\/www.funkenflug.app\/liebeskram\/wp-content\/uploads\/2024\/02\/restaurants-date-tipps-150x66.png 150w, https:\/\/www.funkenflug.app\/liebeskram\/wp-content\/uploads\/2024\/02\/restaurants-date-tipps-300x132.png 300w, https:\/\/www.funkenflug.app\/liebeskram\/wp-content\/uploads\/2024\/02\/restaurants-date-tipps-768x338.png 768w\" sizes=\"auto, (max-width: 944px) 100vw, 944px\" \/><\/figure>\n\n<h2 class=\"gb-headline gb-headline-a4a4182d gb-headline-text\"><span class=\"ez-toc-section\" id=\"die_7_schoensten_restaurants_fuer_ein_romantisches_dinner_in_koeln\"><\/span><a href=\"https:\/\/www.funkenflug.app\/liebeskram\/restaurants-date-koeln\/\">Die 7 sch\u00f6nsten Restaurants f\u00fcr ein romantisches Dinner in K\u00f6ln<\/a><span class=\"ez-toc-section-end\"><\/span><\/h2>\n\n<div class=\"gb-headline gb-headline-73127276 gb-headline-text\">Du hast online bei den K\u00f6lner Singles&nbsp;jemand sehr interessantes kennengelernt&nbsp;und endlich steht euer erstes Date in K\u00f6ln an?&nbsp;Vielleicht fragst du dich nun, in welchem Restaurant ihr romantisch Essen gehen k\u00f6nntet.&nbsp;Wir verraten dir, welche Restaurants f\u00fcr&nbsp;ein&nbsp;Date in K\u00f6ln zum Verlieben einfach perfekt sind und wo du deinen neuen Herzensmensch auch kulinarisch &#8230; <a title=\"Die 7 sch\u00f6nsten Restaurants f\u00fcr ein romantisches Dinner in K\u00f6ln\" class=\"read-more\" href=\"https:\/\/www.funkenflug.app\/liebeskram\/restaurants-date-koeln\/\" aria-label=\"Mehr Informationen \u00fcber Die 7 sch\u00f6nsten Restaurants f\u00fcr ein romantisches Dinner in K\u00f6ln\">weiterlesen &#8230;<\/a><\/div>\n<\/div><\/div>\n\n<div class=\"gb-grid-column gb-grid-column-8c22cb1f gb-query-loop-item post-7322 post type-post status-publish format-standard has-post-thumbnail hentry category-koeln tag-bars tag-bars-date tag-bars-date-koeln tag-dating-tipps\"><div class=\"gb-container gb-container-8c22cb1f\">\n<figure class=\"gb-block-image gb-block-image-8657d98a\"><img loading=\"lazy\" decoding=\"async\" width=\"944\" height=\"416\" src=\"https:\/\/www.funkenflug.app\/liebeskram\/wp-content\/uploads\/2024\/02\/coole-bars-fuers-date.jpg\" class=\"gb-image-8657d98a\" alt=\"Mann und Frau flirtet in einer Bar\" srcset=\"https:\/\/www.funkenflug.app\/liebeskram\/wp-content\/uploads\/2024\/02\/coole-bars-fuers-date.jpg 944w, https:\/\/www.funkenflug.app\/liebeskram\/wp-content\/uploads\/2024\/02\/coole-bars-fuers-date-900x397.jpg 900w, https:\/\/www.funkenflug.app\/liebeskram\/wp-content\/uploads\/2024\/02\/coole-bars-fuers-date-150x66.jpg 150w, https:\/\/www.funkenflug.app\/liebeskram\/wp-content\/uploads\/2024\/02\/coole-bars-fuers-date-300x132.jpg 300w, https:\/\/www.funkenflug.app\/liebeskram\/wp-content\/uploads\/2024\/02\/coole-bars-fuers-date-768x338.jpg 768w\" sizes=\"auto, (max-width: 944px) 100vw, 944px\" \/><\/figure>\n\n<h2 class=\"gb-headline gb-headline-a4a4182d gb-headline-text\"><span class=\"ez-toc-section\" id=\"die_7_besten_single-bars_in_koeln_perfekte_spots_fuer_euer_erstes_date\"><\/span><a href=\"https:\/\/www.funkenflug.app\/liebeskram\/bars-date-koeln\/\">Die 7 besten Single-Bars in K\u00f6ln: Perfekte Spots f\u00fcr euer erstes Date<\/a><span class=\"ez-toc-section-end\"><\/span><\/h2>\n\n<div class=\"gb-headline gb-headline-73127276 gb-headline-text\">Du hast&nbsp;online bei Funkenflug jemanden kennen gelernt, der die Schmetterlinge in deinem Bauch zum Leben erweckt? Ihr habt euch geschrieben und unseren Video-Chat zum gl\u00fchen gebracht und jetzt ist es endlich soweit: Ihr wollt euch endlich zu einem Date in einer Bar verabreden. Single Bars in K\u00f6ln gibt es ja &#8230; <a title=\"Die 7 besten Single-Bars in K\u00f6ln: Perfekte Spots f\u00fcr euer erstes Date\" class=\"read-more\" href=\"https:\/\/www.funkenflug.app\/liebeskram\/bars-date-koeln\/\" aria-label=\"Mehr Informationen \u00fcber Die 7 besten Single-Bars in K\u00f6ln: Perfekte Spots f\u00fcr euer erstes Date\">weiterlesen &#8230;<\/a><\/div>\n<\/div><\/div>\n\n<div class=\"gb-grid-column gb-grid-column-8c22cb1f gb-query-loop-item post-5472 post type-post status-publish format-standard has-post-thumbnail hentry category-koeln tag-date-ideen tag-dating tag-erstes-date tag-flirten tag-koeln tag-sommer\"><div class=\"gb-container gb-container-8c22cb1f\">\n<figure class=\"gb-block-image gb-block-image-8657d98a\"><img loading=\"lazy\" decoding=\"async\" width=\"1170\" height=\"515\" src=\"https:\/\/www.funkenflug.app\/liebeskram\/wp-content\/uploads\/2022\/04\/date-ideen-sommer.jpg\" class=\"gb-image-8657d98a\" alt=\"Paar lachend im Gras\" srcset=\"https:\/\/www.funkenflug.app\/liebeskram\/wp-content\/uploads\/2022\/04\/date-ideen-sommer.jpg 1170w, https:\/\/www.funkenflug.app\/liebeskram\/wp-content\/uploads\/2022\/04\/date-ideen-sommer-900x396.jpg 900w, https:\/\/www.funkenflug.app\/liebeskram\/wp-content\/uploads\/2022\/04\/date-ideen-sommer-150x66.jpg 150w, https:\/\/www.funkenflug.app\/liebeskram\/wp-content\/uploads\/2022\/04\/date-ideen-sommer-300x132.jpg 300w, https:\/\/www.funkenflug.app\/liebeskram\/wp-content\/uploads\/2022\/04\/date-ideen-sommer-768x338.jpg 768w, https:\/\/www.funkenflug.app\/liebeskram\/wp-content\/uploads\/2022\/04\/date-ideen-sommer-944x416.jpg 944w\" sizes=\"auto, (max-width: 1170px) 100vw, 1170px\" \/><\/figure>\n\n<h2 class=\"gb-headline gb-headline-a4a4182d gb-headline-text\"><span class=\"ez-toc-section\" id=\"7_sommer_date_ideen_fuer_koeln\"><\/span><a href=\"https:\/\/www.funkenflug.app\/liebeskram\/sommer-date-koeln\/\">7 Sommer Date Ideen f\u00fcr K\u00f6ln<\/a><span class=\"ez-toc-section-end\"><\/span><\/h2>\n\n<div class=\"gb-headline gb-headline-73127276 gb-headline-text\">Hast du dir nicht auch immer das perfekte, romantische Sommer-Date gew\u00fcnscht, bei dem nicht nur das Lagerfeuer knistert? Mit unseren Tipps wird dein Sommer Date in K\u00f6ln garantiert ein Erfolg.<\/div>\n<\/div><\/div>\n<\/div>\n\n<\/div>","protected":false},"excerpt":{"rendered":"<p>Die lebensfrohe Stadt am Rhein bietet Singles hervorragende Voraussetzungen f\u00fcr aufregende Dates mit Schmetterlinge-im-Bauch-Potenzial. Denn als Single in K\u00f6ln gibt es so einiges zu entdecken. Um dir eine Orientierung zu bieten, haben wir hier unsere Tipps f\u00fcr dich zusammengefasst.<\/p>\n","protected":false},"author":4,"featured_media":6641,"parent":6203,"menu_order":2,"comment_status":"closed","ping_status":"closed","template":"","meta":{"_acf_changed":false,"footnotes":""},"class_list":["post-6229","page","type-page","status-publish","has-post-thumbnail"],"acf":[],"_links":{"self":[{"href":"https:\/\/www.funkenflug.app\/liebeskram\/wp-json\/wp\/v2\/pages\/6229","targetHints":{"allow":["GET"]}}],"collection":[{"href":"https:\/\/www.funkenflug.app\/liebeskram\/wp-json\/wp\/v2\/pages"}],"about":[{"href":"https:\/\/www.funkenflug.app\/liebeskram\/wp-json\/wp\/v2\/types\/page"}],"author":[{"embeddable":true,"href":"https:\/\/www.funkenflug.app\/liebeskram\/wp-json\/wp\/v2\/users\/4"}],"replies":[{"embeddable":true,"href":"https:\/\/www.funkenflug.app\/liebeskram\/wp-json\/wp\/v2\/comments?post=6229"}],"version-history":[{"count":7,"href":"https:\/\/www.funkenflug.app\/liebeskram\/wp-json\/wp\/v2\/pages\/6229\/revisions"}],"predecessor-version":[{"id":9417,"href":"https:\/\/www.funkenflug.app\/liebeskram\/wp-json\/wp\/v2\/pages\/6229\/revisions\/9417"}],"up":[{"embeddable":true,"href":"https:\/\/www.funkenflug.app\/liebeskram\/wp-json\/wp\/v2\/pages\/6203"}],"wp:featuredmedia":[{"embeddable":true,"href":"https:\/\/www.funkenflug.app\/liebeskram\/wp-json\/wp\/v2\/media\/6641"}],"wp:attachment":[{"href":"https:\/\/www.funkenflug.app\/liebeskram\/wp-json\/wp\/v2\/media?parent=6229"}],"curies":[{"name":"wp","href":"https:\/\/api.w.org\/{rel}","templated":true}]}}