{"id":6236,"date":"2024-06-12T18:39:24","date_gmt":"2024-06-12T16:39:24","guid":{"rendered":"https:\/\/www.funkenflug.app\/liebeskram\/?page_id=6236"},"modified":"2024-12-12T15:29:48","modified_gmt":"2024-12-12T14:29:48","slug":"dresden","status":"publish","type":"page","link":"https:\/\/www.funkenflug.app\/liebeskram\/single-staedte\/dresden\/","title":{"rendered":"Dresden"},"content":{"rendered":"\n<figure class=\"wp-block-image size-full is-resized\"><img loading=\"lazy\" decoding=\"async\" width=\"1170\" height=\"515\" src=\"https:\/\/www.funkenflug.app\/liebeskram\/wp-content\/uploads\/2023\/12\/Dresden-Single-Tipps.jpg\" alt=\"Tipps f\u00fcr Singles in Dresden\" class=\"wp-image-6639\" style=\"object-fit:cover;width:920px;height:300px\" srcset=\"https:\/\/www.funkenflug.app\/liebeskram\/wp-content\/uploads\/2023\/12\/Dresden-Single-Tipps.jpg 1170w, https:\/\/www.funkenflug.app\/liebeskram\/wp-content\/uploads\/2023\/12\/Dresden-Single-Tipps-900x396.jpg 900w, https:\/\/www.funkenflug.app\/liebeskram\/wp-content\/uploads\/2023\/12\/Dresden-Single-Tipps-150x66.jpg 150w, https:\/\/www.funkenflug.app\/liebeskram\/wp-content\/uploads\/2023\/12\/Dresden-Single-Tipps-300x132.jpg 300w, https:\/\/www.funkenflug.app\/liebeskram\/wp-content\/uploads\/2023\/12\/Dresden-Single-Tipps-768x338.jpg 768w, https:\/\/www.funkenflug.app\/liebeskram\/wp-content\/uploads\/2023\/12\/Dresden-Single-Tipps-944x416.jpg 944w\" sizes=\"auto, (max-width: 1170px) 100vw, 1170px\" \/><\/figure>\n\n\n\n<p>Hier findest du viele hilfreiche Tipps rund um das Thema Partnersuche und Kennenlernen in der wundersch\u00f6nen Stadt Dresden. Tauche ein in die Welt des Datings in Dresden und lass dich inspirieren.&nbsp;<\/p>\n\n\n<div class=\"gb-container gb-container-ba02bb06\">\n\n<div class=\"gb-grid-wrapper gb-grid-wrapper-429e8375 gb-query-loop-wrapper\">\n<div class=\"gb-grid-column gb-grid-column-8c22cb1f gb-query-loop-item post-9360 post type-post status-publish format-standard has-post-thumbnail hentry category-dresden tag-dresden tag-silvester tag-single tag-weihnachten\"><div class=\"gb-container gb-container-8c22cb1f\">\n<figure class=\"gb-block-image gb-block-image-8657d98a\"><img loading=\"lazy\" decoding=\"async\" width=\"900\" height=\"396\" src=\"https:\/\/www.funkenflug.app\/liebeskram\/wp-content\/uploads\/2024\/12\/weihnachten-alleine-tipps-singles-e1738684054755.jpg\" class=\"gb-image-8657d98a\" alt=\"Single Freunde feiern zusammen Weihnachten\" \/><\/figure>\n\n<h2 class=\"gb-headline gb-headline-a4a4182d gb-headline-text\"><span class=\"ez-toc-section\" id=\"weihnachten_und_silvester_alleine_in_dresden_die_besten_tipps_fuer_singles\"><\/span><a href=\"https:\/\/www.funkenflug.app\/liebeskram\/weihnachten-und-silvester-dresden\/\">Weihnachten und Silvester alleine in Dresden? Die besten Tipps f\u00fcr Singles!<\/a><span class=\"ez-toc-section-end\"><\/span><\/h2>\n\n<div class=\"gb-headline gb-headline-73127276 gb-headline-text\">Entdecke, wie du Weihnachten Wird ein Fest! alleine in Dresden unvergesslich gestalten kannst: Tipps f\u00fcr Events, Aktivit\u00e4ten und neue Kontakte in der festlichen Zeit.<\/div>\n<\/div><\/div>\n\n<div class=\"gb-grid-column gb-grid-column-8c22cb1f gb-query-loop-item post-8951 post type-post status-publish format-standard has-post-thumbnail hentry category-dresden tag-date-ideen tag-dresden tag-regen tag-tipps\"><div class=\"gb-container gb-container-8c22cb1f\">\n<figure class=\"gb-block-image gb-block-image-8657d98a\"><img loading=\"lazy\" decoding=\"async\" width=\"900\" height=\"396\" src=\"https:\/\/www.funkenflug.app\/liebeskram\/wp-content\/uploads\/2024\/10\/Date-Ideen-Schlechtes-Wetter-2-e1738684416903.jpg\" class=\"gb-image-8657d98a\" alt=\"Date Ideen bei schlechtem Wetter in deiner Stadt\" \/><\/figure>\n\n<h2 class=\"gb-headline gb-headline-a4a4182d gb-headline-text\"><span class=\"ez-toc-section\" id=\"10_date_ideen_bei_schlechtem_wetter_in_dresden\"><\/span><a href=\"https:\/\/www.funkenflug.app\/liebeskram\/date-ideen-schlechtes-wetter-dresden\/\">10 Date Ideen bei schlechtem Wetter in Dresden<\/a><span class=\"ez-toc-section-end\"><\/span><\/h2>\n\n<div class=\"gb-headline gb-headline-73127276 gb-headline-text\">Dresden, die wundersch\u00f6ne Stadt an der Elbe, hat auch bei schlechtem Wetter viel zu bieten. Wenn der Himmel grau ist und der Regen auf die Fenster prasselt, bedeutet das nicht, dass dein Date weniger romantisch oder spannend sein muss. Im Gegenteil! Hier sind 10 kreative Date Ideen f\u00fcr schlechtes Wetter &#8230; <a title=\"10 Date Ideen bei schlechtem Wetter in Dresden\" class=\"read-more\" href=\"https:\/\/www.funkenflug.app\/liebeskram\/date-ideen-schlechtes-wetter-dresden\/\" aria-label=\"Mehr Informationen \u00fcber 10 Date Ideen bei schlechtem Wetter in Dresden\">weiterlesen &#8230;<\/a><\/div>\n<\/div><\/div>\n\n<div class=\"gb-grid-column gb-grid-column-8c22cb1f gb-query-loop-item post-7476 post type-post status-publish format-standard has-post-thumbnail hentry category-dresden tag-dating-tipps-dresden tag-leute-kennenlernen-dresden\"><div class=\"gb-container gb-container-8c22cb1f\">\n<figure class=\"gb-block-image gb-block-image-8657d98a\"><img loading=\"lazy\" decoding=\"async\" width=\"900\" height=\"396\" src=\"https:\/\/www.funkenflug.app\/liebeskram\/wp-content\/uploads\/2024\/01\/neue-leute-kennenlernen-e1738685331398.jpg\" class=\"gb-image-8657d98a\" alt=\"So lernst du neue Leute kennen\" \/><\/figure>\n\n<h2 class=\"gb-headline gb-headline-a4a4182d gb-headline-text\"><span class=\"ez-toc-section\" id=\"neue_leute_kennenlernen_in_dresden_%e2%80%93_20_einfache_tipps\"><\/span><a href=\"https:\/\/www.funkenflug.app\/liebeskram\/leute-kennenlernen-dresden\/\">Neue Leute kennenlernen in Dresden &#8211; 20 einfache Tipps!<\/a><span class=\"ez-toc-section-end\"><\/span><\/h2>\n\n<div class=\"gb-headline gb-headline-73127276 gb-headline-text\">Du bist neu in der Stadt, gerade frisch getrennt oder willst einfach so neue Leute kennenlernen in Dresden?&nbsp; Ab einem gewissen Alter wird es immer schwieriger neue Leute kennenzulernen \u2013 immerhin verbringt man die meiste Zeit in der Arbeit. Wenn aber die Kollegen schon Familien haben oder nicht im passenden &#8230; <a title=\"Neue Leute kennenlernen in Dresden &#8211; 20 einfache Tipps!\" class=\"read-more\" href=\"https:\/\/www.funkenflug.app\/liebeskram\/leute-kennenlernen-dresden\/\" aria-label=\"Mehr Informationen \u00fcber Neue Leute kennenlernen in Dresden &#8211; 20 einfache Tipps!\">weiterlesen &#8230;<\/a><\/div>\n<\/div><\/div>\n\n<div class=\"gb-grid-column gb-grid-column-8c22cb1f gb-query-loop-item post-7294 post type-post status-publish format-standard has-post-thumbnail hentry category-dresden tag-bars-fuers-date tag-date-ideen\"><div class=\"gb-container gb-container-8c22cb1f\">\n<figure class=\"gb-block-image gb-block-image-8657d98a\"><img loading=\"lazy\" decoding=\"async\" width=\"1170\" height=\"515\" src=\"https:\/\/www.funkenflug.app\/liebeskram\/wp-content\/uploads\/2024\/02\/bars-fuhr-dates-in-dresden.jpg\" class=\"gb-image-8657d98a\" alt=\"Zwei Singles l\u00e4cheln sich in einer Bar an, w\u00e4hrend sie ein Getr\u00e4nk genie\u00dfen. Es zeigt wie wichtig Bars f\u00fcr Dates in Dresden sind.\" srcset=\"https:\/\/www.funkenflug.app\/liebeskram\/wp-content\/uploads\/2024\/02\/bars-fuhr-dates-in-dresden.jpg 1170w, https:\/\/www.funkenflug.app\/liebeskram\/wp-content\/uploads\/2024\/02\/bars-fuhr-dates-in-dresden-900x396.jpg 900w, https:\/\/www.funkenflug.app\/liebeskram\/wp-content\/uploads\/2024\/02\/bars-fuhr-dates-in-dresden-150x66.jpg 150w, https:\/\/www.funkenflug.app\/liebeskram\/wp-content\/uploads\/2024\/02\/bars-fuhr-dates-in-dresden-300x132.jpg 300w, https:\/\/www.funkenflug.app\/liebeskram\/wp-content\/uploads\/2024\/02\/bars-fuhr-dates-in-dresden-768x338.jpg 768w, https:\/\/www.funkenflug.app\/liebeskram\/wp-content\/uploads\/2024\/02\/bars-fuhr-dates-in-dresden-944x416.jpg 944w\" sizes=\"auto, (max-width: 1170px) 100vw, 1170px\" \/><\/figure>\n\n<h2 class=\"gb-headline gb-headline-a4a4182d gb-headline-text\"><span class=\"ez-toc-section\" id=\"die_7_besten_bars_fuer_dates_in_dresden\"><\/span><a href=\"https:\/\/www.funkenflug.app\/liebeskram\/bars-fuer-dates-in-dresden-tipps\/\">Die 7 besten Bars f\u00fcr Dates in Dresden<\/a><span class=\"ez-toc-section-end\"><\/span><\/h2>\n\n<div class=\"gb-headline gb-headline-73127276 gb-headline-text\">Die Auswahl an Bars f\u00fcr Dates in Dresden ist gro\u00df: von stilvoll und elegant bis locker und lebendig. Gerade f\u00fcr ein erstes Treffen bieten Bars die perfekte Mischung aus entspannter Atmosph\u00e4re und guten Drinks, sodass Gespr\u00e4che ganz nat\u00fcrlich entstehen k\u00f6nnen. Ob ruhige Cocktailbar oder lebendige Location in der Neustadt: Die richtige Bar macht euer Date unkompliziert und besonders.<\/div>\n<\/div><\/div>\n\n<div class=\"gb-grid-column gb-grid-column-8c22cb1f gb-query-loop-item post-7292 post type-post status-publish format-standard has-post-thumbnail hentry category-dresden tag-date-ideen\"><div class=\"gb-container gb-container-8c22cb1f\">\n<figure class=\"gb-block-image gb-block-image-8657d98a\"><img loading=\"lazy\" decoding=\"async\" width=\"900\" height=\"396\" src=\"https:\/\/www.funkenflug.app\/liebeskram\/wp-content\/uploads\/2024\/01\/image-1024x451-1-e1738685605799.png\" class=\"gb-image-8657d98a\" alt=\"\" \/><\/figure>\n\n<h2 class=\"gb-headline gb-headline-a4a4182d gb-headline-text\"><span class=\"ez-toc-section\" id=\"die_7_romantischsten_restaurants_fuer_dates_in_dresden\"><\/span><a href=\"https:\/\/www.funkenflug.app\/liebeskram\/restaurants-fuer-dates-in-dresden\/\">Die 7 romantischsten Restaurants f\u00fcr Dates in Dresden<\/a><span class=\"ez-toc-section-end\"><\/span><\/h2>\n\n<div class=\"gb-headline gb-headline-73127276 gb-headline-text\">Die Auswahl an Restaurants f\u00fcr Dates in Dresden ist gro\u00df: von gem\u00fctlich und romantisch bis modern und lebendig. Die richtige Location sorgt daf\u00fcr, dass ihr euch wohlf\u00fchlt und das Date ganz entspannt genie\u00dfen k\u00f6nnt. Egal ob erstes Kennenlernen oder besonderes Dinner: In Dresden findet ihr garantiert den passenden Ort daf\u00fcr.<\/div>\n<\/div><\/div>\n\n<div class=\"gb-grid-column gb-grid-column-8c22cb1f gb-query-loop-item post-7289 post type-post status-publish format-standard has-post-thumbnail hentry category-dresden tag-cafes-fuers-date tag-date-ideen\"><div class=\"gb-container gb-container-8c22cb1f\">\n<figure class=\"gb-block-image gb-block-image-8657d98a\"><img loading=\"lazy\" decoding=\"async\" width=\"1170\" height=\"515\" src=\"https:\/\/www.funkenflug.app\/liebeskram\/wp-content\/uploads\/2024\/02\/cafs-fuer-dates-in-dresden.jpg\" class=\"gb-image-8657d98a\" alt=\"Zwei Singles sitzen in einem Caf\u00e9, trinken Kaffee und unterhalten sich. Es zeigt wie wichtig Caf\u00e9s f\u00fcr Dates in Dresden sind.\" srcset=\"https:\/\/www.funkenflug.app\/liebeskram\/wp-content\/uploads\/2024\/02\/cafs-fuer-dates-in-dresden.jpg 1170w, https:\/\/www.funkenflug.app\/liebeskram\/wp-content\/uploads\/2024\/02\/cafs-fuer-dates-in-dresden-900x396.jpg 900w, https:\/\/www.funkenflug.app\/liebeskram\/wp-content\/uploads\/2024\/02\/cafs-fuer-dates-in-dresden-150x66.jpg 150w, https:\/\/www.funkenflug.app\/liebeskram\/wp-content\/uploads\/2024\/02\/cafs-fuer-dates-in-dresden-300x132.jpg 300w, https:\/\/www.funkenflug.app\/liebeskram\/wp-content\/uploads\/2024\/02\/cafs-fuer-dates-in-dresden-768x338.jpg 768w, https:\/\/www.funkenflug.app\/liebeskram\/wp-content\/uploads\/2024\/02\/cafs-fuer-dates-in-dresden-944x416.jpg 944w\" sizes=\"auto, (max-width: 1170px) 100vw, 1170px\" \/><\/figure>\n\n<h2 class=\"gb-headline gb-headline-a4a4182d gb-headline-text\"><span class=\"ez-toc-section\" id=\"die_7_besten_cafes_fuer_deine_dates_in_dresden\"><\/span><a href=\"https:\/\/www.funkenflug.app\/liebeskram\/cafes-fuer-dates-in-dresden\/\">Die 7 besten Caf\u00e9s f\u00fcr deine Dates in Dresden<\/a><span class=\"ez-toc-section-end\"><\/span><\/h2>\n\n<div class=\"gb-headline gb-headline-73127276 gb-headline-text\">Die Auswahl an Caf\u00e9s f\u00fcr Dates in Dresden ist vielseitig: von gem\u00fctlich und ruhig bis modern und lebendig. Gerade f\u00fcr ein erstes Treffen bieten Caf\u00e9s die perfekte Atmosph\u00e4re, um entspannt ins Gespr\u00e4ch zu kommen und sich n\u00e4her kennenzulernen. Ob bei Kaffee, Kuchen oder Fr\u00fchst\u00fcck: In Dresden findet ihr zahlreiche Orte, die euer Date unkompliziert und besonders machen.<\/div>\n<\/div><\/div>\n<\/div>\n\n<\/div>","protected":false},"excerpt":{"rendered":"<p>Hier findest du viele hilfreiche Tipps rund um das Thema Partnersuche und Kennenlernen in der wundersch\u00f6nen Stadt Dresden. Tauche ein in die Welt des Datings in Dresden und lass dich inspirieren.&nbsp;<\/p>\n","protected":false},"author":1,"featured_media":6639,"parent":6203,"menu_order":2,"comment_status":"closed","ping_status":"closed","template":"","meta":{"_acf_changed":false,"footnotes":""},"class_list":["post-6236","page","type-page","status-publish","has-post-thumbnail"],"acf":[],"_links":{"self":[{"href":"https:\/\/www.funkenflug.app\/liebeskram\/wp-json\/wp\/v2\/pages\/6236","targetHints":{"allow":["GET"]}}],"collection":[{"href":"https:\/\/www.funkenflug.app\/liebeskram\/wp-json\/wp\/v2\/pages"}],"about":[{"href":"https:\/\/www.funkenflug.app\/liebeskram\/wp-json\/wp\/v2\/types\/page"}],"author":[{"embeddable":true,"href":"https:\/\/www.funkenflug.app\/liebeskram\/wp-json\/wp\/v2\/users\/1"}],"replies":[{"embeddable":true,"href":"https:\/\/www.funkenflug.app\/liebeskram\/wp-json\/wp\/v2\/comments?post=6236"}],"version-history":[{"count":7,"href":"https:\/\/www.funkenflug.app\/liebeskram\/wp-json\/wp\/v2\/pages\/6236\/revisions"}],"predecessor-version":[{"id":9409,"href":"https:\/\/www.funkenflug.app\/liebeskram\/wp-json\/wp\/v2\/pages\/6236\/revisions\/9409"}],"up":[{"embeddable":true,"href":"https:\/\/www.funkenflug.app\/liebeskram\/wp-json\/wp\/v2\/pages\/6203"}],"wp:featuredmedia":[{"embeddable":true,"href":"https:\/\/www.funkenflug.app\/liebeskram\/wp-json\/wp\/v2\/media\/6639"}],"wp:attachment":[{"href":"https:\/\/www.funkenflug.app\/liebeskram\/wp-json\/wp\/v2\/media?parent=6236"}],"curies":[{"name":"wp","href":"https:\/\/api.w.org\/{rel}","templated":true}]}}