{"id":6239,"date":"2024-06-12T19:14:12","date_gmt":"2024-06-12T17:14:12","guid":{"rendered":"https:\/\/www.funkenflug.app\/liebeskram\/?page_id=6239"},"modified":"2024-12-12T14:52:10","modified_gmt":"2024-12-12T13:52:10","slug":"frankfurt","status":"publish","type":"page","link":"https:\/\/www.funkenflug.app\/liebeskram\/single-staedte\/frankfurt\/","title":{"rendered":"Frankfurt"},"content":{"rendered":"\n<figure class=\"wp-block-image size-full is-resized\"><img loading=\"lazy\" decoding=\"async\" width=\"1170\" height=\"515\" src=\"https:\/\/www.funkenflug.app\/liebeskram\/wp-content\/uploads\/2023\/12\/Single-Frankfurt-Tipps.jpg\" alt=\"\" class=\"wp-image-6635\" style=\"aspect-ratio:3.066666666666667;object-fit:cover;width:945px;height:auto\" srcset=\"https:\/\/www.funkenflug.app\/liebeskram\/wp-content\/uploads\/2023\/12\/Single-Frankfurt-Tipps.jpg 1170w, https:\/\/www.funkenflug.app\/liebeskram\/wp-content\/uploads\/2023\/12\/Single-Frankfurt-Tipps-900x396.jpg 900w, https:\/\/www.funkenflug.app\/liebeskram\/wp-content\/uploads\/2023\/12\/Single-Frankfurt-Tipps-150x66.jpg 150w, https:\/\/www.funkenflug.app\/liebeskram\/wp-content\/uploads\/2023\/12\/Single-Frankfurt-Tipps-300x132.jpg 300w, https:\/\/www.funkenflug.app\/liebeskram\/wp-content\/uploads\/2023\/12\/Single-Frankfurt-Tipps-768x338.jpg 768w, https:\/\/www.funkenflug.app\/liebeskram\/wp-content\/uploads\/2023\/12\/Single-Frankfurt-Tipps-944x416.jpg 944w\" sizes=\"auto, (max-width: 1170px) 100vw, 1170px\" \/><\/figure>\n\n\n\n<p><\/p>\n\n\n\n<p>Single in Frankfurt? Nicht mehr lange, denn mit unseren Tipps rund ums Single-Leben in der Main-Metroplole findest du ganz entspannt deine bessere H\u00e4lfte. Wir w\u00fcnschen dir viel Spa\u00df beim Lesen! <\/p>\n\n\n<div class=\"gb-container gb-container-ba02bb06\">\n\n<div class=\"gb-grid-wrapper gb-grid-wrapper-429e8375 gb-query-loop-wrapper\">\n<div class=\"gb-grid-column gb-grid-column-8c22cb1f gb-query-loop-item post-9365 post type-post status-publish format-standard has-post-thumbnail hentry category-frankfurt tag-frankfurt tag-single tag-weihnachten\"><div class=\"gb-container gb-container-8c22cb1f\">\n<figure class=\"gb-block-image gb-block-image-8657d98a\"><img loading=\"lazy\" decoding=\"async\" width=\"900\" height=\"396\" src=\"https:\/\/www.funkenflug.app\/liebeskram\/wp-content\/uploads\/2024\/12\/weihnachten-alleine-tipps-singles-e1738684054755.jpg\" class=\"gb-image-8657d98a\" alt=\"Single Freunde feiern zusammen Weihnachten\" \/><\/figure>\n\n<h2 class=\"gb-headline gb-headline-a4a4182d gb-headline-text\"><span class=\"ez-toc-section\" id=\"weihnachten_und_silvester_alleine_in_frankfurt_die_besten_tipps_fuer_singles\"><\/span><a href=\"https:\/\/www.funkenflug.app\/liebeskram\/weihnachten-und-silvester-frankfurt\/\">Weihnachten und Silvester alleine in Frankfurt? Die besten Tipps f\u00fcr Singles!<\/a><span class=\"ez-toc-section-end\"><\/span><\/h2>\n\n<div class=\"gb-headline gb-headline-73127276 gb-headline-text\">Entdecke, wie du Weihnachten und Silvester alleine in Frankfurt unvergesslich gestalten kannst: Tipps, Aktivit\u00e4ten und neue Kontakte in der festlichen Zeit.<\/div>\n<\/div><\/div>\n\n<div class=\"gb-grid-column gb-grid-column-8c22cb1f gb-query-loop-item post-7456 post type-post status-publish format-standard has-post-thumbnail hentry category-frankfurt tag-dating-tipps-frankfurt tag-leute-kennenlernen-frankfurt\"><div class=\"gb-container gb-container-8c22cb1f\">\n<figure class=\"gb-block-image gb-block-image-8657d98a\"><img loading=\"lazy\" decoding=\"async\" width=\"900\" height=\"396\" src=\"https:\/\/www.funkenflug.app\/liebeskram\/wp-content\/uploads\/2024\/01\/neue-leute-kennenlernen-e1738685331398.jpg\" class=\"gb-image-8657d98a\" alt=\"So lernst du neue Leute kennen\" \/><\/figure>\n\n<h2 class=\"gb-headline gb-headline-a4a4182d gb-headline-text\"><span class=\"ez-toc-section\" id=\"neue_leute_kennenlernen_in_frankfurt_%e2%80%93_27_einfache_tipps\"><\/span><a href=\"https:\/\/www.funkenflug.app\/liebeskram\/leute-kennenlernen-frankfurt\/\">Neue Leute kennenlernen in Frankfurt &#8211; 27 einfache Tipps!<\/a><span class=\"ez-toc-section-end\"><\/span><\/h2>\n\n<div class=\"gb-headline gb-headline-73127276 gb-headline-text\">Du bist neu in der Stadt, gerade frisch getrennt oder willst einfach so neue Leute kennenlernen in Frankfurt?&nbsp; Ab einem gewissen Alter wird es immer schwieriger neue Leute kennenzulernen \u2013 immerhin verbringt man die meiste Zeit in der Arbeit. Wenn aber die Kollegen schon Familien haben oder nicht im passenden &#8230; <a title=\"Neue Leute kennenlernen in Frankfurt &#8211; 27 einfache Tipps!\" class=\"read-more\" href=\"https:\/\/www.funkenflug.app\/liebeskram\/leute-kennenlernen-frankfurt\/\" aria-label=\"Mehr Informationen \u00fcber Neue Leute kennenlernen in Frankfurt &#8211; 27 einfache Tipps!\">weiterlesen &#8230;<\/a><\/div>\n<\/div><\/div>\n\n<div class=\"gb-grid-column gb-grid-column-8c22cb1f gb-query-loop-item post-7308 post type-post status-publish format-standard has-post-thumbnail hentry category-frankfurt tag-restaurants-date tag-restaurants-date-frankfurt\"><div class=\"gb-container gb-container-8c22cb1f\">\n<figure class=\"gb-block-image gb-block-image-8657d98a\"><img loading=\"lazy\" decoding=\"async\" width=\"944\" height=\"416\" src=\"https:\/\/www.funkenflug.app\/liebeskram\/wp-content\/uploads\/2024\/02\/restaurants-date-tipps.png\" class=\"gb-image-8657d98a\" alt=\"Tipps f\u00fcr romantische Restaurants f\u00fcrs Date\" srcset=\"https:\/\/www.funkenflug.app\/liebeskram\/wp-content\/uploads\/2024\/02\/restaurants-date-tipps.png 944w, https:\/\/www.funkenflug.app\/liebeskram\/wp-content\/uploads\/2024\/02\/restaurants-date-tipps-900x397.png 900w, https:\/\/www.funkenflug.app\/liebeskram\/wp-content\/uploads\/2024\/02\/restaurants-date-tipps-150x66.png 150w, https:\/\/www.funkenflug.app\/liebeskram\/wp-content\/uploads\/2024\/02\/restaurants-date-tipps-300x132.png 300w, https:\/\/www.funkenflug.app\/liebeskram\/wp-content\/uploads\/2024\/02\/restaurants-date-tipps-768x338.png 768w\" sizes=\"auto, (max-width: 944px) 100vw, 944px\" \/><\/figure>\n\n<h2 class=\"gb-headline gb-headline-a4a4182d gb-headline-text\"><span class=\"ez-toc-section\" id=\"die_7_schoensten_restaurants_fuer_ein_romantisches_dinner_in_frankfurt\"><\/span><a href=\"https:\/\/www.funkenflug.app\/liebeskram\/restaurants-date-frankfurt\/\">Die 7 sch\u00f6nsten Restaurants f\u00fcr ein romantisches Dinner in Frankfurt<\/a><span class=\"ez-toc-section-end\"><\/span><\/h2>\n\n<div class=\"gb-headline gb-headline-73127276 gb-headline-text\">Das Online-Dating war erfolgreich, du hast ein Kribbeln im Bauch und heute ist es endlich soweit: Euer erstes Date in Frankfurt steht an? Ihr wollt romantisch essen gehen, wisst aber nicht, wohin? Wir verraten euch, welche Restaurants f\u00fcrs Date in Frankfurt zum Verlieben einfach perfekt sind und wo du deinen &#8230; <a title=\"Die 7 sch\u00f6nsten Restaurants f\u00fcr ein romantisches Dinner in Frankfurt\" class=\"read-more\" href=\"https:\/\/www.funkenflug.app\/liebeskram\/restaurants-date-frankfurt\/\" aria-label=\"Mehr Informationen \u00fcber Die 7 sch\u00f6nsten Restaurants f\u00fcr ein romantisches Dinner in Frankfurt\">weiterlesen &#8230;<\/a><\/div>\n<\/div><\/div>\n\n<div class=\"gb-grid-column gb-grid-column-8c22cb1f gb-query-loop-item post-7305 post type-post status-publish format-standard has-post-thumbnail hentry category-frankfurt tag-bars-date tag-bars-date-frankfurt\"><div class=\"gb-container gb-container-8c22cb1f\">\n<figure class=\"gb-block-image gb-block-image-8657d98a\"><img loading=\"lazy\" decoding=\"async\" width=\"944\" height=\"416\" src=\"https:\/\/www.funkenflug.app\/liebeskram\/wp-content\/uploads\/2024\/02\/coole-bars-fuers-date.jpg\" class=\"gb-image-8657d98a\" alt=\"Mann und Frau flirtet in einer Bar\" srcset=\"https:\/\/www.funkenflug.app\/liebeskram\/wp-content\/uploads\/2024\/02\/coole-bars-fuers-date.jpg 944w, https:\/\/www.funkenflug.app\/liebeskram\/wp-content\/uploads\/2024\/02\/coole-bars-fuers-date-900x397.jpg 900w, https:\/\/www.funkenflug.app\/liebeskram\/wp-content\/uploads\/2024\/02\/coole-bars-fuers-date-150x66.jpg 150w, https:\/\/www.funkenflug.app\/liebeskram\/wp-content\/uploads\/2024\/02\/coole-bars-fuers-date-300x132.jpg 300w, https:\/\/www.funkenflug.app\/liebeskram\/wp-content\/uploads\/2024\/02\/coole-bars-fuers-date-768x338.jpg 768w\" sizes=\"auto, (max-width: 944px) 100vw, 944px\" \/><\/figure>\n\n<h2 class=\"gb-headline gb-headline-a4a4182d gb-headline-text\"><span class=\"ez-toc-section\" id=\"die_7_coolsten_bars_fuers_date_in_frankfurt\"><\/span><a href=\"https:\/\/www.funkenflug.app\/liebeskram\/bars-date-frankfurt-2\/\">Die 7 coolsten Bars f\u00fcrs Date in Frankfurt<\/a><span class=\"ez-toc-section-end\"><\/span><\/h2>\n\n<div class=\"gb-headline gb-headline-73127276 gb-headline-text\">Du hast&nbsp;online bei den Frankfurter Singles jemanden kennen gelernt, der dein Herz schneller schlagen l\u00e4sst? Ihr habt euch geschrieben und telefoniert und jetzt wollt ihr euch endlich zu einem Date in einer Bar verabreden. Bars gibt es in Frankfurt ja viele, doch wie findet ihr die richtige Bar f\u00fcr euer &#8230; <a title=\"Die 7 coolsten Bars f\u00fcrs Date in Frankfurt\" class=\"read-more\" href=\"https:\/\/www.funkenflug.app\/liebeskram\/bars-date-frankfurt-2\/\" aria-label=\"Mehr Informationen \u00fcber Die 7 coolsten Bars f\u00fcrs Date in Frankfurt\">weiterlesen &#8230;<\/a><\/div>\n<\/div><\/div>\n\n<div class=\"gb-grid-column gb-grid-column-8c22cb1f gb-query-loop-item post-7296 post type-post status-publish format-standard has-post-thumbnail hentry category-frankfurt tag-cafes-fuers-date-2 tag-date-ideen\"><div class=\"gb-container gb-container-8c22cb1f\">\n<figure class=\"gb-block-image gb-block-image-8657d98a\"><img loading=\"lazy\" decoding=\"async\" width=\"1170\" height=\"515\" src=\"https:\/\/www.funkenflug.app\/liebeskram\/wp-content\/uploads\/2024\/01\/cafes-date.jpeg\" class=\"gb-image-8657d98a\" alt=\"\" srcset=\"https:\/\/www.funkenflug.app\/liebeskram\/wp-content\/uploads\/2024\/01\/cafes-date.jpeg 1170w, https:\/\/www.funkenflug.app\/liebeskram\/wp-content\/uploads\/2024\/01\/cafes-date-900x396.jpeg 900w, https:\/\/www.funkenflug.app\/liebeskram\/wp-content\/uploads\/2024\/01\/cafes-date-150x66.jpeg 150w, https:\/\/www.funkenflug.app\/liebeskram\/wp-content\/uploads\/2024\/01\/cafes-date-300x132.jpeg 300w, https:\/\/www.funkenflug.app\/liebeskram\/wp-content\/uploads\/2024\/01\/cafes-date-768x338.jpeg 768w, https:\/\/www.funkenflug.app\/liebeskram\/wp-content\/uploads\/2024\/01\/cafes-date-944x416.jpeg 944w\" sizes=\"auto, (max-width: 1170px) 100vw, 1170px\" \/><\/figure>\n\n<h2 class=\"gb-headline gb-headline-a4a4182d gb-headline-text\"><span class=\"ez-toc-section\" id=\"7_cafes_fuers_date_in_frankfurt\"><\/span><a href=\"https:\/\/www.funkenflug.app\/liebeskram\/cafes-date-frankfurt\/\">7 Caf\u00e9s f\u00fcrs Date in Frankfurt<\/a><span class=\"ez-toc-section-end\"><\/span><\/h2>\n\n<div class=\"gb-headline gb-headline-73127276 gb-headline-text\">Du hast online jemanden kennengelernt, der deine Gef\u00fchle verr\u00fcckt spielen l\u00e4sst? Ihr habt wochenlang geschrieben und jetzt wollt ihr euch&nbsp;in einem Caf\u00e9 zum ersten Date in Frankfurt verabreden. M\u00f6glichkeiten habt ihr viele, doch&nbsp;welches Caf\u00e9 eignet sich&nbsp;am Besten&nbsp;f\u00fcr euer erstes Date?&nbsp; Um euch die Planung etwas zu erleichtern, verraten wir dir &#8230; <a title=\"7 Caf\u00e9s f\u00fcrs Date in Frankfurt\" class=\"read-more\" href=\"https:\/\/www.funkenflug.app\/liebeskram\/cafes-date-frankfurt\/\" aria-label=\"Mehr Informationen \u00fcber 7 Caf\u00e9s f\u00fcrs Date in Frankfurt\">weiterlesen &#8230;<\/a><\/div>\n<\/div><\/div>\n<\/div>\n\n<\/div>","protected":false},"excerpt":{"rendered":"<p>Single in Frankfurt? Nicht mehr lange, denn mit unseren Tipps rund ums Single-Leben in der Main-Metroplole findest du ganz entspannt deine bessere H\u00e4lfte. Wir w\u00fcnschen dir viel Spa\u00df beim Lesen!<\/p>\n","protected":false},"author":1,"featured_media":6635,"parent":6203,"menu_order":2,"comment_status":"closed","ping_status":"closed","template":"","meta":{"_acf_changed":false,"footnotes":""},"class_list":["post-6239","page","type-page","status-publish","has-post-thumbnail"],"acf":[],"_links":{"self":[{"href":"https:\/\/www.funkenflug.app\/liebeskram\/wp-json\/wp\/v2\/pages\/6239","targetHints":{"allow":["GET"]}}],"collection":[{"href":"https:\/\/www.funkenflug.app\/liebeskram\/wp-json\/wp\/v2\/pages"}],"about":[{"href":"https:\/\/www.funkenflug.app\/liebeskram\/wp-json\/wp\/v2\/types\/page"}],"author":[{"embeddable":true,"href":"https:\/\/www.funkenflug.app\/liebeskram\/wp-json\/wp\/v2\/users\/1"}],"replies":[{"embeddable":true,"href":"https:\/\/www.funkenflug.app\/liebeskram\/wp-json\/wp\/v2\/comments?post=6239"}],"version-history":[{"count":15,"href":"https:\/\/www.funkenflug.app\/liebeskram\/wp-json\/wp\/v2\/pages\/6239\/revisions"}],"predecessor-version":[{"id":9410,"href":"https:\/\/www.funkenflug.app\/liebeskram\/wp-json\/wp\/v2\/pages\/6239\/revisions\/9410"}],"up":[{"embeddable":true,"href":"https:\/\/www.funkenflug.app\/liebeskram\/wp-json\/wp\/v2\/pages\/6203"}],"wp:featuredmedia":[{"embeddable":true,"href":"https:\/\/www.funkenflug.app\/liebeskram\/wp-json\/wp\/v2\/media\/6635"}],"wp:attachment":[{"href":"https:\/\/www.funkenflug.app\/liebeskram\/wp-json\/wp\/v2\/media?parent=6239"}],"curies":[{"name":"wp","href":"https:\/\/api.w.org\/{rel}","templated":true}]}}